{"id":22483,"date":"2024-04-19T13:01:29","date_gmt":"2024-04-19T10:01:29","guid":{"rendered":"https:\/\/zooprekes24.lt\/produktas\/brit-care-mini-yorkshire\/"},"modified":"2026-03-02T14:34:00","modified_gmt":"2026-03-02T12:34:00","slug":"brit-care-mini-yorkshire","status":"publish","type":"product","link":"https:\/\/zooprekes24.lt\/et\/produktas\/brit-care-mini-yorkshire\/","title":{"rendered":"Brit Care Mini Yorkshire kuivtoit koertele"},"content":{"rendered":"<h3>Brit Care Mini Yorkshire - tugevdab v\u00e4ikeste koerte immuunsust, s\u00fcdant, karvkatte, nahka ja hambaid. L\u00f5he ja tuunikala - esmaklassilised valguallikad, mis on v\u00e4ga toitvad ja allergiavabad. V\u00e4rske kala sisaldab rohkelt asendamatuid rasvhappeid, mis toidavad koera lihaseid ja kudesid.<\/h3>\n<p>Miks valida <a href=\"https:\/\/zooprekes24.lt\/et\/?s=Brit+Care+Mini&amp;post_type=product&amp;product_cat=0\" target=\"_blank\" rel=\"noopener noreferrer\">Brit Care Mini<\/a> Yorkshire'i kuivtoit? Brit Care Mini on ainus teraviljavaba toiduliin v\u00e4ikestele koertele, mis on m\u00f5eldud k\u00f5ikidele eluetappidele ja nende erivajadustele. Peamised eelised on seeditavus ja maitse t\u00e4nu v\u00e4rskele valgule ja \"ennetavale toitumisele\". <a href=\"https:\/\/brit-petfood.com\/lt\/brit-care-mini\" target=\"_blank\" rel=\"noopener noreferrer\">Toitumise ennetamine<\/a>) filosoofia, mis v\u00e4ikeste koerte puhul t\u00e4hendab immuuns\u00fcsteemi toetavate looduslike koostisosade koostist.<\/p>","protected":false},"excerpt":{"rendered":"<p>Brit Care Mini Yorkshire &#8211; stiprina ma\u017e\u0173 \u0161un\u0173 imunitet\u0105, \u0161ird\u012f, kail\u012f, od\u0105 ir dantis. La\u0161i\u0161a ir tunas &#8211; auk\u0161\u010diausios kokyb\u0117s baltym\u0173 \u0161altiniai kurie yra itin maistingi ir nesukelia alergijos. \u0160vie\u017eioje \u017euvyje gausu pagrindini\u0173 riebi\u0173j\u0173 r\u016bg\u0161\u010di\u0173, maitinan\u010di\u0173 augintio raumenis bei audinius. Kod\u0117l verta rinktis Brit Care Mini Yorkshire saus\u0105 \u0161un\u0173 maist\u0105? Brit Care Mini &#8211; tai&#8230;<\/p>","protected":false},"featured_media":27739,"comment_status":"closed","ping_status":"closed","template":"","meta":{"_acf_changed":false,"slim_seo":{"title":"Brit Care Mini Yorkshire sausas maistas \u0161unims - Zooprekes24","description":"Brit Care Mini Yorkshire - tugevdab v\u00e4ikeste koerte immuunsust, s\u00fcdant, karvkatte, nahka ja hambaid. L\u00f5he ja tuunikala - esmaklassilised valguallikad, mis on v\u00e4ga toitvad."},"iawp_total_views":179},"product_brand":[],"product_cat":[9001,9029,9002,8999,29,31],"product_tag":[176,177,555,200],"class_list":{"0":"post-22483","1":"product","2":"type-product","3":"status-publish","4":"has-post-thumbnail","6":"product_cat-begrudis-maistas","7":"product_cat-brit-care","8":"product_cat-sausas-maistas","9":"product_cat-sunims","10":"product_cat-sunu-maistas","11":"product_cat-sunu-prekiu-gamintojai","12":"product_tag-begrudis-sunu-maistas","13":"product_tag-edalas-sunims","14":"product_tag-hipoalerginis","15":"product_tag-super-premium-maistas-sunims","16":"pa_pasaro-sudetis-darzoves","17":"pa_pasaro-sudetis-lasisa","18":"pa_pasaro-sudetis-tunas","19":"pa_pasaro-sudetis-uogos","20":"pa_pasaro-sudetis-vaisiai","21":"pa_pasaro-sudetis-zuvis","22":"pa_prekiu-zenklai-brit-care","23":"pa_suns-amzius-suaugusiems","24":"pa_veisles-dydis-mazoms-veislems","26":"first","27":"instock","28":"featured","29":"taxable","30":"shipping-taxable","31":"purchasable","32":"product-type-variable"},"acf":[],"_links":{"self":[{"href":"https:\/\/zooprekes24.lt\/et\/wp-json\/wp\/v2\/product\/22483","targetHints":{"allow":["GET"]}}],"collection":[{"href":"https:\/\/zooprekes24.lt\/et\/wp-json\/wp\/v2\/product"}],"about":[{"href":"https:\/\/zooprekes24.lt\/et\/wp-json\/wp\/v2\/types\/product"}],"replies":[{"embeddable":true,"href":"https:\/\/zooprekes24.lt\/et\/wp-json\/wp\/v2\/comments?post=22483"}],"wp:featuredmedia":[{"embeddable":true,"href":"https:\/\/zooprekes24.lt\/et\/wp-json\/wp\/v2\/media\/27739"}],"wp:attachment":[{"href":"https:\/\/zooprekes24.lt\/et\/wp-json\/wp\/v2\/media?parent=22483"}],"wp:term":[{"taxonomy":"product_brand","embeddable":true,"href":"https:\/\/zooprekes24.lt\/et\/wp-json\/wp\/v2\/product_brand?post=22483"},{"taxonomy":"product_cat","embeddable":true,"href":"https:\/\/zooprekes24.lt\/et\/wp-json\/wp\/v2\/product_cat?post=22483"},{"taxonomy":"product_tag","embeddable":true,"href":"https:\/\/zooprekes24.lt\/et\/wp-json\/wp\/v2\/product_tag?post=22483"}],"curies":[{"name":"wp","href":"https:\/\/api.w.org\/{rel}","templated":true}]}}