{"id":22477,"date":"2024-04-19T13:01:29","date_gmt":"2024-04-19T10:01:29","guid":{"rendered":"https:\/\/zooprekes24.lt\/produktas\/acana-adult-small-breed-sunims\/"},"modified":"2025-09-04T10:57:51","modified_gmt":"2025-09-04T08:57:51","slug":"acana-taiskasvanud-vaikeste-tougude-paikesepiiritus","status":"publish","type":"product","link":"https:\/\/zooprekes24.lt\/et\/produktas\/acana-adult-small-breed-sunims\/","title":{"rendered":"Acana Adult Small Breed kuivtoit koertele"},"content":{"rendered":"<h3>Acana Adult Small Breed sisaldab puuris kasvatamata kanaliha, looduslikku lesta ja pesamune. K\u00f5ik tarnitakse v\u00e4rskelt <a href=\"https:\/\/www.acanapetfoods.co.uk\/about-acana\/biologically-appropriate\/wholeprey-meat-ratios\/\" target=\"_blank\" rel=\"noopener noreferrer\">WholePrey\u2122<\/a> m\u00f5iste (kogusaak). Iga s\u00f6\u00f6dat\u00fckk on rikkalikult <a href=\"https:\/\/zooprekes24.lt\/et\/?s=omega&amp;post_type=product&amp;product_cat=0\" target=\"_blank\" rel=\"noopener noreferrer\">Omega 3<\/a> (DHA, EPA), mis on ekstraheeritud looduslikust lestast, mis on kasulik immuunsuse tugevdamiseks ning suurep\u00e4rase naha ja karvkatte seisundi parandamiseks.<\/h3>\n<p>See sisaldab palju valke ja v\u00e4he s\u00fcsivesikuid ning ei sisalda rukist, nisu ega maisi, mis sageli p\u00f5hjustavad allergiat, vaid hoopis puuvilju, k\u00f6\u00f6givilju ja taimi. Valmistatakse auhinnatud k\u00f6\u00f6gis parimatest ja v\u00e4rsketest koostisosadest, <a href=\"https:\/\/www.acanapetfoods.co.uk\/about-acana\/biologically-appropriate\/\" target=\"_blank\" rel=\"noopener noreferrer\">Bioloogiliselt sobiv\u2122<\/a> Acana Adult Small Breed'i (biosaadav) koostis tagab, et teie koer on terve, \u00f5nnelik ja tugev.<\/p>","protected":false},"excerpt":{"rendered":"<p>Acana Adult Small Breed maisto sud\u0117tyje ne narvuose u\u017eauginta vi\u0161tienos m\u0117sa, laukin\u0117 plek\u0161n\u0117 ir lizduose pad\u0117ti kiau\u0161iniai. Viskas pristatoma \u0161vie\u017eia laikantis WholePrey\u2122 (viso grobio) koncepcijos. Kiekviename pa\u0161aro k\u0105snelyje gausu Omega 3 (DHA, EPA) i\u0161gaunamo i\u0161 laukini\u0173 plek\u0161ni\u0173, kuris naudingas imuniteto stiprinimui ir puikiam odos ir kailio b\u016bkl\u0117s puosel\u0117jimui. Pa\u0161are daug baltym\u0173 ir ma\u017eai angliavandeni\u0173, n\u0117ra&#8230;<\/p>","protected":false},"featured_media":19748,"comment_status":"closed","ping_status":"closed","template":"","meta":{"_acf_changed":false,"slim_seo":{"title":"Acana Adult Small Breed sausas maistas \u0161unims - Zooprekes24","description":"Acana Adult Small Breed sisaldab puuris kasvatamata kanaliha, looduslikku lesta ja pesamune. K\u00f5ik tarnitakse v\u00e4rskelt"},"iawp_total_views":225},"product_brand":[],"product_cat":[9000,9001,9002,8999,29,31],"product_tag":[176,177,200],"class_list":{"0":"post-22477","1":"product","2":"type-product","3":"status-publish","4":"has-post-thumbnail","6":"product_cat-acana","7":"product_cat-begrudis-maistas","8":"product_cat-sausas-maistas","9":"product_cat-sunims","10":"product_cat-sunu-maistas","11":"product_cat-sunu-prekiu-gamintojai","12":"product_tag-begrudis-sunu-maistas","13":"product_tag-edalas-sunims","14":"product_tag-super-premium-maistas-sunims","15":"pa_pasaro-sudetis-darzoves","16":"pa_pasaro-sudetis-kiausiniai","17":"pa_pasaro-sudetis-uogos","18":"pa_pasaro-sudetis-vaisiai","19":"pa_pasaro-sudetis-vistiena","20":"pa_pasaro-sudetis-zuvis","21":"pa_prekiu-zenklai-acana","22":"pa_suns-amzius-suaugusiems","23":"pa_veisles-dydis-mazoms-veislems","25":"first","26":"instock","27":"featured","28":"taxable","29":"shipping-taxable","30":"purchasable","31":"product-type-variable"},"acf":[],"_links":{"self":[{"href":"https:\/\/zooprekes24.lt\/et\/wp-json\/wp\/v2\/product\/22477","targetHints":{"allow":["GET"]}}],"collection":[{"href":"https:\/\/zooprekes24.lt\/et\/wp-json\/wp\/v2\/product"}],"about":[{"href":"https:\/\/zooprekes24.lt\/et\/wp-json\/wp\/v2\/types\/product"}],"replies":[{"embeddable":true,"href":"https:\/\/zooprekes24.lt\/et\/wp-json\/wp\/v2\/comments?post=22477"}],"wp:featuredmedia":[{"embeddable":true,"href":"https:\/\/zooprekes24.lt\/et\/wp-json\/wp\/v2\/media\/19748"}],"wp:attachment":[{"href":"https:\/\/zooprekes24.lt\/et\/wp-json\/wp\/v2\/media?parent=22477"}],"wp:term":[{"taxonomy":"product_brand","embeddable":true,"href":"https:\/\/zooprekes24.lt\/et\/wp-json\/wp\/v2\/product_brand?post=22477"},{"taxonomy":"product_cat","embeddable":true,"href":"https:\/\/zooprekes24.lt\/et\/wp-json\/wp\/v2\/product_cat?post=22477"},{"taxonomy":"product_tag","embeddable":true,"href":"https:\/\/zooprekes24.lt\/et\/wp-json\/wp\/v2\/product_tag?post=22477"}],"curies":[{"name":"wp","href":"https:\/\/api.w.org\/{rel}","templated":true}]}}