{"id":22476,"date":"2024-04-19T13:01:29","date_gmt":"2024-04-19T10:01:29","guid":{"rendered":"https:\/\/zooprekes24.lt\/produktas\/acana-ranchlands-sunims\/"},"modified":"2024-09-26T13:41:45","modified_gmt":"2024-09-26T10:41:45","slug":"acana-ranchlands-sunims","status":"publish","type":"product","link":"https:\/\/zooprekes24.lt\/et\/produktas\/acana-ranchlands-sunims\/","title":{"rendered":"Acana Ranchlands kuivtoit koertele"},"content":{"rendered":"<h3>Acana Ranchlandsi toit sisaldab Anguse veiseliha, rohus\u00f6\u00f6daga lambaliha, Yorkshire'i sealiha, p\u00fchvliliha ja loodusliku tuura liha. K\u00f5ik tarnitakse v\u00e4rskelt vastavalt <a href=\"https:\/\/www.acanapetfoods.co.uk\/about-acana\/biologically-appropriate\/wholeprey-meat-ratios\/\" target=\"_blank\" rel=\"noopener noreferrer\">WholePrey\u2122<\/a> m\u00f5iste (kogusaak).<\/h3>\n<p>Iga s\u00f6\u00f6dapala on rikkalik\u00a0<a href=\"https:\/\/zooprekes24.lt\/et\/?s=omega+3+sunims&amp;post_type=product&amp;product_cat=0\" target=\"_blank\" rel=\"noopener noreferrer\">Omega 3<\/a> (DHA, EPA), mis on ekstraheeritud looduslikust tuurist, mis on kasulik immuunsuse tugevdamiseks ning suurep\u00e4rase naha ja karvkatte seisundi parandamiseks. V\u00f5rreldes tavap\u00e4rase s\u00f6\u00f6daga annab see toit rohkem kaloreid valkudest ja rasvadest ning v\u00e4hem kaloreid s\u00fcsivesikutest, mis v\u00e4hendab \u00fclekaalulisuse ja diabeedi riski. Valmistatud auhinnatud k\u00f6\u00f6gis parimatest ja v\u00e4rsketest koostisosadest, <a href=\"https:\/\/www.acanapetfoods.co.uk\/about-acana\/biologically-appropriate\/\" target=\"_blank\" rel=\"noopener noreferrer\">Bioloogiliselt sobiv\u2122<\/a> Acana Ranchlandsi (bioloogiliselt sobiv) koostis tagab, et teie koer on terve, \u00f5nnelik ja tugev.<\/p>","protected":false},"excerpt":{"rendered":"<p>Acana Ranchlands maisto sud\u0117tyje Angus veisl\u0117s jautiena, \u017eole maitint\u0173 \u0117riuk\u0173 m\u0117sa, Jork\u0161yro kiauliena, bizoniena bei laukinis starkis. Viskas pristatoma \u0161vie\u017eia laikantis WholePrey\u2122 (viso grobio) koncepcijos. Kiekviename pa\u0161aro k\u0105snelyje gausu\u00a0Omega 3 (DHA, EPA)\u00a0i\u0161gaunamo i\u0161 laukini\u0173 starki\u0173, kuris naudingas\u00a0imuniteto stiprinimui ir puikiam odos ir kailio b\u016bkl\u0117s puosel\u0117jimui. Lyginant su \u012fprastiniais pa\u0161arais, \u0161i\u0161 maistas suteikia daugiau kalorij\u0173 i\u0161&#8230;<\/p>","protected":false},"featured_media":19746,"comment_status":"closed","ping_status":"closed","template":"","meta":{"_acf_changed":false,"slim_seo":{"title":"Acana Ranchlands sausas maistas \u0161unims - Zooprekes24","description":"Acana Ranchlands maisto sud\u0117tyje Angus veisl\u0117s jautiena, \u017eole maitint\u0173 \u0117riuk\u0173 m\u0117sa, Jork\u0161yro kiauliena, bizoniena bei laukinis starkis. Viskas pristatoma \u0161vie\u017ei"},"iawp_total_views":126},"product_brand":[],"product_cat":[9000,9001,9002,8999,29,31],"product_tag":[176,177,200],"class_list":{"0":"post-22476","1":"product","2":"type-product","3":"status-publish","4":"has-post-thumbnail","6":"product_cat-acana","7":"product_cat-begrudis-maistas","8":"product_cat-sausas-maistas","9":"product_cat-sunims","10":"product_cat-sunu-maistas","11":"product_cat-sunu-prekiu-gamintojai","12":"product_tag-begrudis-sunu-maistas","13":"product_tag-edalas-sunims","14":"product_tag-super-premium-maistas-sunims","15":"pa_pasaro-sudetis-bizoniena","16":"pa_pasaro-sudetis-darzoves","17":"pa_pasaro-sudetis-eriena","18":"pa_pasaro-sudetis-jautiena","19":"pa_pasaro-sudetis-kiauliena","20":"pa_pasaro-sudetis-uogos","21":"pa_pasaro-sudetis-vaisiai","22":"pa_pasaro-sudetis-zuvis","23":"pa_prekiu-zenklai-acana","24":"pa_suns-amzius-jauniems","25":"pa_suns-amzius-senjorams","26":"pa_suns-amzius-suaugusiems","27":"pa_suns-amzius-visiems-amziams","28":"pa_veisles-dydis-didelems-veislems","29":"pa_veisles-dydis-mazoms-veislems","30":"pa_veisles-dydis-vidutinems-veislems","31":"pa_veisles-dydis-visu-dydziu-veislems","33":"first","34":"instock","35":"featured","36":"taxable","37":"shipping-taxable","38":"purchasable","39":"product-type-variable"},"acf":[],"_links":{"self":[{"href":"https:\/\/zooprekes24.lt\/et\/wp-json\/wp\/v2\/product\/22476","targetHints":{"allow":["GET"]}}],"collection":[{"href":"https:\/\/zooprekes24.lt\/et\/wp-json\/wp\/v2\/product"}],"about":[{"href":"https:\/\/zooprekes24.lt\/et\/wp-json\/wp\/v2\/types\/product"}],"replies":[{"embeddable":true,"href":"https:\/\/zooprekes24.lt\/et\/wp-json\/wp\/v2\/comments?post=22476"}],"wp:featuredmedia":[{"embeddable":true,"href":"https:\/\/zooprekes24.lt\/et\/wp-json\/wp\/v2\/media\/19746"}],"wp:attachment":[{"href":"https:\/\/zooprekes24.lt\/et\/wp-json\/wp\/v2\/media?parent=22476"}],"wp:term":[{"taxonomy":"product_brand","embeddable":true,"href":"https:\/\/zooprekes24.lt\/et\/wp-json\/wp\/v2\/product_brand?post=22476"},{"taxonomy":"product_cat","embeddable":true,"href":"https:\/\/zooprekes24.lt\/et\/wp-json\/wp\/v2\/product_cat?post=22476"},{"taxonomy":"product_tag","embeddable":true,"href":"https:\/\/zooprekes24.lt\/et\/wp-json\/wp\/v2\/product_tag?post=22476"}],"curies":[{"name":"wp","href":"https:\/\/api.w.org\/{rel}","templated":true}]}}