{"id":22474,"date":"2024-04-19T13:01:29","date_gmt":"2024-04-19T10:01:29","guid":{"rendered":"https:\/\/zooprekes24.lt\/produktas\/acana-yorkshire-pork-sunims\/"},"modified":"2025-04-08T12:08:29","modified_gmt":"2025-04-08T10:08:29","slug":"acana-yorkshire-sea-sunims","status":"publish","type":"product","link":"https:\/\/zooprekes24.lt\/et\/produktas\/acana-yorkshire-pork-sunims\/","title":{"rendered":"Acana Yorkshire Pork kuivtoit koertele"},"content":{"rendered":"<h3>Acana Yorkshire Pork p\u00f5hineb Yorkshire'i sealihal (50%) ja sisaldab piiratud koguses koostisosi, <a href=\"https:\/\/zooprekes24.lt\/et\/?s=vaisiai+ir+darzoves&amp;post_type=product&amp;product_cat=0\" target=\"_blank\" rel=\"noopener noreferrer\">puu- ja k\u00f6\u00f6giviljad<\/a> (50%). K\u00f5ik tarnitakse v\u00e4rskelt vastavalt <a href=\"https:\/\/www.acanapetfoods.co.uk\/about-acana\/biologically-appropriate\/wholeprey-meat-ratios\/\" target=\"_blank\" rel=\"noopener noreferrer\">WholePrey\u2122<\/a> m\u00f5iste (kogusaak).<\/h3>\n<p>Piiratud koostisega dieet, mis sobib eriti h\u00e4sti tundliku seedes\u00fcsteemiga koertele. Orgaanilised merek\u00f6\u00f6giviljad ja taimeekstraktid, sealhulgas kadakamarjad, lavendlililled, p\u00e4ikesekuivatatud lutsern ja piparm\u00fcndilehed parandavad koera ainevahetust ja toniseerivad seedetrakti. Valmistatud auhinnatud k\u00f6\u00f6gis parimatest ja v\u00e4rsketest koostisosadest, <a href=\"https:\/\/www.acanapetfoods.co.uk\/about-acana\/biologically-appropriate\/\" target=\"_blank\" rel=\"noopener noreferrer\">Bioloogiliselt sobiv\u2122<\/a> (Bioloogiliselt sobiv) Acana Yorkshire Pork valem tagab, et teie koer on terve, \u00f5nnelik ja tugev.<\/p>","protected":false},"excerpt":{"rendered":"<p>Acana Yorkshire Pork maiste taikomas ribotas ingredient\u0173 kiekis, sud\u0117ties pagrindas &#8211; Jork\u0161yro kiauliena (50%), vaisiai ir dar\u017eov\u0117s (50%). Viskas pristatoma \u0161vie\u017eia laikantis WholePrey\u2122 (viso grobio) koncepcijos. Riboto ingredient\u0173 kiekio dieta, ypatingai tinkama \u0161unims, kurie turi jautri\u0105 vir\u0161kinimo sistem\u0105. Ekologi\u0161kos j\u016br\u0173 dar\u017eov\u0117s ir augal\u0173 ekstraktai, \u012fskaitant kadagio uogas, levand\u0173 \u017eiedus, saul\u0117je i\u0161d\u017eiovint\u0105 liucern\u0105 ir pipirm\u0117\u010di\u0173 lapus&#8230;<\/p>","protected":false},"featured_media":35890,"comment_status":"closed","ping_status":"closed","template":"","meta":{"_acf_changed":false,"slim_seo":{"title":"Acana Yorkshire Pork sausas maistas \u0161unims - Zooprekes24","description":"Acana Yorkshire Pork on piiratud koostisega toit, mis p\u00f5hineb Yorkshire'i sealihal (50%), puuviljadel ja k\u00f6\u00f6giviljadel (50%). K\u00f5ik tarnitakse v\u00e4rskelt"},"iawp_total_views":73},"product_brand":[],"product_cat":[9000,9001,9002,8999,29,31],"product_tag":[176,177,200],"class_list":{"0":"post-22474","1":"product","2":"type-product","3":"status-publish","4":"has-post-thumbnail","6":"product_cat-acana","7":"product_cat-begrudis-maistas","8":"product_cat-sausas-maistas","9":"product_cat-sunims","10":"product_cat-sunu-maistas","11":"product_cat-sunu-prekiu-gamintojai","12":"product_tag-begrudis-sunu-maistas","13":"product_tag-edalas-sunims","14":"product_tag-super-premium-maistas-sunims","15":"pa_pasaro-sudetis-darzoves","16":"pa_pasaro-sudetis-kiauliena","17":"pa_pasaro-sudetis-uogos","18":"pa_prekiu-zenklai-acana","19":"pa_suns-amzius-jauniems","20":"pa_suns-amzius-senjorams","21":"pa_suns-amzius-suaugusiems","22":"pa_suns-amzius-visiems-amziams","23":"pa_veisles-dydis-didelems-veislems","24":"pa_veisles-dydis-mazoms-veislems","25":"pa_veisles-dydis-vidutinems-veislems","26":"pa_veisles-dydis-visu-dydziu-veislems","28":"first","29":"instock","30":"featured","31":"taxable","32":"shipping-taxable","33":"purchasable","34":"product-type-variable"},"acf":[],"_links":{"self":[{"href":"https:\/\/zooprekes24.lt\/et\/wp-json\/wp\/v2\/product\/22474","targetHints":{"allow":["GET"]}}],"collection":[{"href":"https:\/\/zooprekes24.lt\/et\/wp-json\/wp\/v2\/product"}],"about":[{"href":"https:\/\/zooprekes24.lt\/et\/wp-json\/wp\/v2\/types\/product"}],"replies":[{"embeddable":true,"href":"https:\/\/zooprekes24.lt\/et\/wp-json\/wp\/v2\/comments?post=22474"}],"wp:featuredmedia":[{"embeddable":true,"href":"https:\/\/zooprekes24.lt\/et\/wp-json\/wp\/v2\/media\/35890"}],"wp:attachment":[{"href":"https:\/\/zooprekes24.lt\/et\/wp-json\/wp\/v2\/media?parent=22474"}],"wp:term":[{"taxonomy":"product_brand","embeddable":true,"href":"https:\/\/zooprekes24.lt\/et\/wp-json\/wp\/v2\/product_brand?post=22474"},{"taxonomy":"product_cat","embeddable":true,"href":"https:\/\/zooprekes24.lt\/et\/wp-json\/wp\/v2\/product_cat?post=22474"},{"taxonomy":"product_tag","embeddable":true,"href":"https:\/\/zooprekes24.lt\/et\/wp-json\/wp\/v2\/product_tag?post=22474"}],"curies":[{"name":"wp","href":"https:\/\/api.w.org\/{rel}","templated":true}]}}