{"id":22470,"date":"2024-04-19T13:01:29","date_gmt":"2024-04-19T10:01:29","guid":{"rendered":"https:\/\/zooprekes24.lt\/produktas\/acana-pacifica-sunims\/"},"modified":"2024-11-15T18:59:57","modified_gmt":"2024-11-15T15:59:57","slug":"acana-pacifica-sunims","status":"publish","type":"product","link":"https:\/\/zooprekes24.lt\/et\/produktas\/acana-pacifica-sunims\/","title":{"rendered":"Acana Pacifica kuivtoit koertele"},"content":{"rendered":"<h3>Acana Pacifica sisaldab rohkesti l\u00f5het, heeringat ja lesta, mis on p\u00fc\u00fctud P\u00f5hja-Vancouveri saarelt Vaiksest ookeanist. K\u00f5ik tarnitakse v\u00e4rskelt vastavalt <a href=\"https:\/\/www.acanapetfoods.co.uk\/about-acana\/biologically-appropriate\/wholeprey-meat-ratios\/\" target=\"_blank\" rel=\"noopener noreferrer\">WholePrey\u2122<\/a> m\u00f5iste (kogusaak).<\/h3>\n<p>Iga s\u00f6\u00f6dapala on rikkalik\u00a0<a href=\"https:\/\/zooprekes24.lt\/et\/?s=omega+3+sunims&amp;post_type=product&amp;product_cat=0\" target=\"_blank\" rel=\"noopener noreferrer\">Omega 3<\/a> (DHA, EPA), mis on ekstraheeritud looduslikust Brunswicki heeringast, mis on kasulik immuunsuse tugevdamiseks ning suurep\u00e4rase naha ja karvkatte seisundi parandamiseks. Mahep\u00f5llumajanduslikud meretaimed ja taimeekstraktid, sealhulgas kadakamarjad, lavendlililled, p\u00e4ikesekuivatatud lutsern ja piparm\u00fcndilehed parandavad koera ainevahetust ja toniseerivad seedetrakti. Valmistatud auhinnatud k\u00f6\u00f6gis parimatest ja v\u00e4rsketest koostisosadest, <a href=\"https:\/\/www.acanapetfoods.co.uk\/about-acana\/biologically-appropriate\/\" target=\"_blank\" rel=\"noopener noreferrer\">Bioloogiliselt sobiv\u2122<\/a> Acana Pacifica (biosaadav) koostis tagab, et teie koer on terve, \u00f5nnelik ja tugev.<\/p>","protected":false},"excerpt":{"rendered":"<p>Acana Pacifica sud\u0117tyje gausu \u0160iaur\u0117s Vankuverio saloje i\u0161 Ramiojo vandenyno su\u017evejotos la\u0161i\u0161os, silk\u0117s ir plek\u0161n\u0117s. Viskas pristatoma \u0161vie\u017eia laikantis WholePrey\u2122 (viso grobio) koncepcijos. Kiekviename pa\u0161aro k\u0105snelyje gausu\u00a0Omega 3 (DHA, EPA)\u00a0i\u0161gaunamo i\u0161 laukini\u0173 Brunswick silki\u0173, kuris naudingas\u00a0imuniteto stiprinimui ir puikiam odos ir kailio b\u016bkl\u0117s puosel\u0117jimui. Ekologi\u0161kos j\u016br\u0173 dar\u017eov\u0117s ir augal\u0173 ekstraktai, \u012fskaitant kadagio uogas, levand\u0173 \u017eiedus,&#8230;<\/p>","protected":false},"featured_media":19734,"comment_status":"closed","ping_status":"closed","template":"","meta":{"_acf_changed":false,"slim_seo":{"title":"Acana Pacifica sausas maistas \u0161unims - Zooprekes24","description":"Acana Pacifica sud\u0117tyje gausu \u0160iaur\u0117s Vankuverio saloje i\u0161 Ramiojo vandenyno su\u017evejotos la\u0161i\u0161os, silk\u0117s ir plek\u0161n\u0117s. Viskas pristatoma \u0161vie\u017eia laikantis WholePr"},"iawp_total_views":202},"product_brand":[],"product_cat":[9000,9001,9002,8999,29,31],"product_tag":[176,177,200],"class_list":{"0":"post-22470","1":"product","2":"type-product","3":"status-publish","4":"has-post-thumbnail","6":"product_cat-acana","7":"product_cat-begrudis-maistas","8":"product_cat-sausas-maistas","9":"product_cat-sunims","10":"product_cat-sunu-maistas","11":"product_cat-sunu-prekiu-gamintojai","12":"product_tag-begrudis-sunu-maistas","13":"product_tag-edalas-sunims","14":"product_tag-super-premium-maistas-sunims","15":"pa_pasaro-sudetis-darzoves","16":"pa_pasaro-sudetis-lasisa","17":"pa_pasaro-sudetis-uogos","18":"pa_pasaro-sudetis-vaisiai","19":"pa_pasaro-sudetis-zuvis","20":"pa_prekiu-zenklai-acana","21":"pa_suns-amzius-jauniems","22":"pa_suns-amzius-senjorams","23":"pa_suns-amzius-suaugusiems","24":"pa_suns-amzius-visiems-amziams","25":"pa_veisles-dydis-didelems-veislems","26":"pa_veisles-dydis-mazoms-veislems","27":"pa_veisles-dydis-vidutinems-veislems","28":"pa_veisles-dydis-visu-dydziu-veislems","30":"first","31":"instock","32":"featured","33":"taxable","34":"shipping-taxable","35":"purchasable","36":"product-type-variable"},"acf":[],"_links":{"self":[{"href":"https:\/\/zooprekes24.lt\/et\/wp-json\/wp\/v2\/product\/22470","targetHints":{"allow":["GET"]}}],"collection":[{"href":"https:\/\/zooprekes24.lt\/et\/wp-json\/wp\/v2\/product"}],"about":[{"href":"https:\/\/zooprekes24.lt\/et\/wp-json\/wp\/v2\/types\/product"}],"replies":[{"embeddable":true,"href":"https:\/\/zooprekes24.lt\/et\/wp-json\/wp\/v2\/comments?post=22470"}],"wp:featuredmedia":[{"embeddable":true,"href":"https:\/\/zooprekes24.lt\/et\/wp-json\/wp\/v2\/media\/19734"}],"wp:attachment":[{"href":"https:\/\/zooprekes24.lt\/et\/wp-json\/wp\/v2\/media?parent=22470"}],"wp:term":[{"taxonomy":"product_brand","embeddable":true,"href":"https:\/\/zooprekes24.lt\/et\/wp-json\/wp\/v2\/product_brand?post=22470"},{"taxonomy":"product_cat","embeddable":true,"href":"https:\/\/zooprekes24.lt\/et\/wp-json\/wp\/v2\/product_cat?post=22470"},{"taxonomy":"product_tag","embeddable":true,"href":"https:\/\/zooprekes24.lt\/et\/wp-json\/wp\/v2\/product_tag?post=22470"}],"curies":[{"name":"wp","href":"https:\/\/api.w.org\/{rel}","templated":true}]}}