{"id":22469,"date":"2024-04-19T13:01:29","date_gmt":"2024-04-19T10:01:29","guid":{"rendered":"https:\/\/zooprekes24.lt\/produktas\/acana-grass-fed-lamb\/"},"modified":"2024-11-15T18:50:34","modified_gmt":"2024-11-15T15:50:34","slug":"acana-rohusoodaga-lambaliha","status":"publish","type":"product","link":"https:\/\/zooprekes24.lt\/et\/produktas\/acana-grass-fed-lamb\/","title":{"rendered":"Acana Grass-Fed Lamb kuivtoit koertele"},"content":{"rendered":"<h3>Acana Grass-Fed Lamb sisaldab rohkelt Uus-Meremaa farmiliha, elundeid ja k\u00f5hre (\u00fche liigi loomsetest koostisosadest).<\/h3>\n<p>K\u00f5ik tarnitakse v\u00e4rskelt vastavalt <a href=\"https:\/\/www.acanapetfoods.co.uk\/about-acana\/biologically-appropriate\/wholeprey-meat-ratios\/\" target=\"_blank\" rel=\"noopener noreferrer\">WholePrey\u2122<\/a> m\u00f5iste (kogusaak). Toote rikkalikud valgud ja <a href=\"https:\/\/zooprekes24.lt\/et\/?s=omega+3+sunims&amp;post_type=product&amp;product_cat=0\" target=\"_blank\" rel=\"noopener noreferrer\">Omega-3<\/a> rasvhappeid, aitab s\u00e4ilitada teie lemmiklooma heaolu ja ei sisalda k\u00f5rge gl\u00fckeemilise indeksiga teravilju. Valmistatud auhinnatud k\u00f6\u00f6gis parimatest ja v\u00e4rsketest koostisosadest, <a href=\"https:\/\/www.acanapetfoods.co.uk\/about-acana\/biologically-appropriate\/\" target=\"_blank\" rel=\"noopener noreferrer\">Bioloogiliselt sobiv\u2122<\/a> (Bioloogiliselt sobiv) Acana Grass-Fed Lamb'i koostis tagab, et teie koer on terve, \u00f5nnelik ja tugev.<\/p>","protected":false},"excerpt":{"rendered":"<p>Acana Grass-Fed Lamb sud\u0117tyje gausu Naujosios Zelandijos \u016bkiuose u\u017eaugintos \u0117rienos m\u0117sos, organ\u0173 ir kremzli\u0173 (vienos r\u016b\u0161ies gyv\u016bnin\u0117s kilm\u0117s ingredient\u0173). Viskas pristatoma \u0161vie\u017eia laikantis WholePrey\u2122 (viso grobio) koncepcijos. Produkto sud\u0117tyje esantys sot\u016bs baltymai ir Omega-3 riebal\u0173 r\u016bg\u0161tys, padeda palaikyti puiki\u0105 augintinio savijauta, n\u0117ra auk\u0161to glikemijos indekso gr\u016bd\u0173. Pagaminta apdovanojimus laimin\u010diose virtuv\u0117se i\u0161 geriausi\u0173 ir \u0161vie\u017eiausi\u0173 ingredient\u0173,&#8230;<\/p>","protected":false},"featured_media":19732,"comment_status":"closed","ping_status":"closed","template":"","meta":{"_acf_changed":false,"slim_seo":{"title":"Acana Grass-Fed Lamb sausas maistas \u0161unims - Zooprekes24","description":"Acana Grass-Fed Lamb sisaldab rohkelt Uus-Meremaa farmiliha, elundeid ja k\u00f5hre (\u00fche liigi loomsetest koostisosadest). K\u00f5ik"},"iawp_total_views":492},"product_brand":[],"product_cat":[9000,9001,9002,8999,29,31],"product_tag":[176,177,200],"class_list":{"0":"post-22469","1":"product","2":"type-product","3":"status-publish","4":"has-post-thumbnail","6":"product_cat-acana","7":"product_cat-begrudis-maistas","8":"product_cat-sausas-maistas","9":"product_cat-sunims","10":"product_cat-sunu-maistas","11":"product_cat-sunu-prekiu-gamintojai","12":"product_tag-begrudis-sunu-maistas","13":"product_tag-edalas-sunims","14":"product_tag-super-premium-maistas-sunims","15":"pa_pasaro-sudetis-darzoves","16":"pa_pasaro-sudetis-eriena","17":"pa_pasaro-sudetis-uogos","18":"pa_pasaro-sudetis-vaisiai","19":"pa_prekiu-zenklai-acana","20":"pa_suns-amzius-jauniems","21":"pa_suns-amzius-senjorams","22":"pa_suns-amzius-suaugusiems","23":"pa_suns-amzius-visiems-amziams","24":"pa_veisles-dydis-didelems-veislems","25":"pa_veisles-dydis-mazoms-veislems","26":"pa_veisles-dydis-vidutinems-veislems","27":"pa_veisles-dydis-visu-dydziu-veislems","29":"first","30":"instock","31":"featured","32":"taxable","33":"shipping-taxable","34":"purchasable","35":"product-type-variable"},"acf":[],"_links":{"self":[{"href":"https:\/\/zooprekes24.lt\/et\/wp-json\/wp\/v2\/product\/22469","targetHints":{"allow":["GET"]}}],"collection":[{"href":"https:\/\/zooprekes24.lt\/et\/wp-json\/wp\/v2\/product"}],"about":[{"href":"https:\/\/zooprekes24.lt\/et\/wp-json\/wp\/v2\/types\/product"}],"replies":[{"embeddable":true,"href":"https:\/\/zooprekes24.lt\/et\/wp-json\/wp\/v2\/comments?post=22469"}],"wp:featuredmedia":[{"embeddable":true,"href":"https:\/\/zooprekes24.lt\/et\/wp-json\/wp\/v2\/media\/19732"}],"wp:attachment":[{"href":"https:\/\/zooprekes24.lt\/et\/wp-json\/wp\/v2\/media?parent=22469"}],"wp:term":[{"taxonomy":"product_brand","embeddable":true,"href":"https:\/\/zooprekes24.lt\/et\/wp-json\/wp\/v2\/product_brand?post=22469"},{"taxonomy":"product_cat","embeddable":true,"href":"https:\/\/zooprekes24.lt\/et\/wp-json\/wp\/v2\/product_cat?post=22469"},{"taxonomy":"product_tag","embeddable":true,"href":"https:\/\/zooprekes24.lt\/et\/wp-json\/wp\/v2\/product_tag?post=22469"}],"curies":[{"name":"wp","href":"https:\/\/api.w.org\/{rel}","templated":true}]}}