{"id":22468,"date":"2024-04-19T13:01:29","date_gmt":"2024-04-19T10:01:29","guid":{"rendered":"https:\/\/zooprekes24.lt\/produktas\/acana-classics-red-meat\/"},"modified":"2024-09-26T13:40:17","modified_gmt":"2024-09-26T10:40:17","slug":"acana-klassika-punane-liha","status":"publish","type":"product","link":"https:\/\/zooprekes24.lt\/et\/produktas\/acana-classics-red-meat\/","title":{"rendered":"Acana Classics Red Meat kuivtoit koertele"},"content":{"rendered":"<h3>Acana Classics Red Meat sisaldab rohkelt rohus\u00f6\u00f6daga lambaliha, Anguse veiseliha ja Yorkshire'i sealiha, mis k\u00f5ik tarnitakse v\u00e4rskelt, et hoida <a href=\"https:\/\/www.acanapetfoods.co.uk\/about-acana\/biologically-appropriate\/wholeprey-meat-ratios\/\" target=\"_blank\" rel=\"noopener noreferrer\">WholePrey\u2122<\/a> m\u00f5iste (kogusaak). Toit sisaldab sisukaid lihavalke ja <a href=\"https:\/\/zooprekes24.lt\/et\/?s=omega+3+sunims&amp;post_type=product&amp;product_cat=0\" target=\"_blank\" rel=\"noopener noreferrer\">Omega-3<\/a> rasvhapped aitavad s\u00e4ilitada koera suurep\u00e4rast heaolu. Madala gl\u00fckeemilise indeksiga purustatud kaer s\u00f6\u00f6das tagab stabiilse veresuhkru taseme ja v\u00e4hendab rasva kogunemist. Valmistatud auhinnatud k\u00f6\u00f6gis Kanada parimatest ja v\u00e4rsketest koostisosadest, <a href=\"https:\/\/www.acanapetfoods.co.uk\/about-acana\/biologically-appropriate\/\" target=\"_blank\" rel=\"noopener noreferrer\">Bioloogiliselt sobiv\u2122<\/a> (Bioloogiliselt sobiv) koostis tagab, et teie koer on terve, \u00f5nnelik ja tugev.<\/h3>\n<div>\n<ul>\n<li><strong>K\u00f5rge lihasisaldus (50%)<\/strong><span lang=\"EN-US\"> &#8211; <\/span>koer on bioloogiliselt kohanenud toitumisega, kus<span lang=\"LT\"> saadaval aadressil<\/span> palju liha. Seep\u00e4rast on Acana Classics Red Meat punane liha\u00a0<span lang=\"LT\">toit <\/span>sisaldab <span lang=\"LT\">saadaval aadressil <\/span>50% liha, sealhulgas rohus\u00f6\u00f6daga lambaliha, Anguse veiseliha ja Yorkshire'i sealiha piirkonna farmidest.<\/li>\n<li><strong>K\u00f5rge valgusisaldusega (29%)<\/strong><span lang=\"LT\"> &#8211; <\/span><span lang=\"LT\">v<\/span>on t\u00e4iesti vaba hernetera- v\u00f5i kartulivalgu kontsentraatidest, mida t\u00e4nap\u00e4eval sageli koeratoitudes kasutatakse. Acana Classics Red Meat sisaldab rikkalikult k\u00f5rgeima kvaliteediga loomsetest koostisosadest saadud valke, mis aitavad s\u00e4ilitada lihasmassi ja toidavad koera vastavalt tema evolutsioonilistele vajadustele.<\/li>\n<li><strong>K\u00f5rge v\u00e4rske liha sisaldus (1\/3)<\/strong><span lang=\"LT\"> &#8211; <\/span><span lang=\"LT\">kasutatud<\/span> suurep\u00e4rase kvaliteediga v\u00e4rske liha, millel on suurep\u00e4rased toitev\u00e4\u00e4rtuslikud omadused. Seet\u00f5ttu on 1\/3 Acana Classics Red Meat'is kasutatavast lihast v\u00e4rske ning suurep\u00e4rase kvaliteedi ja maitsega. \u00dclej\u00e4\u00e4nud 2\/3 lihast on kuivatatud.<\/li>\n<li><strong>Palju erinevat liha (3)<\/strong><span lang=\"LT\"> &#8211; <\/span><span lang=\"LT\">g<\/span>koerad jahivad piirkonnas mitmesuguseid loomi. <span lang=\"LT\">Sisaldab<\/span> sisaldab erinevaid lihasorte: rohus\u00f6\u00f6daga lambaliha, Anguse veiseliha ja Yorkshire'i sealiha, mis on proportsioonides WholePrey kontseptsiooni j\u00e4rgi, kasutades liha, elundeid ja k\u00f5hre, j\u00e4ljendades loomulikku toitu ja minimeerides vajadust s\u00fcnteetiliste lisaainete j\u00e4rele, mida leidub paljudes traditsioonilistes koeratoitudes.<\/li>\n<li><strong>Madala s\u00fcsivesikute sisaldusega (30%)<\/strong> <span lang=\"LT\">&#8211; <\/span><span lang=\"LT\">koer<\/span> looduslik toitumine sisaldab v\u00e4ga v\u00e4he s\u00fcsivesikuid, mis on rasvumise ja diabeedi peamine p\u00f5hjus. <span lang=\"LT\">Sel p\u00f5hjusel<\/span> madala s\u00fcsivesikute sisaldusega<span lang=\"LT\">, o<\/span> kiireid s\u00fcsivesikuid (nagu mais ja riis) on asendanud madala gl\u00fckeemilise indeksiga toidud.<span lang=\"LT\">sa<\/span> puu- ja k\u00f6\u00f6giviljad<span lang=\"LT\">s.<\/span><\/li>\n<li><strong>Ainult 5 toidulisandit | looduslikud toitained\u00a0<\/strong><span lang=\"LT\">&#8211; <\/span>See sisaldab rohkelt liha ja WholePrey kontseptsiooni koostisosi, mis annavad looduslikke toitaineid, mida t\u00e4iendavad ainult vitamiinid B5, D3, E, koliin ja tsink.<\/li>\n<\/ul>\n<\/div>","protected":false},"excerpt":{"rendered":"<p>Acana Classics Red Meat sud\u0117tyje gausu \u017eole maitint\u0173 \u0117riuk\u0173 m\u0117sos, Angus veisl\u0117s jautienos ir Jork\u0161yr\u0173 veisl\u0117s\u00a0kiaulienos, viskas pristatoma \u0161vie\u017eia laikantis WholePrey\u2122 (viso grobio) koncepcijos.\u00a0Maisto sud\u0117tyje\u00a0esantys sot\u016bs m\u0117sos baltymai ir Omega-3 riebal\u0173 r\u016bg\u0161tys padeda palaikyti puiki\u0105 \u0161uns savijauta. Pa\u0161aro sud\u0117tyje esan\u010dios \u017eemo glikemijos indekso skaldytos avi\u017eos,\u00a0u\u017etikrina stabil\u0173 cukraus kiek\u012f kraujyje ir suma\u017eina riebal\u0173 kaupim\u0105si. Pagaminta apdovanojimus&#8230;<\/p>","protected":false},"featured_media":19729,"comment_status":"closed","ping_status":"closed","template":"","meta":{"_acf_changed":false,"slim_seo":{"title":"Acana Classics Red Meat sausas maistas \u0161unims - Zooprekes24","description":"Acana Classics Red Meat sud\u0117tyje gausu \u017eole maitint\u0173 \u0117riuk\u0173 m\u0117sos, Angus veisl\u0117s jautienos ir Jork\u0161yr\u0173 veisl\u0117s\u00a0kiaulienos, viskas pristatoma \u0161vie\u017eia laikantis W"},"iawp_total_views":449},"product_brand":[],"product_cat":[9000,9001,9002,8999,29,31],"product_tag":[176,533,177,200],"class_list":{"0":"post-22468","1":"product","2":"type-product","3":"status-publish","4":"has-post-thumbnail","6":"product_cat-acana","7":"product_cat-begrudis-maistas","8":"product_cat-sausas-maistas","9":"product_cat-sunims","10":"product_cat-sunu-maistas","11":"product_cat-sunu-prekiu-gamintojai","12":"product_tag-begrudis-sunu-maistas","13":"product_tag-classic-red","14":"product_tag-edalas-sunims","15":"product_tag-super-premium-maistas-sunims","16":"pa_pasaro-sudetis-darzoves","17":"pa_pasaro-sudetis-eriena","18":"pa_pasaro-sudetis-jautiena","19":"pa_pasaro-sudetis-kiauliena","20":"pa_pasaro-sudetis-uogos","21":"pa_pasaro-sudetis-vaisiai","22":"pa_prekiu-zenklai-acana","23":"pa_suns-amzius-jauniems","24":"pa_suns-amzius-senjorams","25":"pa_suns-amzius-suaugusiems","26":"pa_suns-amzius-visiems-amziams","27":"pa_veisles-dydis-didelems-veislems","28":"pa_veisles-dydis-mazoms-veislems","29":"pa_veisles-dydis-vidutinems-veislems","30":"pa_veisles-dydis-visu-dydziu-veislems","32":"first","33":"instock","34":"featured","35":"taxable","36":"shipping-taxable","37":"purchasable","38":"product-type-variable"},"acf":[],"_links":{"self":[{"href":"https:\/\/zooprekes24.lt\/et\/wp-json\/wp\/v2\/product\/22468","targetHints":{"allow":["GET"]}}],"collection":[{"href":"https:\/\/zooprekes24.lt\/et\/wp-json\/wp\/v2\/product"}],"about":[{"href":"https:\/\/zooprekes24.lt\/et\/wp-json\/wp\/v2\/types\/product"}],"replies":[{"embeddable":true,"href":"https:\/\/zooprekes24.lt\/et\/wp-json\/wp\/v2\/comments?post=22468"}],"wp:featuredmedia":[{"embeddable":true,"href":"https:\/\/zooprekes24.lt\/et\/wp-json\/wp\/v2\/media\/19729"}],"wp:attachment":[{"href":"https:\/\/zooprekes24.lt\/et\/wp-json\/wp\/v2\/media?parent=22468"}],"wp:term":[{"taxonomy":"product_brand","embeddable":true,"href":"https:\/\/zooprekes24.lt\/et\/wp-json\/wp\/v2\/product_brand?post=22468"},{"taxonomy":"product_cat","embeddable":true,"href":"https:\/\/zooprekes24.lt\/et\/wp-json\/wp\/v2\/product_cat?post=22468"},{"taxonomy":"product_tag","embeddable":true,"href":"https:\/\/zooprekes24.lt\/et\/wp-json\/wp\/v2\/product_tag?post=22468"}],"curies":[{"name":"wp","href":"https:\/\/api.w.org\/{rel}","templated":true}]}}