{"id":22467,"date":"2024-04-19T13:01:29","date_gmt":"2024-04-19T10:01:29","guid":{"rendered":"https:\/\/zooprekes24.lt\/produktas\/acana-wild-prairie-sunims\/"},"modified":"2024-06-11T16:32:55","modified_gmt":"2024-06-11T13:32:55","slug":"acana-wild-prairie-sunims","status":"publish","type":"product","link":"https:\/\/zooprekes24.lt\/et\/produktas\/acana-wild-prairie-sunims\/","title":{"rendered":"Acana Wild Prairie kuivtoit koertele"},"content":{"rendered":"<h3>Acana Wild Prairie pakub puurivaba kana, kalkuniliha ja mune kohalikest preeriafarmidest, looduslikku kala k\u00fclmadest p\u00f5hjapoolsetest j\u00e4rvedest, mis k\u00f5ik on tarnitud v\u00e4rskelt vastavalt <a href=\"https:\/\/www.acanapetfoods.co.uk\/about-acana\/biologically-appropriate\/wholeprey-meat-ratios\/\" target=\"_blank\" rel=\"noopener noreferrer\">WholePrey\u2122<\/a> m\u00f5iste (kogusaak).<\/h3>\n<p>Ebatervislike teraviljade asemel on 30% puu- ja k\u00f6\u00f6giviljad, sealhulgas punased, uskumatult maitsvad Okanagani p\u00e4ikesek\u00fcpsetatud \u00f5unad, maitsekas k\u00f5rvits ja roheline spinat, suurep\u00e4rased tervise ja immuunsuse s\u00e4ilitamiseks. Iga suut\u00e4is sisaldab <a href=\"https:\/\/zooprekes24.lt\/et\/?s=omega+3+sunims&amp;post_type=product&amp;product_cat=0\" target=\"_blank\" rel=\"noopener noreferrer\">Omega 3<\/a> (DHA, EPA) looduslikust Brunswicki heeringast, mis tugevdab immuunsust ja tagab suurep\u00e4rase naha ja karvkatte seisundi. Valmistatud auhinnatud k\u00f6\u00f6gis Kanada parimatest ja v\u00e4rsketest koostisosadest, <a href=\"https:\/\/www.acanapetfoods.co.uk\/about-acana\/biologically-appropriate\/\" target=\"_blank\" rel=\"noopener noreferrer\">Bioloogiliselt sobiv\u2122<\/a> Acana Wild Prairie (biosaadav) koostis tagab, et teie koer on terve, \u00f5nnelik ja tugev.<\/p>","protected":false},"excerpt":{"rendered":"<p>Acana Wild Prairie sud\u0117tyje ne narvuose u\u017eauginta vi\u0161tiena, kalakut\u0173 m\u0117sa ir kiau\u0161iniai i\u0161 vietini\u0173 prerij\u0173 ferm\u0173, laukin\u0117 \u017euvis i\u0161 \u0161alt\u0173 \u0161iaurini\u0173 e\u017eer\u0173, viskas pristatoma \u0161vie\u017eia laikantis WholePrey\u2122 (viso grobio) koncepcijos. Vietoje netinkam\u0173 gr\u016bd\u0173, maisto sud\u0117tyje\u00a030% vaisi\u0173 ir dar\u017eovi\u0173, \u012fskaitant raudonus nepaprastai skanius Okanagano saul\u0117je sunokusius obuolius, kvapn\u0173j\u012f moli\u016bg\u0105 ir \u017ealius \u0161pinatus &#8211; puikiai sveikatai ir&#8230;<\/p>","protected":false},"featured_media":19726,"comment_status":"closed","ping_status":"closed","template":"","meta":{"_acf_changed":false,"slim_seo":{"title":"Acana Wild Prairie sausas maistas \u0161unims - Zooprekes24","description":"Acana Wild Prairie sud\u0117tyje ne narvuose u\u017eauginta vi\u0161tiena, kalakut\u0173 m\u0117sa ir kiau\u0161iniai i\u0161 vietini\u0173 prerij\u0173 ferm\u0173, laukin\u0117 \u017euvis i\u0161 \u0161alt\u0173 \u0161iaurini\u0173 e\u017eer\u0173, viska"},"iawp_total_views":108},"product_brand":[],"product_cat":[9000,9001,9002,8999,29,31],"product_tag":[176,177,200],"class_list":{"0":"post-22467","1":"product","2":"type-product","3":"status-publish","4":"has-post-thumbnail","6":"product_cat-acana","7":"product_cat-begrudis-maistas","8":"product_cat-sausas-maistas","9":"product_cat-sunims","10":"product_cat-sunu-maistas","11":"product_cat-sunu-prekiu-gamintojai","12":"product_tag-begrudis-sunu-maistas","13":"product_tag-edalas-sunims","14":"product_tag-super-premium-maistas-sunims","15":"pa_pasaro-sudetis-darzoves","16":"pa_pasaro-sudetis-kalakutiena","17":"pa_pasaro-sudetis-kiausiniai","18":"pa_pasaro-sudetis-uogos","19":"pa_pasaro-sudetis-vaisiai","20":"pa_pasaro-sudetis-vistiena","21":"pa_pasaro-sudetis-zuvis","22":"pa_prekiu-zenklai-acana","23":"pa_suns-amzius-jauniems","24":"pa_suns-amzius-senjorams","25":"pa_suns-amzius-suaugusiems","26":"pa_suns-amzius-visiems-amziams","27":"pa_veisles-dydis-didelems-veislems","28":"pa_veisles-dydis-mazoms-veislems","29":"pa_veisles-dydis-vidutinems-veislems","30":"pa_veisles-dydis-visu-dydziu-veislems","32":"first","33":"instock","34":"featured","35":"taxable","36":"shipping-taxable","37":"purchasable","38":"product-type-variable"},"acf":[],"_links":{"self":[{"href":"https:\/\/zooprekes24.lt\/et\/wp-json\/wp\/v2\/product\/22467","targetHints":{"allow":["GET"]}}],"collection":[{"href":"https:\/\/zooprekes24.lt\/et\/wp-json\/wp\/v2\/product"}],"about":[{"href":"https:\/\/zooprekes24.lt\/et\/wp-json\/wp\/v2\/types\/product"}],"replies":[{"embeddable":true,"href":"https:\/\/zooprekes24.lt\/et\/wp-json\/wp\/v2\/comments?post=22467"}],"wp:featuredmedia":[{"embeddable":true,"href":"https:\/\/zooprekes24.lt\/et\/wp-json\/wp\/v2\/media\/19726"}],"wp:attachment":[{"href":"https:\/\/zooprekes24.lt\/et\/wp-json\/wp\/v2\/media?parent=22467"}],"wp:term":[{"taxonomy":"product_brand","embeddable":true,"href":"https:\/\/zooprekes24.lt\/et\/wp-json\/wp\/v2\/product_brand?post=22467"},{"taxonomy":"product_cat","embeddable":true,"href":"https:\/\/zooprekes24.lt\/et\/wp-json\/wp\/v2\/product_cat?post=22467"},{"taxonomy":"product_tag","embeddable":true,"href":"https:\/\/zooprekes24.lt\/et\/wp-json\/wp\/v2\/product_tag?post=22467"}],"curies":[{"name":"wp","href":"https:\/\/api.w.org\/{rel}","templated":true}]}}