{"id":22466,"date":"2024-04-19T13:01:29","date_gmt":"2024-04-19T10:01:29","guid":{"rendered":"https:\/\/zooprekes24.lt\/produktas\/acana-prairie-poultry\/"},"modified":"2024-08-09T15:46:40","modified_gmt":"2024-08-09T12:46:40","slug":"acana-praanik-kodulinnuliha","status":"publish","type":"product","link":"https:\/\/zooprekes24.lt\/et\/produktas\/acana-prairie-poultry\/","title":{"rendered":"Acana Classics Prairie Poultry kuivtoit koertele"},"content":{"rendered":"<h3>Acana Classics Prairie Poultry sisaldab rohkelt puuris kasvatatud kana- ja kalkuniliha ning pesamune. K\u00f5ik tarnitakse v\u00e4rskelt <a href=\"https:\/\/www.acanapetfoods.co.uk\/about-acana\/biologically-appropriate\/wholeprey-meat-ratios\/\" target=\"_blank\" rel=\"noopener noreferrer\">WholePrey\u2122<\/a> m\u00f5iste (kogusaak).<\/h3>\n<p>Toode sisaldab s\u00fcdamlikke valke ja <a href=\"https:\/\/zooprekes24.lt\/et\/?s=omega+3+sunims&amp;post_type=product&amp;product_cat=0\" target=\"_blank\" rel=\"noopener noreferrer\">Omega-3<\/a> rasvhappeid, aitab s\u00e4ilitada teie lemmiklooma heaolu ja ei sisalda k\u00f5rge gl\u00fckeemilise indeksiga teravilju. Valmistatud auhinnatud k\u00f6\u00f6gis Kanada parimatest ja v\u00e4rsketest koostisosadest, <a href=\"https:\/\/www.acanapetfoods.co.uk\/about-acana\/biologically-appropriate\/\" target=\"_blank\" rel=\"noopener noreferrer\">Bioloogiliselt sobiv\u2122<\/a> (Bioloogiliselt sobiv) Acana Classics Prairie Poultry koostis tagab, et teie koer on terve, \u00f5nnelik ja tugev.<\/p>","protected":false},"excerpt":{"rendered":"<p>Acana Classics Prairie Poultry sud\u0117tyje gausu ne narvuose u\u017eaugintos vi\u0161tienos ir kalakut\u0173 m\u0117sos taip pat ir lizduose pad\u0117t\u0173 kiau\u0161ini\u0173. Viskas pristatoma \u0161vie\u017eia laikantis WholePrey\u2122 (viso grobio) koncepcijos. Produkto sud\u0117tyje esantys sot\u016bs baltymai ir Omega-3 riebal\u0173 r\u016bg\u0161tys, padeda palaikyti puiki\u0105 augintinio savijauta, n\u0117ra auk\u0161to glikemijos indekso gr\u016bd\u0173. Pagaminta apdovanojimus laimin\u010diose virtuv\u0117se i\u0161 Kanados geriausi\u0173 ir \u0161vie\u017eiausi\u0173&#8230;<\/p>","protected":false},"featured_media":19723,"comment_status":"closed","ping_status":"closed","template":"","meta":{"_acf_changed":false,"slim_seo":{"title":"Acana Classics Prairie Poultry sausas maistas \u0161unims - Zooprekes24","description":"Acana Classics Prairie Poultry sisaldab rohkelt puuris kasvatatud kana- ja kalkuniliha ning pesamune. K\u00f5ik tarnitakse v\u00e4rskelt"},"iawp_total_views":110},"product_brand":[],"product_cat":[9000,9001,9002,8999,29,31],"product_tag":[176,177,200],"class_list":{"0":"post-22466","1":"product","2":"type-product","3":"status-publish","4":"has-post-thumbnail","6":"product_cat-acana","7":"product_cat-begrudis-maistas","8":"product_cat-sausas-maistas","9":"product_cat-sunims","10":"product_cat-sunu-maistas","11":"product_cat-sunu-prekiu-gamintojai","12":"product_tag-begrudis-sunu-maistas","13":"product_tag-edalas-sunims","14":"product_tag-super-premium-maistas-sunims","15":"pa_pasaro-sudetis-darzoves","16":"pa_pasaro-sudetis-kalakutiena","17":"pa_pasaro-sudetis-kiausiniai","18":"pa_pasaro-sudetis-uogos","19":"pa_pasaro-sudetis-vaisiai","20":"pa_pasaro-sudetis-vistiena","21":"pa_prekiu-zenklai-acana","22":"pa_suns-amzius-jauniems","23":"pa_suns-amzius-senjorams","24":"pa_suns-amzius-suaugusiems","25":"pa_suns-amzius-visiems-amziams","26":"pa_veisles-dydis-didelems-veislems","27":"pa_veisles-dydis-mazoms-veislems","28":"pa_veisles-dydis-vidutinems-veislems","29":"pa_veisles-dydis-visu-dydziu-veislems","31":"first","32":"instock","33":"featured","34":"taxable","35":"shipping-taxable","36":"purchasable","37":"product-type-variable"},"acf":[],"_links":{"self":[{"href":"https:\/\/zooprekes24.lt\/et\/wp-json\/wp\/v2\/product\/22466","targetHints":{"allow":["GET"]}}],"collection":[{"href":"https:\/\/zooprekes24.lt\/et\/wp-json\/wp\/v2\/product"}],"about":[{"href":"https:\/\/zooprekes24.lt\/et\/wp-json\/wp\/v2\/types\/product"}],"replies":[{"embeddable":true,"href":"https:\/\/zooprekes24.lt\/et\/wp-json\/wp\/v2\/comments?post=22466"}],"wp:featuredmedia":[{"embeddable":true,"href":"https:\/\/zooprekes24.lt\/et\/wp-json\/wp\/v2\/media\/19723"}],"wp:attachment":[{"href":"https:\/\/zooprekes24.lt\/et\/wp-json\/wp\/v2\/media?parent=22466"}],"wp:term":[{"taxonomy":"product_brand","embeddable":true,"href":"https:\/\/zooprekes24.lt\/et\/wp-json\/wp\/v2\/product_brand?post=22466"},{"taxonomy":"product_cat","embeddable":true,"href":"https:\/\/zooprekes24.lt\/et\/wp-json\/wp\/v2\/product_cat?post=22466"},{"taxonomy":"product_tag","embeddable":true,"href":"https:\/\/zooprekes24.lt\/et\/wp-json\/wp\/v2\/product_tag?post=22466"}],"curies":[{"name":"wp","href":"https:\/\/api.w.org\/{rel}","templated":true}]}}