{"id":22456,"date":"2024-04-18T21:22:27","date_gmt":"2024-04-18T18:22:27","guid":{"rendered":"https:\/\/zooprekes24.lt\/produktas\/brit-vitamins-skin-coat-sunims\/"},"modified":"2026-03-31T17:11:08","modified_gmt":"2026-03-31T15:11:08","slug":"briti-vitamiinid-nahk-karvkate-sunims","status":"publish","type":"product","link":"https:\/\/zooprekes24.lt\/et\/produktas\/brit-vitamins-skin-coat-sunims\/","title":{"rendered":"Brit Vitamins Skin &amp; Coat maisto papildas \u0161unims 150 g"},"content":{"rendered":"<h3>Brit Vitamins Skin &amp; Coat on funktsionaalne, maiuspala kujuline toidulisand koertele, mis toetab loomulikku ja tervislikku karvkatte. Soovitatakse t\u00e4iskasvanud koertele s\u00f6\u00f6tmise ajal ja n\u00f5udliku karvkatte hooldusega lemmikloomadele.<\/h3>\n<ul>\n<li>Linaseemned on alfa-linoleenhappe allikas.<\/li>\n<li>L\u00f5he\u00f5li ja vetikad - oomega-3-rasvhapete allikad.<\/li>\n<li>Kalendula, tsink ja B-vitamiinid naha tervise toetamiseks.<\/li>\n<li><a href=\"https:\/\/brit-petfood.com\/en\/\" target=\"_blank\" rel=\"noopener\">Brit<\/a> Vitamiinid <a href=\"https:\/\/zooprekes24.lt\/et\/kategorija\/prekes-sunims\/\" target=\"_blank\" rel=\"noopener\">Koertele<\/a> - teraviljavaba \/ sojavaba \/ v\u00e4rvainevaba \/ GMO-vaba.<\/li>\n<\/ul>","protected":false},"excerpt":{"rendered":"<p>Brit Vitamins Skin &amp; Coat &#8211; funkcionalus skan\u0117sto formos maisto papildas \u0161unims skirtas nat\u016braliam ir sveikam kailiui palaikyti. Rekomenduojamas suaugusiems \u0161unims \u0161\u0117rimosi metu ir augintiniams su reiklia kailio prie\u017ei\u016bra. Lin\u0173 s\u0117menys \u2013 alfa-linoleno r\u016bg\u0161ties \u0161altinis. La\u0161i\u0161\u0173 aliejus ir dumbliai \u2013 Omega-3 riebal\u0173 r\u016bg\u0161\u010di\u0173 \u0161altinis. Medetkos, cinkas ir B grup\u0117s vitaminai \u2013 \u00a0odos b\u016bklei palaikyti. Brit&#8230;<\/p>","protected":false},"featured_media":19717,"comment_status":"closed","ping_status":"closed","template":"","meta":{"_acf_changed":false,"slim_seo":{"title":"Brit Vitamins Skin &amp; Coat maisto papildas \u0161unims 150 g - Zooprekes24","description":"Brit Vitamins Skin &amp; Coat on funktsionaalne, maiuspala kujuline toidulisand koertele loomuliku ja terve karvkatte toetamiseks. Soovitatav t\u00e4iskasvanutele"},"iawp_total_views":87},"product_brand":[],"product_cat":[9029,32,8999,31,9022],"product_tag":[8224,8225,1358],"class_list":{"0":"post-22456","1":"product","2":"type-product","3":"status-publish","4":"has-post-thumbnail","6":"product_cat-brit-care","7":"product_cat-kitos-sunu-prekes","8":"product_cat-sunims","9":"product_cat-sunu-prekiu-gamintojai","10":"product_cat-vitaminai-ir-papildai-sunims","11":"product_tag-brit-vitaminai-sunims","12":"product_tag-brit-vitaminai-suns-kailiui","13":"product_tag-papildai-suns-kailiui","14":"pa_prekiu-zenklai-brit-care","15":"pa_suns-amzius-suaugusiems","16":"pa_veisles-dydis-didelems-veislems","17":"pa_veisles-dydis-mazoms-veislems","18":"pa_veisles-dydis-vidutinems-veislems","19":"pa_veisles-dydis-visu-dydziu-veislems","21":"first","22":"instock","23":"featured","24":"taxable","25":"shipping-taxable","26":"purchasable","27":"product-type-simple"},"acf":[],"_links":{"self":[{"href":"https:\/\/zooprekes24.lt\/et\/wp-json\/wp\/v2\/product\/22456","targetHints":{"allow":["GET"]}}],"collection":[{"href":"https:\/\/zooprekes24.lt\/et\/wp-json\/wp\/v2\/product"}],"about":[{"href":"https:\/\/zooprekes24.lt\/et\/wp-json\/wp\/v2\/types\/product"}],"replies":[{"embeddable":true,"href":"https:\/\/zooprekes24.lt\/et\/wp-json\/wp\/v2\/comments?post=22456"}],"wp:featuredmedia":[{"embeddable":true,"href":"https:\/\/zooprekes24.lt\/et\/wp-json\/wp\/v2\/media\/19717"}],"wp:attachment":[{"href":"https:\/\/zooprekes24.lt\/et\/wp-json\/wp\/v2\/media?parent=22456"}],"wp:term":[{"taxonomy":"product_brand","embeddable":true,"href":"https:\/\/zooprekes24.lt\/et\/wp-json\/wp\/v2\/product_brand?post=22456"},{"taxonomy":"product_cat","embeddable":true,"href":"https:\/\/zooprekes24.lt\/et\/wp-json\/wp\/v2\/product_cat?post=22456"},{"taxonomy":"product_tag","embeddable":true,"href":"https:\/\/zooprekes24.lt\/et\/wp-json\/wp\/v2\/product_tag?post=22456"}],"curies":[{"name":"wp","href":"https:\/\/api.w.org\/{rel}","templated":true}]}}