{"id":22455,"date":"2024-04-18T21:22:27","date_gmt":"2024-04-18T18:22:27","guid":{"rendered":"https:\/\/zooprekes24.lt\/produktas\/brit-vitamins-multivitamin-sunims\/"},"modified":"2026-03-31T17:07:00","modified_gmt":"2026-03-31T15:07:00","slug":"brit-vitamiinide-multivitamiin-koertele","status":"publish","type":"product","link":"https:\/\/zooprekes24.lt\/et\/produktas\/brit-vitamins-multivitamin-sunims\/","title":{"rendered":"Brit Vitamins Multivitamiini toidulisand koertele 150 g"},"content":{"rendered":"<h3>Brit Vitamins Multivitamins on funktsionaalne, maiuspala kujuline toidulisand koertele tervise ja immuunsuse toetamiseks. Seda soovitatakse t\u00e4iskasvanud koertele, kelle immuunsus on kahjustatud, samuti lemmiklooma optimaalse heaolu igap\u00e4evaseks s\u00e4ilitamiseks.<\/h3>\n<ul>\n<li>Multivitamiinide ja orgaaniliste mineraalide kompleks.<\/li>\n<li><a href=\"https:\/\/brit-petfood.com\/en\/\" target=\"_blank\" rel=\"noopener\">Brit<\/a> Vitamiinid <a href=\"https:\/\/zooprekes24.lt\/et\/kategorija\/prekes-sunims\/\" target=\"_blank\" rel=\"noopener\">Koertele<\/a> - teraviljavaba \/ sojavaba \/ v\u00e4rvainevaba \/ GMO-vaba.<\/li>\n<li>Taimne kompleks - antioks\u00fcdantide omadused \/ seedimist toetav \/ antimikroobne toime.<\/li>\n<\/ul>","protected":false},"excerpt":{"rendered":"<p>Brit Vitamins Multivitamin &#8211; funkcionalus skan\u0117sto formos maisto papildas \u0161unims skirtas sveikatai ir imunitetui palaikyti. Rekomenduojamas suaugusiems \u0161unims su susilpn\u0117jusiu imunitetu, taip pat kasdienei optimaliai augintinio savijautai palaikyti. Daugelio vitamin\u0173 ir organini\u0173 mineral\u0173 kompleksas. Brit Vitamins \u0161unims &#8211; be gr\u016bd\u0173 \/ be soj\u0173 \/ be da\u017eikli\u0173 \/ be GMO. Vaista\u017eoli\u0173 kompleksas \u2013 antioksidacin\u0117s savyb\u0117s \/&#8230;<\/p>","protected":false},"featured_media":19716,"comment_status":"closed","ping_status":"closed","template":"","meta":{"_acf_changed":false,"slim_seo":{"title":"Brit Vitamins Multivitamin maisto papildas \u0161unims 150 g - Zooprekes24","description":"Brit Vitamins Multivitamins on funktsionaalne, maiuspala kujuline toidulisand koertele tervise ja immuunsuse toetamiseks. Soovitatav t\u00e4iskasvanud koertele, kellel on"},"iawp_total_views":52},"product_brand":[],"product_cat":[9029,32,8999,31,9022],"product_tag":[],"class_list":{"0":"post-22455","1":"product","2":"type-product","3":"status-publish","4":"has-post-thumbnail","6":"product_cat-brit-care","7":"product_cat-kitos-sunu-prekes","8":"product_cat-sunims","9":"product_cat-sunu-prekiu-gamintojai","10":"product_cat-vitaminai-ir-papildai-sunims","11":"pa_prekiu-zenklai-brit-care","12":"pa_suns-amzius-suaugusiems","13":"pa_veisles-dydis-didelems-veislems","14":"pa_veisles-dydis-mazoms-veislems","15":"pa_veisles-dydis-vidutinems-veislems","16":"pa_veisles-dydis-visu-dydziu-veislems","18":"first","19":"instock","20":"featured","21":"taxable","22":"shipping-taxable","23":"purchasable","24":"product-type-simple"},"acf":[],"_links":{"self":[{"href":"https:\/\/zooprekes24.lt\/et\/wp-json\/wp\/v2\/product\/22455","targetHints":{"allow":["GET"]}}],"collection":[{"href":"https:\/\/zooprekes24.lt\/et\/wp-json\/wp\/v2\/product"}],"about":[{"href":"https:\/\/zooprekes24.lt\/et\/wp-json\/wp\/v2\/types\/product"}],"replies":[{"embeddable":true,"href":"https:\/\/zooprekes24.lt\/et\/wp-json\/wp\/v2\/comments?post=22455"}],"wp:featuredmedia":[{"embeddable":true,"href":"https:\/\/zooprekes24.lt\/et\/wp-json\/wp\/v2\/media\/19716"}],"wp:attachment":[{"href":"https:\/\/zooprekes24.lt\/et\/wp-json\/wp\/v2\/media?parent=22455"}],"wp:term":[{"taxonomy":"product_brand","embeddable":true,"href":"https:\/\/zooprekes24.lt\/et\/wp-json\/wp\/v2\/product_brand?post=22455"},{"taxonomy":"product_cat","embeddable":true,"href":"https:\/\/zooprekes24.lt\/et\/wp-json\/wp\/v2\/product_cat?post=22455"},{"taxonomy":"product_tag","embeddable":true,"href":"https:\/\/zooprekes24.lt\/et\/wp-json\/wp\/v2\/product_tag?post=22455"}],"curies":[{"name":"wp","href":"https:\/\/api.w.org\/{rel}","templated":true}]}}