{"id":22454,"date":"2024-04-18T21:22:27","date_gmt":"2024-04-18T18:22:27","guid":{"rendered":"https:\/\/zooprekes24.lt\/produktas\/brit-vitamins-mobility-papildas-sunims\/"},"modified":"2026-03-31T17:05:38","modified_gmt":"2026-03-31T15:05:38","slug":"briti-vitamiinid-liikumisvahendid-koertele","status":"publish","type":"product","link":"https:\/\/zooprekes24.lt\/et\/produktas\/brit-vitamins-mobility-papildas-sunims\/","title":{"rendered":"Brit Vitamins Mobility toidulisand koertele 150 g"},"content":{"rendered":"<h3>Brit Vitamins Mobility on funktsionaalne, maiuspala kujuline toidulisand koertele, mis toetab luude ja liigeste tervist. Soovitatav aktiivsetele, aktiivsetele ja treenivatele t\u00e4iskasvanud koertele. Sobib ka vanematele koertele liikuvuse toetamiseks.<\/h3>\n<ul>\n<li>Munakoored on looduslik kaltsiumiallikas.<\/li>\n<li>C-vitamiin ja kollageen - toetavad liigeseid ja k\u00f5\u00f5luseid.<\/li>\n<li><a href=\"https:\/\/brit-petfood.com\/en\/\" target=\"_blank\" rel=\"noopener\">Brit<\/a> Vitamiinid Liikuvus <a href=\"https:\/\/zooprekes24.lt\/et\/kategorija\/prekes-sunims\/\" target=\"_blank\" rel=\"noopener\">Koertele<\/a> - teraviljavaba \/ sojavaba \/ v\u00e4rvainevaba \/ GMO-vaba.<\/li>\n<li>MSM, kondroitiin, gl\u00fckoosamiin, kiudne boswellia, lokkis lehega uncaria - liigeste toetamine.<\/li>\n<li>L\u00f5he ja merevetikad - Omega-3 rasvhapete allikas - p\u00f5letikuvastane toime, toetab liigesehooldust.<\/li>\n<\/ul>","protected":false},"excerpt":{"rendered":"<p>Brit Vitamins Mobility &#8211; funkcionalus skan\u0117sto formos maisto papildas \u0161unims skirtas sveikiems kaulams ir s\u0105nariams palaikyti. Rekomenduojama aktyviems, veikliems ir sportuojantiems suaugusiems \u0161unims. Taip pat tinkamas vyresnio am\u017eiaus \u0161un\u0173 judrumui palaikyti. Kiau\u0161ini\u0173 luk\u0161tai \u2013 nat\u016bralus kalcio \u0161altinis. Vitaminas C ir kolagenas \u2013 s\u0105nari\u0173 ir sausgysli\u0173 palaikymas. Brit Vitamins Mobility \u0161unims &#8211; be gr\u016bd\u0173 \/ be&#8230;<\/p>","protected":false},"featured_media":19715,"comment_status":"closed","ping_status":"closed","template":"","meta":{"_acf_changed":false,"slim_seo":{"title":"Brit Vitamins Mobility maisto papildas \u0161unims 150 g - Zooprekes24","description":"Brit Vitamins Mobility - funkcionalus skan\u0117sto formos maisto papildas \u0161unims skirtas sveikiems kaulams ir s\u0105nariams palaikyti. Rekomenduojama aktyviems, veiklie"},"iawp_total_views":87},"product_brand":[],"product_cat":[9029,32,8999,31,9022],"product_tag":[8219],"class_list":{"0":"post-22454","1":"product","2":"type-product","3":"status-publish","4":"has-post-thumbnail","6":"product_cat-brit-care","7":"product_cat-kitos-sunu-prekes","8":"product_cat-sunims","9":"product_cat-sunu-prekiu-gamintojai","10":"product_cat-vitaminai-ir-papildai-sunims","11":"product_tag-brit-vitaminai-sunu-sanariams","12":"pa_prekiu-zenklai-brit-care","13":"pa_suns-amzius-senjorams","14":"pa_suns-amzius-suaugusiems","15":"pa_veisles-dydis-didelems-veislems","16":"pa_veisles-dydis-mazoms-veislems","17":"pa_veisles-dydis-vidutinems-veislems","18":"pa_veisles-dydis-visu-dydziu-veislems","20":"first","21":"instock","22":"featured","23":"taxable","24":"shipping-taxable","25":"purchasable","26":"product-type-simple"},"acf":[],"_links":{"self":[{"href":"https:\/\/zooprekes24.lt\/et\/wp-json\/wp\/v2\/product\/22454","targetHints":{"allow":["GET"]}}],"collection":[{"href":"https:\/\/zooprekes24.lt\/et\/wp-json\/wp\/v2\/product"}],"about":[{"href":"https:\/\/zooprekes24.lt\/et\/wp-json\/wp\/v2\/types\/product"}],"replies":[{"embeddable":true,"href":"https:\/\/zooprekes24.lt\/et\/wp-json\/wp\/v2\/comments?post=22454"}],"wp:featuredmedia":[{"embeddable":true,"href":"https:\/\/zooprekes24.lt\/et\/wp-json\/wp\/v2\/media\/19715"}],"wp:attachment":[{"href":"https:\/\/zooprekes24.lt\/et\/wp-json\/wp\/v2\/media?parent=22454"}],"wp:term":[{"taxonomy":"product_brand","embeddable":true,"href":"https:\/\/zooprekes24.lt\/et\/wp-json\/wp\/v2\/product_brand?post=22454"},{"taxonomy":"product_cat","embeddable":true,"href":"https:\/\/zooprekes24.lt\/et\/wp-json\/wp\/v2\/product_cat?post=22454"},{"taxonomy":"product_tag","embeddable":true,"href":"https:\/\/zooprekes24.lt\/et\/wp-json\/wp\/v2\/product_tag?post=22454"}],"curies":[{"name":"wp","href":"https:\/\/api.w.org\/{rel}","templated":true}]}}