{"id":22453,"date":"2024-04-18T21:22:27","date_gmt":"2024-04-18T18:22:27","guid":{"rendered":"https:\/\/zooprekes24.lt\/produktas\/brit-vitamins-probiotic-papildas-sunims\/"},"modified":"2026-03-31T17:03:40","modified_gmt":"2026-03-31T15:03:40","slug":"brit-vitamins-postbiotics-maisto-papildas-sunims-150g","status":"publish","type":"product","link":"https:\/\/zooprekes24.lt\/et\/produktas\/brit-vitamins-postbiotics-maisto-papildas-sunims-150g\/","title":{"rendered":"Brit Vitamins Postbiotics maisto papildas \u0161unims 150 g"},"content":{"rendered":"<h3>Brit Vitamins Postbiotics &#8211; funkcionalus skan\u0117sto formos maisto papildas \u0161unims skirtas sveiko imuniteto ir nat\u016brali\u0173 bakterij\u0173 pusiausvyros palaikymui. Rekomenduojamas suaugusiems \u0161unims, turintiems vir\u0161kinimo problem\u0173 arba antibiotikus vartojantiems augintiniams.<\/h3>\n<ul>\n<li>Lactobacillus - paraprobiotiline toime.<\/li>\n<li>Mannani oligosahhariidid - prebiootiline toime.<\/li>\n<li>\u03b2-gl\u00fckaanid ja inuliin - toetavad soolestiku tervist.<\/li>\n<li><a href=\"https:\/\/brit-petfood.com\/en\/\" target=\"_blank\" rel=\"noopener\">Brit<\/a> Vitamiinid <a href=\"https:\/\/zooprekes24.lt\/et\/kategorija\/prekes-sunims\/\" target=\"_blank\" rel=\"noopener\">Koertele<\/a> - teraviljavaba \/ sojavaba \/ v\u00e4rvainevaba \/ GMO-vaba.<\/li>\n<li>Yucca - aitab seedeh\u00e4irete \/ l\u00f5hnade kontrollimisel.<\/li>\n<\/ul>","protected":false},"excerpt":{"rendered":"<p>Brit Vitamins Postbiotics &#8211; funkcionalus skan\u0117sto formos maisto papildas \u0161unims skirtas sveiko imuniteto ir nat\u016brali\u0173 bakterij\u0173 pusiausvyros palaikymui. Rekomenduojamas suaugusiems \u0161unims, turintiems vir\u0161kinimo problem\u0173 arba antibiotikus vartojantiems augintiniams. Lactobacillus \u2013 paraprobiotinis poveikis. Manano oligosacharidai \u2013 prebiotinis poveikis. \u03b2-gliukanai ir inulinas \u2013 \u017earnyno sveikatos palaikymas. Brit Vitamins \u0161unims &#8211; be gr\u016bd\u0173 \/ be soj\u0173 \/ be&#8230;<\/p>","protected":false},"featured_media":38329,"comment_status":"closed","ping_status":"closed","template":"","meta":{"_acf_changed":false,"slim_seo":{"title":"Brit Vitamins Postbiotics maisto papildas \u0161unims 150 g - Zooprekes24","description":"Brit Vitamins Postbiotics - funkcionalus skan\u0117sto formos maisto papildas \u0161unims skirtas sveiko imuniteto ir nat\u016brali\u0173 bakterij\u0173 pusiausvyros palaikymui. Rekomen"},"iawp_total_views":99},"product_brand":[],"product_cat":[9029,32,8999,31,9022],"product_tag":[8215,6142,6143,8217],"class_list":{"0":"post-22453","1":"product","2":"type-product","3":"status-publish","4":"has-post-thumbnail","6":"product_cat-brit-care","7":"product_cat-kitos-sunu-prekes","8":"product_cat-sunims","9":"product_cat-sunu-prekiu-gamintojai","10":"product_cat-vitaminai-ir-papildai-sunims","11":"product_tag-brit-probiotikai","12":"product_tag-gerosios-bakterijos-katems","13":"product_tag-probiotikai-katems","14":"product_tag-probiotikai-sunims","15":"pa_prekiu-zenklai-brit-care","16":"pa_suns-amzius-suaugusiems","17":"pa_veisles-dydis-didelems-veislems","18":"pa_veisles-dydis-mazoms-veislems","19":"pa_veisles-dydis-vidutinems-veislems","20":"pa_veisles-dydis-visu-dydziu-veislems","22":"first","23":"instock","24":"featured","25":"taxable","26":"shipping-taxable","27":"purchasable","28":"product-type-simple"},"acf":[],"_links":{"self":[{"href":"https:\/\/zooprekes24.lt\/et\/wp-json\/wp\/v2\/product\/22453","targetHints":{"allow":["GET"]}}],"collection":[{"href":"https:\/\/zooprekes24.lt\/et\/wp-json\/wp\/v2\/product"}],"about":[{"href":"https:\/\/zooprekes24.lt\/et\/wp-json\/wp\/v2\/types\/product"}],"replies":[{"embeddable":true,"href":"https:\/\/zooprekes24.lt\/et\/wp-json\/wp\/v2\/comments?post=22453"}],"wp:featuredmedia":[{"embeddable":true,"href":"https:\/\/zooprekes24.lt\/et\/wp-json\/wp\/v2\/media\/38329"}],"wp:attachment":[{"href":"https:\/\/zooprekes24.lt\/et\/wp-json\/wp\/v2\/media?parent=22453"}],"wp:term":[{"taxonomy":"product_brand","embeddable":true,"href":"https:\/\/zooprekes24.lt\/et\/wp-json\/wp\/v2\/product_brand?post=22453"},{"taxonomy":"product_cat","embeddable":true,"href":"https:\/\/zooprekes24.lt\/et\/wp-json\/wp\/v2\/product_cat?post=22453"},{"taxonomy":"product_tag","embeddable":true,"href":"https:\/\/zooprekes24.lt\/et\/wp-json\/wp\/v2\/product_tag?post=22453"}],"curies":[{"name":"wp","href":"https:\/\/api.w.org\/{rel}","templated":true}]}}