{"id":22452,"date":"2024-04-18T21:22:27","date_gmt":"2024-04-18T18:22:27","guid":{"rendered":"https:\/\/zooprekes24.lt\/produktas\/dibaq-eurobeef-sausas-maistas-sunims\/"},"modified":"2025-11-18T11:35:45","modified_gmt":"2025-11-18T09:35:45","slug":"dibaq-eurobeef-sausas-maistas-sunims","status":"publish","type":"product","link":"https:\/\/zooprekes24.lt\/et\/produktas\/dibaq-eurobeef-sausas-maistas-sunims\/","title":{"rendered":"Dibaq Eurobeef kuivtoit koertele 15 kg"},"content":{"rendered":"<h3>Dibaq Eurobeef &#8211; visavertis pa\u0161aras vis\u0173 veisli\u0173 suaugusiems \u0161unims su \u012fprastais energijos poreikiais. Sausas \u0117dalas pagamintas \u010cekijoje, Dibaq gamykloje, toje pa\u010dioje gamykloje kur gaminami ir \u017einomi, auk\u0161tos kokyb\u0117s\u00a0<a href=\"https:\/\/zooprekes24.lt\/?s=Fitmin+\u0161unims&amp;post_type=product\" target=\"_blank\" rel=\"noopener\">Fitmin<\/a> pa\u0161arai. Be GMO, sojos, da\u017eikli\u0173 ar konservant\u0173.<\/h3>\n<ul>\n<li>Gardi jautienos formul\u0117.<\/li>\n<li>Auk\u0161ta kokyb\u0117 u\u017e prieinam\u0105 kain\u0105.<\/li>\n<li>Pritaikyta vis\u0173 veisli\u0173 suaugusiems \u0161unims.<\/li>\n<li>Praturtinta naudingais vitaminais ir mineralais.<\/li>\n<li>Sud\u0117tis papildyta obuoli\u0173 skaidulomis, kurios palaiko ger\u0105 \u0161uns vir\u0161kinim\u0105.<\/li>\n<li>Vidutinio dyd\u017eio (\u2300 17 mm) tra\u0161kios granul\u0117s yra lengvai kramtomos ir gardaus skonio.<\/li>\n<li><a href=\"https:\/\/dibaq.com\/en\/products-and-services\/\" target=\"_blank\" rel=\"noopener\">Dibaq<\/a> Eurobeef sausas maistas specialiai pritaikytas <a href=\"https:\/\/zooprekes24.lt\/kategorija\/prekes-sunims\/sunu-maistas\/sausas-maistas-sunims\/?filters=suns-amzius[236]\">suaugusi\u0173 \u0161un\u0173<\/a> poreikiams. \u0160is ekonomi\u0161kas pa\u0161aras apr\u016bpina \u0161uns organizm\u0105 reikalingais mineralais ir vitaminais, puikiai tinka kasdienei mitybai. Be GMO, sojos, da\u017eikli\u0173 ar konservant\u0173.<\/li>\n<\/ul>\n","protected":false},"excerpt":{"rendered":"<p>Dibaq Eurobeef &#8211; visavertis pa\u0161aras vis\u0173 veisli\u0173 suaugusiems \u0161unims su \u012fprastais energijos poreikiais. Sausas \u0117dalas pagamintas \u010cekijoje, Dibaq gamykloje, toje pa\u010dioje gamykloje kur gaminami ir \u017einomi, auk\u0161tos kokyb\u0117s\u00a0Fitmin pa\u0161arai. Be GMO, sojos, da\u017eikli\u0173 ar konservant\u0173. Gardi jautienos formul\u0117. Auk\u0161ta kokyb\u0117 u\u017e prieinam\u0105 kain\u0105. Pritaikyta vis\u0173 veisli\u0173 suaugusiems \u0161unims. Praturtinta naudingais vitaminais ir mineralais. Sud\u0117tis papildyta&#8230;<\/p>","protected":false},"featured_media":19713,"comment_status":"closed","ping_status":"closed","template":"","meta":{"_acf_changed":false,"slim_seo":{"title":"Dibaq Eurobeef sausas maistas \u0161unims 15 kg - Zooprekes24","description":"Dibaq Eurobeef - visavertis pa\u0161aras vis\u0173 veisli\u0173 suaugusiems \u0161unims su \u012fprastais energijos poreikiais. Sausas \u0117dalas pagamintas \u010cekijoje, Dibaq gamykloje, toje"},"iawp_total_views":198},"product_brand":[],"product_cat":[9002,8999,29],"product_tag":[6964],"class_list":{"0":"post-22452","1":"product","2":"type-product","3":"status-publish","4":"has-post-thumbnail","6":"product_cat-sausas-maistas","7":"product_cat-sunims","8":"product_cat-sunu-maistas","9":"product_tag-ekonomiskas-maistas-sunims","10":"pa_pasaro-sudetis-jautiena","11":"pa_pasaro-sudetis-kepeneles","12":"pa_pasaro-sudetis-kiauliena","13":"pa_pasaro-sudetis-paukstiena","14":"pa_pasaro-sudetis-vaisiai","15":"pa_prekiu-zenklai-dibaq","16":"pa_suns-amzius-suaugusiems","17":"pa_veisles-dydis-didelems-veislems","18":"pa_veisles-dydis-mazoms-veislems","19":"pa_veisles-dydis-vidutinems-veislems","20":"pa_veisles-dydis-visu-dydziu-veislems","22":"first","23":"outofstock","24":"featured","25":"taxable","26":"shipping-taxable","27":"purchasable","28":"product-type-simple"},"acf":[],"_links":{"self":[{"href":"https:\/\/zooprekes24.lt\/et\/wp-json\/wp\/v2\/product\/22452","targetHints":{"allow":["GET"]}}],"collection":[{"href":"https:\/\/zooprekes24.lt\/et\/wp-json\/wp\/v2\/product"}],"about":[{"href":"https:\/\/zooprekes24.lt\/et\/wp-json\/wp\/v2\/types\/product"}],"replies":[{"embeddable":true,"href":"https:\/\/zooprekes24.lt\/et\/wp-json\/wp\/v2\/comments?post=22452"}],"wp:featuredmedia":[{"embeddable":true,"href":"https:\/\/zooprekes24.lt\/et\/wp-json\/wp\/v2\/media\/19713"}],"wp:attachment":[{"href":"https:\/\/zooprekes24.lt\/et\/wp-json\/wp\/v2\/media?parent=22452"}],"wp:term":[{"taxonomy":"product_brand","embeddable":true,"href":"https:\/\/zooprekes24.lt\/et\/wp-json\/wp\/v2\/product_brand?post=22452"},{"taxonomy":"product_cat","embeddable":true,"href":"https:\/\/zooprekes24.lt\/et\/wp-json\/wp\/v2\/product_cat?post=22452"},{"taxonomy":"product_tag","embeddable":true,"href":"https:\/\/zooprekes24.lt\/et\/wp-json\/wp\/v2\/product_tag?post=22452"}],"curies":[{"name":"wp","href":"https:\/\/api.w.org\/{rel}","templated":true}]}}