{"id":22451,"date":"2024-04-18T21:22:27","date_gmt":"2024-04-18T18:22:27","guid":{"rendered":"https:\/\/zooprekes24.lt\/produktas\/fitmin-for-life-duck-stripes-sunims\/"},"modified":"2024-11-06T16:54:08","modified_gmt":"2024-11-06T13:54:08","slug":"fitmin-for-life-parditriibud-sunims","status":"publish","type":"product","link":"https:\/\/zooprekes24.lt\/et\/produktas\/fitmin-for-life-duck-stripes-sunims\/","title":{"rendered":"Fitmin for Life Duck Stripes maiuspalad koertele 70 g"},"content":{"rendered":"<h3>Fitmin for Life Duck Stripes - maitsvad ja v\u00e4rvimata pardifilee ribad. Need v\u00e4hese rasvasisaldusega, kuid k\u00f5rge toitainesisaldusega maiuspalad sobivad ideaalselt premeerimiseks, treeninguks v\u00f5i maitsvaks maiuspalaks.<\/h3>\n<ul>\n<li>Suurep\u00e4rane \u00fche valgu allikas.<\/li>\n<li>Sobib igas vanuses ja t\u00f5ugu koertele.<\/li>\n<li><a href=\"https:\/\/zooprekes24.lt\/et\/kategorija\/prekes-sunims\/koera-degusteerijad\/minksti-kramtalai-sunims\/\" target=\"_blank\" rel=\"noopener\">Ideaalne koolituseks<\/a>preemia v\u00f5i maitsva s\u00f6\u00f6gi eest.<\/li>\n<li><a href=\"https:\/\/www.fitmin.cz\" target=\"_blank\" rel=\"noopener\">Fitmin<\/a> for Life Duck Stripes maiuspalad ei sisalda v\u00e4rvaineid, l\u00f5hna- ja maitseaineid ega teravilja.<\/li>\n<li>Valmistatud 100 % pardifilee lihast, on need kergesti n\u00e4rimisk\u00f5lblikud ja kalorivabad.<\/li>\n<li>Need maiuspalad on kergesti seeditavad, ideaalsed tundliku seedetraktiga pardis\u00f5pradele.<\/li>\n<li>Pakendatud kasutajas\u00f5bralikku, taaskohustatavasse kotti, mida saab avada ja uuesti sulgeda, nii et need p\u00fcsivad kaua v\u00e4rskena.<\/li>\n<\/ul>","protected":false},"excerpt":{"rendered":"<p>Fitmin for Life Duck Stripes &#8211; gard\u017eios ir nekoloringos antienos fil\u0117 juostel\u0117s. Ma\u017eai riebal\u0173, bet daug maisting\u0173 med\u017eiag\u0173 turintys skan\u0117stai nepaliks abejing\u0173 ir puikiai tiks atlygiui, treniravimui ar skaniam pasigard\u017eiavimui. Puikus vieno baltymo \u0161altinis. Pritaikyti vis\u0173 am\u017eiaus grupi\u0173 ir veisli\u0173 \u0161unims. Tobulai tinka treniravimui, atlygiui arba skaniai u\u017ek\u0105sti. Fitmin for Life Duck Stripes skan\u0117st\u0173 sud\u0117tyje&#8230;<\/p>","protected":false},"featured_media":19711,"comment_status":"closed","ping_status":"closed","template":"","meta":{"_acf_changed":false,"slim_seo":{"title":"Fitmin for Life Duck Stripes skan\u0117stai \u0161unims 70 g - Zooprekes24","description":"Fitmin for Life Duck Stripes - gard\u017eios ir nekoloringos antienos fil\u0117 juostel\u0117s. Ma\u017eai riebal\u0173, bet daug maisting\u0173 med\u017eiag\u0173 turintys skan\u0117stai nepaliks abejing\u0173"},"iawp_total_views":32},"product_brand":[],"product_cat":[9043,9010,8999,31,30],"product_tag":[8058,8060,1618,1623,1624,792,391],"class_list":{"0":"post-22451","1":"product","2":"type-product","3":"status-publish","4":"has-post-thumbnail","6":"product_cat-fitmin-for-life-sunims","7":"product_cat-naturalus-skanestai","8":"product_cat-sunims","9":"product_cat-sunu-prekiu-gamintojai","10":"product_cat-sunu-skanestai","11":"product_tag-antienos-file-suniui","12":"product_tag-antienos-krutineles-file-sunims","13":"product_tag-fitmin-for-life-naturalus-skanestai","14":"product_tag-fitmin-skanestai-sunims","15":"product_tag-fitmin-skanukai-sunims","16":"product_tag-naturalus-skanestai-sunims","17":"product_tag-traskus-skanestai-sunims","18":"pa_pasaro-sudetis-antiena","19":"pa_prekiu-zenklai-fitmin-for-life","20":"pa_suns-amzius-jauniems","21":"pa_suns-amzius-senjorams","22":"pa_suns-amzius-suaugusiems","23":"pa_suns-amzius-visiems-amziams","24":"pa_veisles-dydis-didelems-veislems","25":"pa_veisles-dydis-mazoms-veislems","26":"pa_veisles-dydis-vidutinems-veislems","27":"pa_veisles-dydis-visu-dydziu-veislems","29":"first","30":"outofstock","31":"featured","32":"taxable","33":"shipping-taxable","34":"purchasable","35":"product-type-simple"},"acf":[],"_links":{"self":[{"href":"https:\/\/zooprekes24.lt\/et\/wp-json\/wp\/v2\/product\/22451","targetHints":{"allow":["GET"]}}],"collection":[{"href":"https:\/\/zooprekes24.lt\/et\/wp-json\/wp\/v2\/product"}],"about":[{"href":"https:\/\/zooprekes24.lt\/et\/wp-json\/wp\/v2\/types\/product"}],"replies":[{"embeddable":true,"href":"https:\/\/zooprekes24.lt\/et\/wp-json\/wp\/v2\/comments?post=22451"}],"wp:featuredmedia":[{"embeddable":true,"href":"https:\/\/zooprekes24.lt\/et\/wp-json\/wp\/v2\/media\/19711"}],"wp:attachment":[{"href":"https:\/\/zooprekes24.lt\/et\/wp-json\/wp\/v2\/media?parent=22451"}],"wp:term":[{"taxonomy":"product_brand","embeddable":true,"href":"https:\/\/zooprekes24.lt\/et\/wp-json\/wp\/v2\/product_brand?post=22451"},{"taxonomy":"product_cat","embeddable":true,"href":"https:\/\/zooprekes24.lt\/et\/wp-json\/wp\/v2\/product_cat?post=22451"},{"taxonomy":"product_tag","embeddable":true,"href":"https:\/\/zooprekes24.lt\/et\/wp-json\/wp\/v2\/product_tag?post=22451"}],"curies":[{"name":"wp","href":"https:\/\/api.w.org\/{rel}","templated":true}]}}