{"id":22450,"date":"2024-04-18T21:22:27","date_gmt":"2024-04-18T18:22:27","guid":{"rendered":"https:\/\/zooprekes24.lt\/produktas\/fitmin-for-life-duck-fish-skanestai\/"},"modified":"2024-05-22T14:38:04","modified_gmt":"2024-05-22T11:38:04","slug":"fitmin-for-life-pardikala-skanestai","status":"publish","type":"product","link":"https:\/\/zooprekes24.lt\/et\/produktas\/fitmin-for-life-duck-fish-skanestai\/","title":{"rendered":"Fitmin for Life Duck &amp; Fish maiuspalad koertele ja kassidele 70 g"},"content":{"rendered":"<h3>Fitmin for Life Duck &amp; Fish - pehmed pardi- ja kalamaitselised suupisted igas vanuses koertele ja <a href=\"https:\/\/zooprekes24.lt\/et\/kategorija\/prekes-katems\/\" target=\"_blank\" rel=\"noopener\">kasside jaoks<\/a> k\u00f5rge valgusisaldusega ja madala rasvasisaldusega. H\u00f5rgutised on l\u00f5igatud v\u00e4ikesteks t\u00fckkideks, mis s\u00e4ilitavad eriti maitsva maitse ning v\u00e4rske pardi ja kala ahvatleva l\u00f5hna.<\/h3>\n<ul>\n<li>Pehme, kergesti n\u00e4ritav.<\/li>\n<li><a href=\"https:\/\/www.fitmin.cz\/p\/ffl-dog-cat-treat-duck-jerky-70g?backlink=172do%3Dsortproductsdo%3Dsortproducts#tabs-4\" target=\"_blank\" rel=\"noopener\">H\u00f5rgutised ei sisalda v\u00e4rvaineid, l\u00f5hna- ja maitseaineid ega teravilja.<\/a>.<\/li>\n<li>Pakitud kasutajas\u00f5bralikku zip-lock pakendisse, mis tagab kauakestva v\u00e4rskuse.<\/li>\n<li>T\u00e4nu oma koostisele ja maitsvale maitsele on pardi- ja kalah\u00f5rgutised ka k\u00f5ige n\u00f5udlikumate lemmikloomade lemmikud.<\/li>\n<li>Fitmin for Life Duck &amp; Fish maiuspalad koertele ja kassidele sobivad suurep\u00e4raselt premeerimiseks, treeninguks v\u00f5i maitsvaks vahepalaks.<\/li>\n<\/ul>","protected":false},"excerpt":{"rendered":"<p>Fitmin for Life Duck &amp; Fish &#8211; mink\u0161ti antienos ir \u017euvies skonio k\u0105sneliai vis\u0173 am\u017eiaus grupi\u0173 \u0161unims ir kat\u0117ms su daug kokybi\u0161k\u0173 baltym\u0173 ir ma\u017eai riebal\u0173. Skan\u0117stai supjaustyti ma\u017eais gabal\u0117liais, kurie i\u0161laiko ypatingai gard\u0173 skon\u012f ir augintin\u012f viliojanti \u0161vie\u017eios antienos ir \u017euvies kvap\u0105. Mink\u0161ti, lengvai kramtomi. Skan\u0117st\u0173 sud\u0117tyje n\u0117ra da\u017eikli\u0173, kvapikli\u0173 bei gr\u016bd\u0173. Supakuoti patogioje&#8230;<\/p>","protected":false},"featured_media":19710,"comment_status":"closed","ping_status":"closed","template":"","meta":{"_acf_changed":false,"slim_seo":{"title":"Fitmin for Life Duck & Fish skan\u0117stai \u0161unims ir kat\u0117ms 70 g - Zooprekes24","description":"Fitmin for Life Duck &amp; Fish - pehmed pardi- ja kalamaitselised suupisted igas vanuses koertele ja kassidele, mis sisaldavad kvaliteetset valku ja on madala rasvasisaldusega. S"},"iawp_total_views":115},"product_brand":[],"product_cat":[9042,9043,72,83,25,9010,9018,8999,31,30],"product_tag":[4512,1618,3559,2008,2013,2023],"class_list":{"0":"post-22450","1":"product","2":"type-product","3":"status-publish","4":"has-post-thumbnail","6":"product_cat-fitmin-for-life-katems","7":"product_cat-fitmin-for-life-sunims","8":"product_cat-kaciu-maistas","9":"product_cat-kaciu-prekiu-gamintojai","10":"product_cat-katems","11":"product_cat-naturalus-skanestai","12":"product_cat-skanestai","13":"product_cat-sunims","14":"product_cat-sunu-prekiu-gamintojai","15":"product_cat-sunu-skanestai","16":"product_tag-antienos-skanestai-katei","17":"product_tag-fitmin-for-life-naturalus-skanestai","18":"product_tag-fitmin-for-life-skanukai-katei","19":"product_tag-kaciu-skanestai","20":"product_tag-naturalus-skanestai-katems","21":"product_tag-traskus-skanestai-katems","22":"pa_pasaro-sudetis-antiena","23":"pa_pasaro-sudetis-zuvis","24":"pa_prekiu-zenklai-fitmin-for-life","25":"pa_suns-amzius-jauniems","26":"pa_suns-amzius-senjorams","27":"pa_suns-amzius-suaugusiems","28":"pa_suns-amzius-visiems-amziams","29":"pa_veisles-dydis-didelems-veislems","30":"pa_veisles-dydis-mazoms-veislems","31":"pa_veisles-dydis-vidutinems-veislems","32":"pa_veisles-dydis-visu-dydziu-veislems","34":"first","35":"instock","36":"featured","37":"taxable","38":"shipping-taxable","39":"purchasable","40":"product-type-simple"},"acf":[],"_links":{"self":[{"href":"https:\/\/zooprekes24.lt\/et\/wp-json\/wp\/v2\/product\/22450","targetHints":{"allow":["GET"]}}],"collection":[{"href":"https:\/\/zooprekes24.lt\/et\/wp-json\/wp\/v2\/product"}],"about":[{"href":"https:\/\/zooprekes24.lt\/et\/wp-json\/wp\/v2\/types\/product"}],"replies":[{"embeddable":true,"href":"https:\/\/zooprekes24.lt\/et\/wp-json\/wp\/v2\/comments?post=22450"}],"wp:featuredmedia":[{"embeddable":true,"href":"https:\/\/zooprekes24.lt\/et\/wp-json\/wp\/v2\/media\/19710"}],"wp:attachment":[{"href":"https:\/\/zooprekes24.lt\/et\/wp-json\/wp\/v2\/media?parent=22450"}],"wp:term":[{"taxonomy":"product_brand","embeddable":true,"href":"https:\/\/zooprekes24.lt\/et\/wp-json\/wp\/v2\/product_brand?post=22450"},{"taxonomy":"product_cat","embeddable":true,"href":"https:\/\/zooprekes24.lt\/et\/wp-json\/wp\/v2\/product_cat?post=22450"},{"taxonomy":"product_tag","embeddable":true,"href":"https:\/\/zooprekes24.lt\/et\/wp-json\/wp\/v2\/product_tag?post=22450"}],"curies":[{"name":"wp","href":"https:\/\/api.w.org\/{rel}","templated":true}]}}