{"id":22449,"date":"2024-04-18T21:22:18","date_gmt":"2024-04-18T18:22:18","guid":{"rendered":"https:\/\/zooprekes24.lt\/produktas\/sanal-puppy-skanestai-suniukams\/"},"modified":"2025-11-12T15:44:20","modified_gmt":"2025-11-12T13:44:20","slug":"sanal-puppy-treats-kutsikatele","status":"publish","type":"product","link":"https:\/\/zooprekes24.lt\/et\/produktas\/sanal-puppy-skanestai-suniukams\/","title":{"rendered":"Sanal Puppy maiuspalad kutsikatele 75 g"},"content":{"rendered":"<h3>Sanal Puppy &#8211; skan\u0117stai jauniems \u0161uniukams, padedantys palaikyti sveik\u0105 vystym\u0105si. <a href=\"https:\/\/www.sanal.nl\/en\/\" target=\"_blank\" rel=\"noopener\">Becukr\u0117 sud\u0117tis.<\/a><\/h3>\n<ul>\n<li>Skan\u0117stai lengvai kramtomi.<\/li>\n<li>Padeda palaikyti sveik\u0105 ir blizg\u0173 kailiuk\u0105.<\/li>\n<li>Praturtinti\u00a0miel\u0117mis ir vitaminais B1, B2, B6 ir B12.<\/li>\n<li>Pritaikyti vis\u0173 veisli\u0173 <a href=\"https:\/\/zooprekes24.lt\/kategorija\/prekes-sunims\/?filters=suns-amzius[235]\" target=\"_blank\" rel=\"noopener\">\u0161uniukams<\/a> nuo 6 savai\u010di\u0173 am\u017eiaus.<\/li>\n<li>Sud\u0117tis papildyta kalciu, reikalingu besivystantiems kaulams ir dantims.<\/li>\n<\/ul>\n","protected":false},"excerpt":{"rendered":"<p>Sanal Puppy - maiuspalad noortele kutsikatele, mis toetavad tervislikku arengut.  Maiuspalad on kergesti n\u00e4rimisk\u00f5lblikud. Aitab s\u00e4ilitada tervislikku ja l\u00e4ikivat karvkatte. Rikastatud p\u00e4rmi ja B1, B2, B6 ja B12 vitamiinidega. Sobib k\u00f5ikidele t\u00f5ugudele alates 6 n\u00e4dala vanusest. T\u00e4iendatud kaltsiumiga luude ja hammaste arenguks.<\/p>","protected":false},"featured_media":19709,"comment_status":"closed","ping_status":"closed","template":"","meta":{"_acf_changed":false,"slim_seo":{"title":"Sanal Puppy skan\u0117stai \u0161uniukams 75 g - Zooprekes24","description":"Sanal Puppy - maiuspalad noortele kutsikatele, mis toetavad tervislikku arengut.  Maiuspalad on kergesti n\u00e4rimisk\u00f5lblikud. Aitab s\u00e4ilitada tervislikku ja l\u00e4ikivat kutsikat."},"iawp_total_views":46},"product_brand":[],"product_cat":[32,8999,9022],"product_tag":[],"class_list":{"0":"post-22449","1":"product","2":"type-product","3":"status-publish","4":"has-post-thumbnail","6":"product_cat-kitos-sunu-prekes","7":"product_cat-sunims","8":"product_cat-vitaminai-ir-papildai-sunims","9":"pa_prekiu-zenklai-sanal","10":"pa_suns-amzius-jauniems","11":"pa_veisles-dydis-didelems-veislems","12":"pa_veisles-dydis-mazoms-veislems","13":"pa_veisles-dydis-vidutinems-veislems","14":"pa_veisles-dydis-visu-dydziu-veislems","16":"first","17":"instock","18":"featured","19":"taxable","20":"shipping-taxable","21":"purchasable","22":"product-type-simple"},"acf":[],"_links":{"self":[{"href":"https:\/\/zooprekes24.lt\/et\/wp-json\/wp\/v2\/product\/22449","targetHints":{"allow":["GET"]}}],"collection":[{"href":"https:\/\/zooprekes24.lt\/et\/wp-json\/wp\/v2\/product"}],"about":[{"href":"https:\/\/zooprekes24.lt\/et\/wp-json\/wp\/v2\/types\/product"}],"replies":[{"embeddable":true,"href":"https:\/\/zooprekes24.lt\/et\/wp-json\/wp\/v2\/comments?post=22449"}],"wp:featuredmedia":[{"embeddable":true,"href":"https:\/\/zooprekes24.lt\/et\/wp-json\/wp\/v2\/media\/19709"}],"wp:attachment":[{"href":"https:\/\/zooprekes24.lt\/et\/wp-json\/wp\/v2\/media?parent=22449"}],"wp:term":[{"taxonomy":"product_brand","embeddable":true,"href":"https:\/\/zooprekes24.lt\/et\/wp-json\/wp\/v2\/product_brand?post=22449"},{"taxonomy":"product_cat","embeddable":true,"href":"https:\/\/zooprekes24.lt\/et\/wp-json\/wp\/v2\/product_cat?post=22449"},{"taxonomy":"product_tag","embeddable":true,"href":"https:\/\/zooprekes24.lt\/et\/wp-json\/wp\/v2\/product_tag?post=22449"}],"curies":[{"name":"wp","href":"https:\/\/api.w.org\/{rel}","templated":true}]}}