{"id":22448,"date":"2024-04-18T21:22:18","date_gmt":"2024-04-18T18:22:18","guid":{"rendered":"https:\/\/zooprekes24.lt\/produktas\/sanal-seaweed-pasaro-papildas-sunims\/"},"modified":"2025-11-12T15:44:06","modified_gmt":"2025-11-12T13:44:06","slug":"sanal-merevetikast-soodalisand-koertele","status":"publish","type":"product","link":"https:\/\/zooprekes24.lt\/et\/produktas\/sanal-seaweed-pasaro-papildas-sunims\/","title":{"rendered":"Sanal Merivetikad toidulisand koertele 100 g"},"content":{"rendered":"<h3>Sanal Seaweed on tervislik ja maitsev toidulisand merevetikaga, mis stimuleerib ainevahetust. K\u00f5igi t\u00f5ugude ja vanuseastmete koertele. Suhkruvabad koostisosad.<\/h3>\n<ul>\n<li>Toidulisandit on lihtne n\u00e4rida.<\/li>\n<li>Kaltsiumiga tugevate luude ja hammaste jaoks.<\/li>\n<li>Sobib k\u00f5ikidele t\u00f5ugudele ja vanuser\u00fchmadele <a href=\"https:\/\/zooprekes24.lt\/et\/kategorija\/prekes-sunims\/\" target=\"_blank\" rel=\"noopener\">Koertele<\/a>.<\/li>\n<li>T\u00e4iendus aitab s\u00e4ilitada terve ja l\u00e4ikiva karvkatte.<\/li>\n<li>Rikastatud p\u00e4rmi ja B1-, B2-, B6- ja B12-vitamiinidega.<\/li>\n<li><a href=\"https:\/\/www.sanal.nl\/en\/\" target=\"_blank\" rel=\"noopener\">Sanal<\/a> Merivetikad ei sisalda s\u00e4ilitusaineid, seega on toode 100 % looduslik.<\/li>\n<li>Merevetikad on juba ammu peetud \u00fcheks k\u00f5ige kasulikumaks toidutaimeks maa peal, kuna need sisaldavad rohkesti olulisi vitamiine ja mineraalaineid. Need tugevdavad organismi, parandavad ainevahetust ja seedimist.<\/li>\n<\/ul>","protected":false},"excerpt":{"rendered":"<p>Sanal Seaweed &#8211; sveikas ir gardus maisto papildas su j\u016br\u0173 dumbliais, skatinan\u010diais med\u017eiag\u0173 apykait\u0105. Skirtas vis\u0173 veisli\u0173 ir am\u017eiaus grupi\u0173 \u0161unims.\u00a0Becukr\u0117 sud\u0117tis. Papildas yra lengvai kramtomas. Su kalciu stipriems kaulams ir dantims. Pritaikytas vis\u0173 veisli\u0173 ir am\u017eiaus grupi\u0173 \u0161unims. Papildas padeda palaikyti sveik\u0105 ir blizg\u0173 kailiuk\u0105. Praturtinta miel\u0117mis ir vitaminais B1, B2, B6 ir B12&#8230;.<\/p>","protected":false},"featured_media":19708,"comment_status":"closed","ping_status":"closed","template":"","meta":{"_acf_changed":false,"slim_seo":{"title":"Sanal Seaweed pa\u0161aro papildas \u0161unims 100 g - Zooprekes24","description":"Sanal Seaweed on tervislik ja maitsev toidulisand merevetikaga, mis stimuleerib ainevahetust. K\u00f5igi t\u00f5ugude ja vanuseastmete koertele. Becukre sisaldab"},"iawp_total_views":30},"product_brand":[],"product_cat":[32,8999,9022],"product_tag":[],"class_list":{"0":"post-22448","1":"product","2":"type-product","3":"status-publish","4":"has-post-thumbnail","6":"product_cat-kitos-sunu-prekes","7":"product_cat-sunims","8":"product_cat-vitaminai-ir-papildai-sunims","9":"pa_prekiu-zenklai-sanal","10":"pa_suns-amzius-jauniems","11":"pa_suns-amzius-senjorams","12":"pa_suns-amzius-suaugusiems","13":"pa_suns-amzius-visiems-amziams","14":"pa_veisles-dydis-didelems-veislems","15":"pa_veisles-dydis-mazoms-veislems","16":"pa_veisles-dydis-vidutinems-veislems","17":"pa_veisles-dydis-visu-dydziu-veislems","19":"first","20":"instock","21":"featured","22":"taxable","23":"shipping-taxable","24":"purchasable","25":"product-type-simple"},"acf":[],"_links":{"self":[{"href":"https:\/\/zooprekes24.lt\/et\/wp-json\/wp\/v2\/product\/22448","targetHints":{"allow":["GET"]}}],"collection":[{"href":"https:\/\/zooprekes24.lt\/et\/wp-json\/wp\/v2\/product"}],"about":[{"href":"https:\/\/zooprekes24.lt\/et\/wp-json\/wp\/v2\/types\/product"}],"replies":[{"embeddable":true,"href":"https:\/\/zooprekes24.lt\/et\/wp-json\/wp\/v2\/comments?post=22448"}],"wp:featuredmedia":[{"embeddable":true,"href":"https:\/\/zooprekes24.lt\/et\/wp-json\/wp\/v2\/media\/19708"}],"wp:attachment":[{"href":"https:\/\/zooprekes24.lt\/et\/wp-json\/wp\/v2\/media?parent=22448"}],"wp:term":[{"taxonomy":"product_brand","embeddable":true,"href":"https:\/\/zooprekes24.lt\/et\/wp-json\/wp\/v2\/product_brand?post=22448"},{"taxonomy":"product_cat","embeddable":true,"href":"https:\/\/zooprekes24.lt\/et\/wp-json\/wp\/v2\/product_cat?post=22448"},{"taxonomy":"product_tag","embeddable":true,"href":"https:\/\/zooprekes24.lt\/et\/wp-json\/wp\/v2\/product_tag?post=22448"}],"curies":[{"name":"wp","href":"https:\/\/api.w.org\/{rel}","templated":true}]}}