{"id":22447,"date":"2024-04-18T21:22:18","date_gmt":"2024-04-18T18:22:18","guid":{"rendered":"https:\/\/zooprekes24.lt\/produktas\/sanal-puppy-pasaro-papildas-suniukams\/"},"modified":"2025-11-12T15:43:45","modified_gmt":"2025-11-12T13:43:45","slug":"sanal-kutsikatoidu-lisa-kutsikatele","status":"publish","type":"product","link":"https:\/\/zooprekes24.lt\/et\/produktas\/sanal-puppy-pasaro-papildas-suniukams\/","title":{"rendered":"Sanal Puppy toidulisand kutsikatele 30 g"},"content":{"rendered":"<h3>Sanal Puppy &#8211; sveikas ir labai gardus maisto papildas su daug vitamin\u0173 ir mineral\u0173. J\u012f vartodamas augintinis augs sveikas, stiprus ir d\u017eiugins jus savo energija ir \u017eaismingumu. <a href=\"https:\/\/www.sanal.nl\/en\/\" target=\"_blank\" rel=\"noopener\">Becukr\u0117 sud\u0117tis.<\/a><\/h3>\n<ul>\n<li>Papildas yra lengvai kramtomas.<\/li>\n<li>Su kalciu stipriems kaulams ir dantims.<\/li>\n<li>Pritaikyta <a href=\"https:\/\/zooprekes24.lt\/kategorija\/prekes-sunims\/?filters=suns-amzius[235]\" target=\"_blank\" rel=\"noopener\">\u0161uniukams<\/a> nuo 6 savai\u010di\u0173 am\u017eiaus.<\/li>\n<li>Papildas padeda palaikyti sveik\u0105 ir blizg\u0173 kailiuk\u0105.<\/li>\n<li>Praturtinta miel\u0117mis ir vitaminais B1, B2, B6 ir B12.<\/li>\n<\/ul>\n","protected":false},"excerpt":{"rendered":"<p>Sanal Puppy &#8211; sveikas ir labai gardus maisto papildas su daug vitamin\u0173 ir mineral\u0173. J\u012f vartodamas augintinis augs sveikas, stiprus ir d\u017eiugins jus savo energija ir \u017eaismingumu. Becukr\u0117 sud\u0117tis. Papildas yra lengvai kramtomas. Su kalciu stipriems kaulams ir dantims. Pritaikyta \u0161uniukams nuo 6 savai\u010di\u0173 am\u017eiaus. Papildas padeda palaikyti sveik\u0105 ir blizg\u0173 kailiuk\u0105. Praturtinta miel\u0117mis ir&#8230;<\/p>","protected":false},"featured_media":19707,"comment_status":"closed","ping_status":"closed","template":"","meta":{"_acf_changed":false,"slim_seo":{"title":"Sanal Puppy pa\u0161aro papildas \u0161uniukams 30 g - Zooprekes24","description":"Sanal Puppy on tervislik ja v\u00e4ga maitsev toidulisand, mis sisaldab rohkelt vitamiine ja mineraalaineid. See aitab teie lemmikloomal kasvada terveks, tugevaks ja energiliseks."},"iawp_total_views":33},"product_brand":[],"product_cat":[32,8999,9022],"product_tag":[],"class_list":{"0":"post-22447","1":"product","2":"type-product","3":"status-publish","4":"has-post-thumbnail","6":"product_cat-kitos-sunu-prekes","7":"product_cat-sunims","8":"product_cat-vitaminai-ir-papildai-sunims","9":"pa_prekiu-zenklai-sanal","10":"pa_suns-amzius-jauniems","11":"pa_veisles-dydis-didelems-veislems","12":"pa_veisles-dydis-mazoms-veislems","13":"pa_veisles-dydis-vidutinems-veislems","14":"pa_veisles-dydis-visu-dydziu-veislems","16":"first","17":"instock","18":"featured","19":"taxable","20":"shipping-taxable","21":"purchasable","22":"product-type-simple"},"acf":[],"_links":{"self":[{"href":"https:\/\/zooprekes24.lt\/et\/wp-json\/wp\/v2\/product\/22447","targetHints":{"allow":["GET"]}}],"collection":[{"href":"https:\/\/zooprekes24.lt\/et\/wp-json\/wp\/v2\/product"}],"about":[{"href":"https:\/\/zooprekes24.lt\/et\/wp-json\/wp\/v2\/types\/product"}],"replies":[{"embeddable":true,"href":"https:\/\/zooprekes24.lt\/et\/wp-json\/wp\/v2\/comments?post=22447"}],"wp:featuredmedia":[{"embeddable":true,"href":"https:\/\/zooprekes24.lt\/et\/wp-json\/wp\/v2\/media\/19707"}],"wp:attachment":[{"href":"https:\/\/zooprekes24.lt\/et\/wp-json\/wp\/v2\/media?parent=22447"}],"wp:term":[{"taxonomy":"product_brand","embeddable":true,"href":"https:\/\/zooprekes24.lt\/et\/wp-json\/wp\/v2\/product_brand?post=22447"},{"taxonomy":"product_cat","embeddable":true,"href":"https:\/\/zooprekes24.lt\/et\/wp-json\/wp\/v2\/product_cat?post=22447"},{"taxonomy":"product_tag","embeddable":true,"href":"https:\/\/zooprekes24.lt\/et\/wp-json\/wp\/v2\/product_tag?post=22447"}],"curies":[{"name":"wp","href":"https:\/\/api.w.org\/{rel}","templated":true}]}}