{"id":22446,"date":"2024-04-18T21:22:18","date_gmt":"2024-04-18T18:22:18","guid":{"rendered":"https:\/\/zooprekes24.lt\/produktas\/sanal-salmon-pasaro-papildas-katems\/"},"modified":"2026-04-13T12:38:10","modified_gmt":"2026-04-13T10:38:10","slug":"sanal-lohe-soodalisand-kassidele","status":"publish","type":"product","link":"https:\/\/zooprekes24.lt\/et\/produktas\/sanal-salmon-pasaro-papildas-katems\/","title":{"rendered":"Sanal L\u00f5he toidulisand kassidele 50 g"},"content":{"rendered":"<h3>Sanal Salmon on tervislik ja v\u00e4ga maitsev toidulisand, mis sisaldab rohkelt vitamiine ja mineraalaineid. See aitab teie lemmikloomal kasvada terveks ja tugevaks ning r\u00f5\u00f5mustab teid oma energia ja m\u00e4ngulisusega. Koostisosad: Salaal Salal, mis on valmistatud spetsiaalselt selleks otstarbeks, et hoida oma loomad ja loomad, mis on valmistatud nii, et nad ei saaks neid \u00e4ra kasutada.<\/h3>\n<ul>\n<li>L\u00f5he maitse.<\/li>\n<li>Kaltsiumiga tugevate luude ja hammaste jaoks.<\/li>\n<li>Kohandatud allikast <a href=\"https:\/\/zooprekes24.lt\/et\/kategorija\/prekes-katems\/\" target=\"_blank\" rel=\"noopener\">kasside jaoks<\/a> alates 6 n\u00e4dala vanusest.<\/li>\n<li>Toidulisand on kergesti n\u00e4ritav ja s\u00fcdamekujuline.<\/li>\n<li>Rikastatud p\u00e4rmi ja B1-, B2-, B6- ja B12-vitamiinidega.<\/li>\n<li><a href=\"https:\/\/www.sanal.nl\/en\/\" target=\"_blank\" rel=\"noopener\">Sanal<\/a> L\u00f5he on l\u00f5hega maitsestatud looduslik toode, nii et isegi valivad kassid naudivad seda.<\/li>\n<\/ul>","protected":false},"excerpt":{"rendered":"<p>Sanal Salmon &#8211; sveikas ir labai gardus maisto papildas su daug vitamin\u0173 ir mineral\u0173. J\u012f vartodamas augintinis augs sveikas, stiprus ir d\u017eiugins jus savo energija ir \u017eaismingumu. Becukr\u0117 sud\u0117tis. La\u0161i\u0161os skonio. Su kalciu stipriems kaulams ir dantims. Pritaikyta kat\u0117ms nuo 6 savai\u010di\u0173 am\u017eiaus. Papildas yra lengvai kramtomas, \u0161irdeli\u0173 formos. Praturtinta miel\u0117mis ir vitaminais B1, B2,&#8230;<\/p>","protected":false},"featured_media":19706,"comment_status":"closed","ping_status":"closed","template":"","meta":{"_acf_changed":false,"slim_seo":{"title":"Sanal Salmon pa\u0161aro papildas kat\u0117ms 50 g - Zooprekes24","description":"Sanal Salmon on tervislik ja v\u00e4ga maitsev toidulisand, mis sisaldab rohkelt vitamiine ja mineraalaineid. See aitab teie lemmikloomal kasvada terveks, tugevaks ja \u00f5nnelikuks oma energiaga."},"iawp_total_views":39},"product_brand":[],"product_cat":[72,25,104,9018,9017],"product_tag":[1675],"class_list":{"0":"post-22446","1":"product","2":"type-product","3":"status-publish","4":"has-post-thumbnail","6":"product_cat-kaciu-maistas","7":"product_cat-katems","8":"product_cat-kitos-kaciu-prekes","9":"product_cat-skanestai","10":"product_cat-vitaminai-ir-papildai-katems","11":"product_tag-kaciu-edalas","12":"pa_pasaro-sudetis-lasisa","13":"pa_pasaro-sudetis-zuvis","14":"pa_prekiu-zenklai-sanal","16":"first","17":"outofstock","18":"featured","19":"taxable","20":"shipping-taxable","21":"purchasable","22":"product-type-simple"},"acf":[],"_links":{"self":[{"href":"https:\/\/zooprekes24.lt\/et\/wp-json\/wp\/v2\/product\/22446","targetHints":{"allow":["GET"]}}],"collection":[{"href":"https:\/\/zooprekes24.lt\/et\/wp-json\/wp\/v2\/product"}],"about":[{"href":"https:\/\/zooprekes24.lt\/et\/wp-json\/wp\/v2\/types\/product"}],"replies":[{"embeddable":true,"href":"https:\/\/zooprekes24.lt\/et\/wp-json\/wp\/v2\/comments?post=22446"}],"wp:featuredmedia":[{"embeddable":true,"href":"https:\/\/zooprekes24.lt\/et\/wp-json\/wp\/v2\/media\/19706"}],"wp:attachment":[{"href":"https:\/\/zooprekes24.lt\/et\/wp-json\/wp\/v2\/media?parent=22446"}],"wp:term":[{"taxonomy":"product_brand","embeddable":true,"href":"https:\/\/zooprekes24.lt\/et\/wp-json\/wp\/v2\/product_brand?post=22446"},{"taxonomy":"product_cat","embeddable":true,"href":"https:\/\/zooprekes24.lt\/et\/wp-json\/wp\/v2\/product_cat?post=22446"},{"taxonomy":"product_tag","embeddable":true,"href":"https:\/\/zooprekes24.lt\/et\/wp-json\/wp\/v2\/product_tag?post=22446"}],"curies":[{"name":"wp","href":"https:\/\/api.w.org\/{rel}","templated":true}]}}