{"id":22443,"date":"2024-04-18T21:22:18","date_gmt":"2024-04-18T18:22:18","guid":{"rendered":"https:\/\/zooprekes24.lt\/produktas\/vetocanis-kramtukai-dantims-sunims-s\/"},"modified":"2026-04-15T14:06:35","modified_gmt":"2026-04-15T12:06:35","slug":"vetocanis-hambaarstid-koertele-s","status":"publish","type":"product","link":"https:\/\/zooprekes24.lt\/et\/produktas\/vetocanis-kramtukai-dantims-sunims-s\/","title":{"rendered":"Vetocanis kramtukai dantims ma\u017e\u0173 veisli\u0173 \u0161unims, 110 g"},"content":{"rendered":"<h3>Vetocanis Teething Teeth Chews v\u00e4ikestele t\u00f5ugudele - hambaharja kujuga maiuspalad, mis aitavad eemaldada hambakivi, toiduj\u00e4\u00e4tmeid ja s\u00e4ilitada v\u00e4rsket hinge\u00f5hku. Looduslikud toimeained pehmendavad ja lahustavad hambakivi ning ens\u00fc\u00fcmid kiirendavad toiduj\u00e4\u00e4kide eemaldamist. Maitsev kanamaitse.<\/h3>\n<ul>\n<li>8 tk.<\/li>\n<li>Made in France \ud83c\uddeb\ud83c\uddf7<\/li>\n<li>Ilma suhkru- ja teraviljalisandita.<\/li>\n<li>Sobib k\u00f5ikidele vanuser\u00fchmadele.<\/li>\n<li>Pehmendab ja lahustab hambakivi.<\/li>\n<li>n\u00e4rimiskompvekid on m\u00f5eldud v\u00e4ikestele t\u00f5ugudele (2-10kg). <a href=\"https:\/\/zooprekes24.lt\/et\/kategorija\/prekes-sunims\/\" target=\"_blank\" rel=\"noopener\">Koertele<\/a>.<\/li>\n<li>Suurep\u00e4rane kana maitse, ohutu ja kergesti seeditav.<\/li>\n<li>Spetsiaalne harja kuju, mis v\u00f5imaldab h\u00f5lpsasti haarata ja n\u00e4rida.<\/li>\n<li>V\u00e4hendab halba hinge\u00f5hku: sisaldab peterselli, piparm\u00fcndi ja teisi looduslikke taimeekstrakte.<\/li>\n<li><a href=\"https:\/\/www.vetocanis.com\" target=\"_blank\" rel=\"noopener\">Vetocanis<\/a> N\u00e4rimiskompvekid on pakendatud mugavasse ziplock-pakendisse, et toode p\u00fcsiks kauem v\u00e4rskena.<\/li>\n<li>Optimaalse t\u00f5hususe saavutamiseks on soovitatav anda h\u00f5rgutist kaks v\u00f5i kolm korda n\u00e4dalas (p\u00e4rast s\u00f6\u00f6ki), et eemaldada hambakivi ja s\u00e4ilitada lemmiklooma hea suuh\u00fcgieen.<\/li>\n<\/ul>","protected":false},"excerpt":{"rendered":"<p>Vetocanis kramtukai dantims ma\u017e\u0173 veisli\u0173 \u0161unims &#8211; dant\u0173 \u0161epet\u0117li\u0173 formos skan\u0117stai padedantys pa\u0161alinti dant\u0173 apna\u0161as, maisto liku\u010dius ir palaikyti gaiv\u0173 burnos kvap\u0105. Nat\u016bralios veikliosios med\u017eiagos mink\u0161tins ir tirpdys dant\u0173 akmenis, o fermentai pagreitins maisto liku\u010di\u0173 pasi\u0161alinim\u0105. Gardaus vi\u0161tienos skonio. Pakuot\u0117je 8 vnt. Pagaminta Pranc\u016bzijoje \ud83c\uddeb\ud83c\uddf7 Be prid\u0117tinio cukraus ar gr\u016bd\u0173. Tinkami visoms am\u017eiaus grup\u0117ms. Sumink\u0161tina&#8230;<\/p>","protected":false},"featured_media":19700,"comment_status":"closed","ping_status":"closed","template":"","meta":{"_acf_changed":false,"slim_seo":{"title":"Vetocanis kramtukai dantims ma\u017e\u0173 veisli\u0173 \u0161unims, 110 g - Zooprekes24","description":"Vetocanis Teething Chews v\u00e4ikestele t\u00f5ugudele - hambaharja kujuline maiuspala, mis aitab eemaldada hambakivi, toiduj\u00e4\u00e4tmeid ja hoida suu v\u00e4rske."},"iawp_total_views":371},"product_brand":[],"product_cat":[9039,8999,31,30,9068],"product_tag":[1289,1292],"class_list":{"0":"post-22443","1":"product","2":"type-product","3":"status-publish","4":"has-post-thumbnail","6":"product_cat-kaulai-ir-susukta-oda","7":"product_cat-sunims","8":"product_cat-sunu-prekiu-gamintojai","9":"product_cat-sunu-skanestai","10":"product_cat-vetocanis-sunims","11":"product_tag-gaiviam-suns-burnos-kvapui","12":"product_tag-kauliukai-suns-dantims","13":"pa_pasaro-sudetis-vistiena","14":"pa_prekiu-zenklai-vetocanis","15":"pa_suns-amzius-jauniems","16":"pa_suns-amzius-senjorams","17":"pa_suns-amzius-suaugusiems","18":"pa_suns-amzius-visiems-amziams","19":"pa_veisles-dydis-mazoms-veislems","21":"first","22":"outofstock","23":"featured","24":"taxable","25":"shipping-taxable","26":"purchasable","27":"product-type-simple"},"acf":[],"_links":{"self":[{"href":"https:\/\/zooprekes24.lt\/et\/wp-json\/wp\/v2\/product\/22443","targetHints":{"allow":["GET"]}}],"collection":[{"href":"https:\/\/zooprekes24.lt\/et\/wp-json\/wp\/v2\/product"}],"about":[{"href":"https:\/\/zooprekes24.lt\/et\/wp-json\/wp\/v2\/types\/product"}],"replies":[{"embeddable":true,"href":"https:\/\/zooprekes24.lt\/et\/wp-json\/wp\/v2\/comments?post=22443"}],"wp:featuredmedia":[{"embeddable":true,"href":"https:\/\/zooprekes24.lt\/et\/wp-json\/wp\/v2\/media\/19700"}],"wp:attachment":[{"href":"https:\/\/zooprekes24.lt\/et\/wp-json\/wp\/v2\/media?parent=22443"}],"wp:term":[{"taxonomy":"product_brand","embeddable":true,"href":"https:\/\/zooprekes24.lt\/et\/wp-json\/wp\/v2\/product_brand?post=22443"},{"taxonomy":"product_cat","embeddable":true,"href":"https:\/\/zooprekes24.lt\/et\/wp-json\/wp\/v2\/product_cat?post=22443"},{"taxonomy":"product_tag","embeddable":true,"href":"https:\/\/zooprekes24.lt\/et\/wp-json\/wp\/v2\/product_tag?post=22443"}],"curies":[{"name":"wp","href":"https:\/\/api.w.org\/{rel}","templated":true}]}}