{"id":22434,"date":"2024-04-18T21:22:18","date_gmt":"2024-04-18T18:22:18","guid":{"rendered":"https:\/\/zooprekes24.lt\/produktas\/vetocanis-antkaklis-nuo-erkiu-kaciukams\/"},"modified":"2025-10-23T13:54:45","modified_gmt":"2025-10-23T11:54:45","slug":"vetocanis-puugivastane-kaelarihm-kassidele-2","status":"publish","type":"product","link":"https:\/\/zooprekes24.lt\/et\/produktas\/vetocanis-antkaklis-nuo-erkiu-kaciukams\/","title":{"rendered":"Vetocanis puugivastane kaelarihm kassipoegadele"},"content":{"rendered":"<h3>Vetocanise puugivastane krae kassipoegadele on usaldusv\u00e4\u00e4rne ja praktiline lahendus, mis kaitseb teie lemmikut soovimatute parasiitide, nagu puugid, kirbud ja s\u00e4\u00e4sed, eest. Reguleeritav suurus, UV- ja veekindel, kaitseb kuni 3 kuud. V\u00f5itleb parasiitide vastu kiiresti, ohutult ja loomulikul viisil.<\/h3>\n<ul>\n<li>Made in France \ud83c\uddeb\ud83c\uddf7<\/li>\n<li>P\u00e4ikese- ja veekindel.<\/li>\n<li>Silikoonist kaelarihm kinnitatakse lemmiklooma kaela k\u00fclge.<\/li>\n<li>Noorte jaoks <a href=\"https:\/\/zooprekes24.lt\/et\/?s=ka\u010diukams&amp;post_type=product\" target=\"_blank\" rel=\"noopener\">kassipoegade jaoks<\/a> vanuses 3-9 kuud.<\/li>\n<li>Kaitseb puukide, kirpude ja s\u00e4\u00e4skede eest kuni 3 kuud.<\/li>\n<li>Vetocanise krae pikkus on 35 cm (saab vastavalt vajadusele reguleerida).<\/li>\n<li>Taimep\u00f5hine, ei sisalda keemilisi insektitsiide, ohutu kasutamiseks tundlikele ja allergilistele kassidele.<\/li>\n<li>Koos <a href=\"https:\/\/en.wikipedia.org\/wiki\/Azadirachta_indica\" target=\"_blank\" rel=\"noopener\">M\u00fcrgine n\u00fcmfipuu<\/a> ja lavendli eeterlikud \u00f5lid, mis pakuvad teie lemmikloomale looduslikku kaitset parasiitide vastu.<\/li>\n<li>Toimeainete vabanemine on j\u00e4rkj\u00e4rguline ja pidev. Optimaalne j\u00f5udlus saavutatakse p\u00e4rast 48-tunnist pidevat kandmist.<\/li>\n<\/ul>","protected":false},"excerpt":{"rendered":"<p>Vetocanis antkaklis nuo erki\u0173 ka\u010diukams &#8211; patikimas ir prakti\u0161kas sprendimas norint apsaugoti augintin\u012f nuo nepageidaujam\u0173 parazit\u0173 toki\u0173 kaip erk\u0117s, blusos ir uodai. Reguliuojamo dyd\u017eio, atsparus UV spinduliams ir vandeniui, apsaugo iki 3 m\u0117nesi\u0173 laikotarpio. Kontratakuokite parazitus greitu, saugiu ir nat\u016braliu b\u016bdu. Pagaminta Pranc\u016bzijoje \ud83c\uddeb\ud83c\uddf7 Atsparus saul\u0117s spinduliams ir vandeniui. Silikoninis antkaklis segamas ant augintinio kaklo&#8230;.<\/p>","protected":false},"featured_media":41926,"comment_status":"closed","ping_status":"closed","template":"","meta":{"_acf_changed":false,"slim_seo":{"title":"Vetocanis antkaklis nuo erki\u0173 ka\u010diukams - Zooprekes24","description":"Vetocanise puugivastane krae kassipoegadele on usaldusv\u00e4\u00e4rne ja praktiline lahendus, et kaitsta oma lemmiklooma soovimatute parasiitide, nagu puugid, kirbud ja"},"iawp_total_views":102},"product_brand":[],"product_cat":[83,25,104,9070,9025,9069],"product_tag":[8111,8127,8128,8129,8135],"class_list":{"0":"post-22434","1":"product","2":"type-product","3":"status-publish","4":"has-post-thumbnail","6":"product_cat-kaciu-prekiu-gamintojai","7":"product_cat-katems","8":"product_cat-kitos-kaciu-prekes","9":"product_cat-pavadeliai-antkakliai-petnesos-katems","10":"product_cat-prieziuros-priemones-katems","11":"product_cat-vetocanis-katems","12":"product_tag-antiparazitines-priemones-kaciukams","13":"product_tag-antkaklis-nuo-blusu-katems","14":"product_tag-antkaklis-nuo-erkiu-kaciukams","15":"product_tag-antkaklis-nuo-erkiu-katei","16":"product_tag-naturalus-antiparazitinis-antkaklis-katems","17":"pa_prekiu-zenklai-vetocanis","18":"pa_veisles-dydis-didelems-veislems","19":"pa_veisles-dydis-mazoms-veislems","20":"pa_veisles-dydis-vidutinems-veislems","21":"pa_veisles-dydis-visu-dydziu-veislems","23":"first","24":"instock","25":"featured","26":"taxable","27":"shipping-taxable","28":"purchasable","29":"product-type-simple"},"acf":[],"_links":{"self":[{"href":"https:\/\/zooprekes24.lt\/et\/wp-json\/wp\/v2\/product\/22434","targetHints":{"allow":["GET"]}}],"collection":[{"href":"https:\/\/zooprekes24.lt\/et\/wp-json\/wp\/v2\/product"}],"about":[{"href":"https:\/\/zooprekes24.lt\/et\/wp-json\/wp\/v2\/types\/product"}],"replies":[{"embeddable":true,"href":"https:\/\/zooprekes24.lt\/et\/wp-json\/wp\/v2\/comments?post=22434"}],"wp:featuredmedia":[{"embeddable":true,"href":"https:\/\/zooprekes24.lt\/et\/wp-json\/wp\/v2\/media\/41926"}],"wp:attachment":[{"href":"https:\/\/zooprekes24.lt\/et\/wp-json\/wp\/v2\/media?parent=22434"}],"wp:term":[{"taxonomy":"product_brand","embeddable":true,"href":"https:\/\/zooprekes24.lt\/et\/wp-json\/wp\/v2\/product_brand?post=22434"},{"taxonomy":"product_cat","embeddable":true,"href":"https:\/\/zooprekes24.lt\/et\/wp-json\/wp\/v2\/product_cat?post=22434"},{"taxonomy":"product_tag","embeddable":true,"href":"https:\/\/zooprekes24.lt\/et\/wp-json\/wp\/v2\/product_tag?post=22434"}],"curies":[{"name":"wp","href":"https:\/\/api.w.org\/{rel}","templated":true}]}}