{"id":22432,"date":"2024-04-18T21:22:18","date_gmt":"2024-04-18T18:22:18","guid":{"rendered":"https:\/\/zooprekes24.lt\/produktas\/vetocanis-akiu-losjonas-sunims-ir-katems\/"},"modified":"2025-10-23T14:19:22","modified_gmt":"2025-10-23T12:19:22","slug":"vetocanis-silmakreem-koertele-ja-kassidele","status":"publish","type":"product","link":"https:\/\/zooprekes24.lt\/et\/produktas\/vetocanis-akiu-losjonas-sunims-ir-katems\/","title":{"rendered":"Vetocanis silmakreem koertele ja kassidele 60 ml"},"content":{"rendered":"<h3>Vetocanis Eye Lotion on spetsiaalselt koostatud koerte ja kasside silmah\u00fcgieeni s\u00e4ilitamiseks. Niisutab, eemaldab tolmu, liiva ja muud v\u00f5\u00f5rkehad. See on rikastatud \u00f5rna rukkililleekstraktiga, mis aitab rahustada ja jahutada v\u00e4sinud, paistes ja s\u00fcgelevaid silmi.<\/h3>\n<ul>\n<li>Made in France \ud83c\uddeb\ud83c\uddf7<\/li>\n<li>Sobib igale vanusele\/t\u00f5ugudele <a href=\"https:\/\/zooprekes24.lt\/et\/kategorija\/prekes-sunims\/\" target=\"_blank\" rel=\"noopener\">Koertele<\/a> ja <a href=\"https:\/\/zooprekes24.lt\/et\/kategorija\/prekes-katems\/\" target=\"_blank\" rel=\"noopener\">kasside jaoks<\/a>.<\/li>\n<li>Ei sisalda silikoone ega parabeene.<\/li>\n<li>Niisutab, eemaldab tolmu, liiva ja muud v\u00f5\u00f5rkehad.<\/li>\n<li>Aitab eemaldada pisarate p\u00f5hjustatud plekke.<\/li>\n<li>\u00d5rn ja t\u00f5hus toode, mis on m\u00f5eldud igap\u00e4evaseks silmade hoolduseks.<\/li>\n<li>Puhastusvahendi koostis on \u00e4\u00e4rmiselt lakooniline, mis v\u00e4hendab v\u00f5imalike allergiliste reaktsioonide ohtu.<\/li>\n<li><a href=\"https:\/\/www.vetocanis.com\" target=\"_blank\" rel=\"noopener\">Vetocanis<\/a> Peenike rukkililleekstraktiga silmakreem aitab rahustada ja jahutada v\u00e4sinud, paistes ja s\u00fcgelevaid silmi.<\/li>\n<\/ul>","protected":false},"excerpt":{"rendered":"<p>Vetocanis aki\u0173 losjonas specialiai sukurtas \u0161un\u0173 ir ka\u010di\u0173 aki\u0173 higienai palaikyti. Dr\u0117kina, valo dulkes, sm\u0117l\u012f ir kitus svetimk\u016bnius. Sud\u0117tis papildyta subtiliu rugiag\u0117li\u0173 ekstraktu, kuris padeda nuraminti bei v\u0117sinti pavargusias, patinusias, nie\u017ein\u010dias augintinio akis. Pagaminta Pranc\u016bzijoje \ud83c\uddeb\ud83c\uddf7 Tinka vis\u0173 am\u017ei\u0173\/veisli\u0173 \u0161unims ir kat\u0117ms. Sud\u0117tyje n\u0117ra naudojami silikonai ar parabenai. Dr\u0117kina, valo dulkes, sm\u0117l\u012f ir kitus svetimk\u016bnius&#8230;.<\/p>","protected":false},"featured_media":41933,"comment_status":"closed","ping_status":"closed","template":"","meta":{"_acf_changed":false,"slim_seo":{"title":"Vetocanis aki\u0173 losjonas \u0161unims ir kat\u0117ms 60 ml - Zooprekes24","description":"Vetocanis Eye Lotion on spetsiaalselt koostatud koerte ja kasside silmah\u00fcgieeni s\u00e4ilitamiseks. Niisutab, eemaldab tolmu, liiva ja muud v\u00f5\u00f5rkehad. Koostis on rikastatud \u00f5rnade"},"iawp_total_views":129},"product_brand":[],"product_cat":[83,25,104,32,9026,9025,8999,31,9068,9069],"product_tag":[8097,8098,8099,8100],"class_list":{"0":"post-22432","1":"product","2":"type-product","3":"status-publish","4":"has-post-thumbnail","6":"product_cat-kaciu-prekiu-gamintojai","7":"product_cat-katems","8":"product_cat-kitos-kaciu-prekes","9":"product_cat-kitos-sunu-prekes","10":"product_cat-prieziuros-priemones-sunims","11":"product_cat-prieziuros-priemones-katems","12":"product_cat-sunims","13":"product_cat-sunu-prekiu-gamintojai","14":"product_cat-vetocanis-sunims","15":"product_cat-vetocanis-katems","16":"product_tag-akiu-valiklis-kaciukams","17":"product_tag-akiu-valiklis-katems","18":"product_tag-akiu-valiklis-sunims","19":"product_tag-akiu-valiklis-suniukams","20":"pa_prekiu-zenklai-vetocanis","21":"pa_suns-amzius-jauniems","22":"pa_suns-amzius-senjorams","23":"pa_suns-amzius-suaugusiems","24":"pa_suns-amzius-visiems-amziams","25":"pa_veisles-dydis-didelems-veislems","26":"pa_veisles-dydis-mazoms-veislems","27":"pa_veisles-dydis-vidutinems-veislems","28":"pa_veisles-dydis-visu-dydziu-veislems","30":"first","31":"instock","32":"featured","33":"taxable","34":"shipping-taxable","35":"purchasable","36":"product-type-simple"},"acf":[],"_links":{"self":[{"href":"https:\/\/zooprekes24.lt\/et\/wp-json\/wp\/v2\/product\/22432","targetHints":{"allow":["GET"]}}],"collection":[{"href":"https:\/\/zooprekes24.lt\/et\/wp-json\/wp\/v2\/product"}],"about":[{"href":"https:\/\/zooprekes24.lt\/et\/wp-json\/wp\/v2\/types\/product"}],"replies":[{"embeddable":true,"href":"https:\/\/zooprekes24.lt\/et\/wp-json\/wp\/v2\/comments?post=22432"}],"wp:featuredmedia":[{"embeddable":true,"href":"https:\/\/zooprekes24.lt\/et\/wp-json\/wp\/v2\/media\/41933"}],"wp:attachment":[{"href":"https:\/\/zooprekes24.lt\/et\/wp-json\/wp\/v2\/media?parent=22432"}],"wp:term":[{"taxonomy":"product_brand","embeddable":true,"href":"https:\/\/zooprekes24.lt\/et\/wp-json\/wp\/v2\/product_brand?post=22432"},{"taxonomy":"product_cat","embeddable":true,"href":"https:\/\/zooprekes24.lt\/et\/wp-json\/wp\/v2\/product_cat?post=22432"},{"taxonomy":"product_tag","embeddable":true,"href":"https:\/\/zooprekes24.lt\/et\/wp-json\/wp\/v2\/product_tag?post=22432"}],"curies":[{"name":"wp","href":"https:\/\/api.w.org\/{rel}","templated":true}]}}