{"id":22431,"date":"2024-04-18T21:22:18","date_gmt":"2024-04-18T18:22:18","guid":{"rendered":"https:\/\/zooprekes24.lt\/produktas\/vetocanis-ausu-losjonas-sunims-ir-katems\/"},"modified":"2025-10-23T14:15:35","modified_gmt":"2025-10-23T12:15:35","slug":"vetocanis-korvakreem-koertele-ja-kassidele","status":"publish","type":"product","link":"https:\/\/zooprekes24.lt\/et\/produktas\/vetocanis-ausu-losjonas-sunims-ir-katems\/","title":{"rendered":"Vetocanis k\u00f5rvakreem koertele ja kassidele 60 ml"},"content":{"rendered":"<h3>Vetocanis Ear Lotion on spetsiaalselt koostatud koerte ja kasside k\u00f5rvah\u00fcgieeni s\u00e4ilitamiseks. See on koostatud pehmendavate ja rahustavate omadustega taimeekstraktidega, et puhastada k\u00f5rvakanalit lihtsalt ja ohutult, ilma \u00e4rrituse ohuta. Eemaldab t\u00f5husalt k\u00f5rvavaha j\u00e4\u00e4gid.<\/h3>\n<ul>\n<li>Made in France \ud83c\uddeb\ud83c\uddf7<\/li>\n<li>Puhastab ja kontrollib vaha kogunemist.<\/li>\n<li>Sobib igale vanusele\/t\u00f5ugudele <a href=\"https:\/\/zooprekes24.lt\/et\/kategorija\/prekes-sunims\/\" target=\"_blank\" rel=\"noopener\">Koertele<\/a> ja <a href=\"https:\/\/zooprekes24.lt\/et\/kategorija\/prekes-katems\/\" target=\"_blank\" rel=\"noopener\">kasside jaoks<\/a>.<\/li>\n<li>Ei sisalda silikoone ega parabeene.<\/li>\n<li>\u00d5rn ja t\u00f5hus toode, mis on m\u00f5eldud igap\u00e4evaseks k\u00f5rvahoolduseks.<\/li>\n<li>\u00d5rnatoimeline koostis eemaldab ohutult ja t\u00f5husalt k\u00f5rvavaha j\u00e4\u00e4gid.<\/li>\n<li><a href=\"https:\/\/www.vetocanis.com\" target=\"_blank\" rel=\"noopener\">Vetocanis<\/a> K\u00f5rvakreem on rikastatud taimeekstraktidega (rukkilill, aasialane astelpaju), mis on tuntud oma pehmendavate ja rahustavate omaduste poolest.<\/li>\n<\/ul>","protected":false},"excerpt":{"rendered":"<p>Vetocanis aus\u0173 losjonas specialiai sukurtas \u0161un\u0173 ir ka\u010di\u0173 aus\u0173 higienai palaikyti. Produkto sud\u0117tis papildyta augal\u0173 ekstraktais, pasi\u017eymin\u010diais mink\u0161tinan\u010diomis ir raminan\u010diomis savyb\u0117mis, kuri\u0173 d\u0117ka ausies kanal\u0105 i\u0161valysite lengvai ir saugiai, i\u0161vengiant sudirgimo rizikos. Veiksmingai pa\u0161alina aus\u0173 sieros liku\u010dius. Pagaminta Pranc\u016bzijoje \ud83c\uddeb\ud83c\uddf7 Valo ir kontroliuoja va\u0161ko kaupim\u0105si. Tinka vis\u0173 am\u017ei\u0173\/veisli\u0173 \u0161unims ir kat\u0117ms. Sud\u0117tyje n\u0117ra naudojami silikonai&#8230;<\/p>","protected":false},"featured_media":41932,"comment_status":"closed","ping_status":"closed","template":"","meta":{"_acf_changed":false,"slim_seo":{"title":"Vetocanis aus\u0173 losjonas \u0161unims ir kat\u0117ms 60 ml - Zooprekes24","description":"Vetocanis Ear Lotion on spetsiaalselt koostatud koerte ja kasside k\u00f5rvah\u00fcgieeni s\u00e4ilitamiseks. Toote koostis on rikastatud pehmendavate omadustega taimeekstraktidega."},"iawp_total_views":88},"product_brand":[],"product_cat":[83,25,104,32,9025,9026,8999,31,9068,9069],"product_tag":[],"class_list":{"0":"post-22431","1":"product","2":"type-product","3":"status-publish","4":"has-post-thumbnail","6":"product_cat-kaciu-prekiu-gamintojai","7":"product_cat-katems","8":"product_cat-kitos-kaciu-prekes","9":"product_cat-kitos-sunu-prekes","10":"product_cat-prieziuros-priemones-katems","11":"product_cat-prieziuros-priemones-sunims","12":"product_cat-sunims","13":"product_cat-sunu-prekiu-gamintojai","14":"product_cat-vetocanis-sunims","15":"product_cat-vetocanis-katems","16":"pa_prekiu-zenklai-vetocanis","17":"pa_suns-amzius-jauniems","18":"pa_suns-amzius-senjorams","19":"pa_suns-amzius-suaugusiems","20":"pa_suns-amzius-visiems-amziams","21":"pa_veisles-dydis-didelems-veislems","22":"pa_veisles-dydis-mazoms-veislems","23":"pa_veisles-dydis-vidutinems-veislems","24":"pa_veisles-dydis-visu-dydziu-veislems","26":"first","27":"instock","28":"featured","29":"taxable","30":"shipping-taxable","31":"purchasable","32":"product-type-simple"},"acf":[],"_links":{"self":[{"href":"https:\/\/zooprekes24.lt\/et\/wp-json\/wp\/v2\/product\/22431","targetHints":{"allow":["GET"]}}],"collection":[{"href":"https:\/\/zooprekes24.lt\/et\/wp-json\/wp\/v2\/product"}],"about":[{"href":"https:\/\/zooprekes24.lt\/et\/wp-json\/wp\/v2\/types\/product"}],"replies":[{"embeddable":true,"href":"https:\/\/zooprekes24.lt\/et\/wp-json\/wp\/v2\/comments?post=22431"}],"wp:featuredmedia":[{"embeddable":true,"href":"https:\/\/zooprekes24.lt\/et\/wp-json\/wp\/v2\/media\/41932"}],"wp:attachment":[{"href":"https:\/\/zooprekes24.lt\/et\/wp-json\/wp\/v2\/media?parent=22431"}],"wp:term":[{"taxonomy":"product_brand","embeddable":true,"href":"https:\/\/zooprekes24.lt\/et\/wp-json\/wp\/v2\/product_brand?post=22431"},{"taxonomy":"product_cat","embeddable":true,"href":"https:\/\/zooprekes24.lt\/et\/wp-json\/wp\/v2\/product_cat?post=22431"},{"taxonomy":"product_tag","embeddable":true,"href":"https:\/\/zooprekes24.lt\/et\/wp-json\/wp\/v2\/product_tag?post=22431"}],"curies":[{"name":"wp","href":"https:\/\/api.w.org\/{rel}","templated":true}]}}