{"id":22430,"date":"2024-04-18T21:22:18","date_gmt":"2024-04-18T18:22:18","guid":{"rendered":"https:\/\/zooprekes24.lt\/produktas\/vetocanis-dantu-prieziuros-rinkinys\/"},"modified":"2025-10-23T14:08:23","modified_gmt":"2025-10-23T12:08:23","slug":"vetocanis-hambaravikomplekt","status":"publish","type":"product","link":"https:\/\/zooprekes24.lt\/et\/produktas\/vetocanis-dantu-prieziuros-rinkinys\/","title":{"rendered":"Vetocanis hambaravikomplekt koertele"},"content":{"rendered":"<h3>Vetocanise hambaravikomplekt koertele - hambapasta, topelthari ja s\u00f5rmk\u00fcbar - on vahendid, mis aitavad teil hoida teie lemmiklooma hambad terved ja hinge\u00f5hk v\u00e4rske.<\/h3>\n<ul>\n<li>Made in France \ud83c\uddeb\ud83c\uddf7<\/li>\n<li>Tegemist on ohutu tootega, nii et ei ole vaja muretseda, et teie lemmikloom v\u00f5iks pastat alla neelata.<\/li>\n<li><a href=\"https:\/\/www.vetocanis.com\" target=\"_blank\" rel=\"noopener\">Vetocanis<\/a> hambaravikomplekt sobib k\u00f5ikidele t\u00f5ugudele <a href=\"https:\/\/zooprekes24.lt\/et\/kategorija\/prekes-sunims\/\" target=\"_blank\" rel=\"noopener\">Koertele<\/a> alates 2 kuu vanusest.<\/li>\n<li>Atraktiivse k\u00fcpsise maitsega hambapasta lihtsustab rituaali ja tagab lemmikloomale positiivse kogemuse \ud83d\ude42 .<\/li>\n<li>Regulaarne hambapasta kasutamine aitab v\u00e4ltida hambakivi ja hambakivi teket, k\u00f5rvaldada halba hinge\u00f5hku ja eemaldada toiduj\u00e4\u00e4tmeid.<\/li>\n<\/ul>\n<h3>Hambaravikomplekti kuuluvad:<\/h3>\n<ul>\n<li>Hambapasta - t\u00f5husa koostisega ja atraktiivse k\u00fcpsise maitsega, mis aitab v\u00f5idelda hambakivi vastu. 85 g tuubi kohta.<\/li>\n<li>Kahepealine hambahari - kohandub k\u00f5ikidele koera l\u00f5ualuude suurustele ja v\u00f5imaldab hammaste p\u00f5hjalikku puhastamist, mis on kiire ja t\u00f5hus.<\/li>\n<li>S\u00f5rmepael - pehme s\u00f5rmepael on soovitatav tundlikele koertele, mis v\u00f5imaldab teil h\u00f5lpsasti kontrollida teie lemmiklooma hammastele ja igemetele avaldatava surve suurust.<\/li>\n<\/ul>","protected":false},"excerpt":{"rendered":"<p>Vetocanis dant\u0173 prie\u017ei\u016bros rinkinys \u0161unims &#8211; dant\u0173 pasta, dvigubas \u0161epet\u0117lis ir antpir\u0161tis &#8211; priemon\u0117s, kurios pad\u0117s palaikyti ne tik sveikus augintinio dantis bet ir gaiv\u0173 burnos kvap\u0105. Pagaminta Pranc\u016bzijoje \ud83c\uddeb\ud83c\uddf7 Saugus produktas, tad n\u0117ra poreikio baimintis jog augintinis nurys past\u0105. Vetocanis dant\u0173 prie\u017ei\u016bros rinkinys pritaikytas vis\u0173 veisli\u0173 \u0161unims nuo 2 m\u0117nesi\u0173 am\u017eiaus. Dant\u0173 pasta su&#8230;<\/p>","protected":false},"featured_media":41929,"comment_status":"closed","ping_status":"closed","template":"","meta":{"_acf_changed":false,"slim_seo":{"title":"Vetocanis dant\u0173 prie\u017ei\u016bros rinkinys \u0161unims - Zooprekes24","description":"Vetocanis Hambahoolduskomplekt koertele - hambapasta, topelthari ja s\u00f5rmk\u00fcbar - vahendid, mis aitavad hoida teie lemmiku hambaid tervena"},"iawp_total_views":135},"product_brand":[],"product_cat":[32,9026,8999,31,9068],"product_tag":[1289],"class_list":{"0":"post-22430","1":"product","2":"type-product","3":"status-publish","4":"has-post-thumbnail","6":"product_cat-kitos-sunu-prekes","7":"product_cat-prieziuros-priemones-sunims","8":"product_cat-sunims","9":"product_cat-sunu-prekiu-gamintojai","10":"product_cat-vetocanis-sunims","11":"product_tag-gaiviam-suns-burnos-kvapui","12":"pa_prekiu-zenklai-vetocanis","13":"pa_suns-amzius-jauniems","14":"pa_suns-amzius-senjorams","15":"pa_suns-amzius-suaugusiems","16":"pa_suns-amzius-visiems-amziams","17":"pa_veisles-dydis-didelems-veislems","18":"pa_veisles-dydis-mazoms-veislems","19":"pa_veisles-dydis-vidutinems-veislems","20":"pa_veisles-dydis-visu-dydziu-veislems","22":"first","23":"instock","24":"featured","25":"taxable","26":"shipping-taxable","27":"purchasable","28":"product-type-simple"},"acf":[],"_links":{"self":[{"href":"https:\/\/zooprekes24.lt\/et\/wp-json\/wp\/v2\/product\/22430","targetHints":{"allow":["GET"]}}],"collection":[{"href":"https:\/\/zooprekes24.lt\/et\/wp-json\/wp\/v2\/product"}],"about":[{"href":"https:\/\/zooprekes24.lt\/et\/wp-json\/wp\/v2\/types\/product"}],"replies":[{"embeddable":true,"href":"https:\/\/zooprekes24.lt\/et\/wp-json\/wp\/v2\/comments?post=22430"}],"wp:featuredmedia":[{"embeddable":true,"href":"https:\/\/zooprekes24.lt\/et\/wp-json\/wp\/v2\/media\/41929"}],"wp:attachment":[{"href":"https:\/\/zooprekes24.lt\/et\/wp-json\/wp\/v2\/media?parent=22430"}],"wp:term":[{"taxonomy":"product_brand","embeddable":true,"href":"https:\/\/zooprekes24.lt\/et\/wp-json\/wp\/v2\/product_brand?post=22430"},{"taxonomy":"product_cat","embeddable":true,"href":"https:\/\/zooprekes24.lt\/et\/wp-json\/wp\/v2\/product_cat?post=22430"},{"taxonomy":"product_tag","embeddable":true,"href":"https:\/\/zooprekes24.lt\/et\/wp-json\/wp\/v2\/product_tag?post=22430"}],"curies":[{"name":"wp","href":"https:\/\/api.w.org\/{rel}","templated":true}]}}