{"id":22429,"date":"2024-04-18T21:22:10","date_gmt":"2024-04-18T18:22:10","guid":{"rendered":"https:\/\/zooprekes24.lt\/produktas\/vetocanis-kramtomoji-dantu-pasta-sunims\/"},"modified":"2025-10-24T11:37:40","modified_gmt":"2025-10-24T09:37:40","slug":"vetocanis-nariv-hambapasta-koertele","status":"publish","type":"product","link":"https:\/\/zooprekes24.lt\/et\/produktas\/vetocanis-kramtomoji-dantu-pasta-sunims\/","title":{"rendered":"Vetocanis kramtomoji dant\u0173 pasta \u0161unims, N30"},"content":{"rendered":"<h3>Vetocanis n\u00e4riv hambapasta on m\u00f5eldud igas vanuses ja t\u00f5ugu koertele. Tablettpasta v\u00e4hendab hambakivi tekkimise ohtu ja k\u00f5rvaldab halva hinge\u00f5hu. Spetsiaalne fluoriidivalem m\u00f5jub ennetavalt, tugevdab koera hambaemaili ja ennetab soovimatuid suu\u00f5\u00f5neprobleeme.<\/h3>\n<ul>\n<li>30 tabletti.<\/li>\n<li>Linnuliha maitse.<\/li>\n<li>Made in France \ud83c\uddeb\ud83c\uddf7<\/li>\n<li>Sobib v\u00e4ikestele, keskmistele ja suurtele t\u00f5ugudele. <a href=\"https:\/\/zooprekes24.lt\/et\/kategorija\/prekes-sunims\/\" target=\"_blank\" rel=\"noopener\">Koertele<\/a>.<\/li>\n<li>Fluoriidi koostis tugevdab hambaemaili ja ennetab suu\u00f5\u00f5neprobleeme.<\/li>\n<li><a href=\"https:\/\/www.vetocanis.com\" target=\"_blank\" rel=\"noopener\">Vetocanis<\/a> n\u00e4rimisk\u00f5lblik hambapasta eemaldab hambakivi ja hoiab suu hinge\u00f5hu v\u00e4rske.<\/li>\n<\/ul>","protected":false},"excerpt":{"rendered":"<p>Vetocanis kramtomoji dant\u0173 pasta skirta vis\u0173 am\u017ei\u0173 ir veisli\u0173 \u0161unims. Pasta tablet\u0117mis suma\u017eina dant\u0173 akmen\u0173 susidarymo rizik\u0105 bei panaikina nemalon\u0173 kvap\u0105 i\u0161 nasr\u0173. Speciali fluoro formul\u0117 veikia prevenci\u0161kai, stiprina \u0161uns dant\u0173 emal\u012f bei apsaugo nuo nepageidaujam\u0173 burnos ertm\u0117s problem\u0173. 30 table\u010di\u0173. Pauk\u0161tienos skonio. Pagaminta Pranc\u016bzijoje \ud83c\uddeb\ud83c\uddf7 Tinka ma\u017e\u0173, vidutini\u0173 ir dideli\u0173 veisli\u0173 \u0161unims. Fluoro formul\u0117&#8230;<\/p>","protected":false},"featured_media":41928,"comment_status":"closed","ping_status":"closed","template":"","meta":{"_acf_changed":false,"slim_seo":{"title":"Vetocanis kramtomoji dant\u0173 pasta \u0161unims, N30 - Zooprekes24","description":"Vetocanis n\u00e4riv hambapasta on m\u00f5eldud igas vanuses ja t\u00f5ugu koertele. Tablettpasta v\u00e4hendab hambakivi tekkimise ohtu ja k\u00f5rvaldab ebameeldivad l\u00f5hnad hammastelt."},"iawp_total_views":200},"product_brand":[],"product_cat":[32,9026,8999,31,9068],"product_tag":[1289],"class_list":{"0":"post-22429","1":"product","2":"type-product","3":"status-publish","4":"has-post-thumbnail","6":"product_cat-kitos-sunu-prekes","7":"product_cat-prieziuros-priemones-sunims","8":"product_cat-sunims","9":"product_cat-sunu-prekiu-gamintojai","10":"product_cat-vetocanis-sunims","11":"product_tag-gaiviam-suns-burnos-kvapui","12":"pa_prekiu-zenklai-vetocanis","13":"pa_suns-amzius-jauniems","14":"pa_suns-amzius-senjorams","15":"pa_suns-amzius-suaugusiems","16":"pa_suns-amzius-visiems-amziams","17":"pa_veisles-dydis-didelems-veislems","18":"pa_veisles-dydis-mazoms-veislems","19":"pa_veisles-dydis-vidutinems-veislems","20":"pa_veisles-dydis-visu-dydziu-veislems","22":"first","23":"instock","24":"featured","25":"taxable","26":"shipping-taxable","27":"purchasable","28":"product-type-simple"},"acf":[],"_links":{"self":[{"href":"https:\/\/zooprekes24.lt\/et\/wp-json\/wp\/v2\/product\/22429","targetHints":{"allow":["GET"]}}],"collection":[{"href":"https:\/\/zooprekes24.lt\/et\/wp-json\/wp\/v2\/product"}],"about":[{"href":"https:\/\/zooprekes24.lt\/et\/wp-json\/wp\/v2\/types\/product"}],"replies":[{"embeddable":true,"href":"https:\/\/zooprekes24.lt\/et\/wp-json\/wp\/v2\/comments?post=22429"}],"wp:featuredmedia":[{"embeddable":true,"href":"https:\/\/zooprekes24.lt\/et\/wp-json\/wp\/v2\/media\/41928"}],"wp:attachment":[{"href":"https:\/\/zooprekes24.lt\/et\/wp-json\/wp\/v2\/media?parent=22429"}],"wp:term":[{"taxonomy":"product_brand","embeddable":true,"href":"https:\/\/zooprekes24.lt\/et\/wp-json\/wp\/v2\/product_brand?post=22429"},{"taxonomy":"product_cat","embeddable":true,"href":"https:\/\/zooprekes24.lt\/et\/wp-json\/wp\/v2\/product_cat?post=22429"},{"taxonomy":"product_tag","embeddable":true,"href":"https:\/\/zooprekes24.lt\/et\/wp-json\/wp\/v2\/product_tag?post=22429"}],"curies":[{"name":"wp","href":"https:\/\/api.w.org\/{rel}","templated":true}]}}