{"id":22427,"date":"2024-04-18T21:22:10","date_gmt":"2024-04-18T18:22:10","guid":{"rendered":"https:\/\/zooprekes24.lt\/produktas\/sanal-mini-bones-sunu-skanestai\/"},"modified":"2024-09-09T12:58:04","modified_gmt":"2024-09-09T09:58:04","slug":"sanal-mini-kondid-koerale-maiuspalad","status":"publish","type":"product","link":"https:\/\/zooprekes24.lt\/et\/produktas\/sanal-mini-bones-sunu-skanestai\/","title":{"rendered":"Sanal Mini Bones koerte maiuspalad dressuurile 100 g"},"content":{"rendered":"<h3>Sanal Mini Bones - pehmed ja v\u00e4ikesed, t\u00e4ringukujulised maiuspalad kana- ja kanalihaga igas vanuses ja t\u00f5ugu koertele. M\u00f5eldud ideaalseks preemiaks treeningute ja n\u00e4ituste ajal v\u00f5i lihtsalt igap\u00e4evaseks suupisteks.<\/h3>\n<ul>\n<li>Maitsev kana maitse.<\/li>\n<li>T\u00e4iendatakse A-, D3- ja E-vitamiinidega.<\/li>\n<li>Ideaalne valik <a href=\"https:\/\/zooprekes24.lt\/et\/kategorija\/prekes-sunims\/koera-degusteerijad\/minksti-kramtalai-sunims\/\" target=\"_blank\" rel=\"noopener\">treeninguks ja dressuuriks.<\/a><\/li>\n<li>Sobib igas vanuses ja t\u00f5ugu koertele.<\/li>\n<li><a href=\"https:\/\/www.sanal.nl\/en\/\" target=\"_blank\" rel=\"noopener\">Sanal<\/a> Mini Bones maiuspalad on pakendatud tihedalt suletud pakendisse, nii et toote v\u00e4rskus s\u00e4ilib suurep\u00e4raselt.<\/li>\n<\/ul>","protected":false},"excerpt":{"rendered":"<p>Sanal Mini Bones &#8211; mink\u0161ti ir ma\u017ei, kauliuko formos skan\u0117stai su vi\u0161tiena vis\u0173 am\u017eiaus grupi\u0173 ir veisli\u0173 \u0161unims. Sukurti kaip tobulas atlygis dresavimo ir parod\u0173 metu arba tiesiog kaip kasdienis u\u017ekandis. Gardaus vi\u0161tienos skonio. Papildyti vitaminais A, D3 ir E. Idealus pasirinkimas treniruot\u0117ms ir dres\u016brai. Pritaikyti vis\u0173 am\u017eiaus grupi\u0173 ir veisli\u0173 \u0161unims. Sanal Mini Bones&#8230;<\/p>","protected":false},"featured_media":19656,"comment_status":"closed","ping_status":"closed","template":"","meta":{"_acf_changed":false,"slim_seo":{"title":"Sanal Mini Bones \u0161un\u0173 skan\u0117stai dres\u016brai 100 g - Zooprekes24","description":"Sanal Mini Bones - pehmed ja v\u00e4ikesed, t\u00e4ringukujulised maiuspalad kana- ja kanalihaga igas vanuses ja t\u00f5ugu koertele. M\u00f5eldud ideaalseks preemiaks treenimiseks ja n\u00e4itamiseks"},"iawp_total_views":99},"product_brand":[],"product_cat":[9030,8999,30],"product_tag":[385,386],"class_list":{"0":"post-22427","1":"product","2":"type-product","3":"status-publish","4":"has-post-thumbnail","6":"product_cat-minksti-kramtalai","7":"product_cat-sunims","8":"product_cat-sunu-skanestai","9":"product_tag-skanestas-suns-dresiravimui","10":"product_tag-skanukai-sunims","11":"pa_pasaro-sudetis-vistiena","12":"pa_prekiu-zenklai-sanal","13":"pa_suns-amzius-jauniems","14":"pa_suns-amzius-senjorams","15":"pa_suns-amzius-suaugusiems","16":"pa_suns-amzius-visiems-amziams","17":"pa_veisles-dydis-didelems-veislems","18":"pa_veisles-dydis-mazoms-veislems","19":"pa_veisles-dydis-vidutinems-veislems","20":"pa_veisles-dydis-visu-dydziu-veislems","22":"first","23":"instock","24":"featured","25":"taxable","26":"shipping-taxable","27":"purchasable","28":"product-type-simple"},"acf":[],"_links":{"self":[{"href":"https:\/\/zooprekes24.lt\/et\/wp-json\/wp\/v2\/product\/22427","targetHints":{"allow":["GET"]}}],"collection":[{"href":"https:\/\/zooprekes24.lt\/et\/wp-json\/wp\/v2\/product"}],"about":[{"href":"https:\/\/zooprekes24.lt\/et\/wp-json\/wp\/v2\/types\/product"}],"replies":[{"embeddable":true,"href":"https:\/\/zooprekes24.lt\/et\/wp-json\/wp\/v2\/comments?post=22427"}],"wp:featuredmedia":[{"embeddable":true,"href":"https:\/\/zooprekes24.lt\/et\/wp-json\/wp\/v2\/media\/19656"}],"wp:attachment":[{"href":"https:\/\/zooprekes24.lt\/et\/wp-json\/wp\/v2\/media?parent=22427"}],"wp:term":[{"taxonomy":"product_brand","embeddable":true,"href":"https:\/\/zooprekes24.lt\/et\/wp-json\/wp\/v2\/product_brand?post=22427"},{"taxonomy":"product_cat","embeddable":true,"href":"https:\/\/zooprekes24.lt\/et\/wp-json\/wp\/v2\/product_cat?post=22427"},{"taxonomy":"product_tag","embeddable":true,"href":"https:\/\/zooprekes24.lt\/et\/wp-json\/wp\/v2\/product_tag?post=22427"}],"curies":[{"name":"wp","href":"https:\/\/api.w.org\/{rel}","templated":true}]}}