{"id":22423,"date":"2024-04-18T21:22:10","date_gmt":"2024-04-18T18:22:10","guid":{"rendered":"https:\/\/zooprekes24.lt\/produktas\/honeycat-silikoninis-kraikas-katems-8l\/"},"modified":"2024-08-14T17:17:55","modified_gmt":"2024-08-14T14:17:55","slug":"honeycat-silikoninis-kraikas-katems-8l","status":"publish","type":"product","link":"https:\/\/zooprekes24.lt\/et\/produktas\/honeycat-silikoninis-kraikas-katems-8l\/","title":{"rendered":"HoneyCat silikoonist kassipesu 8L"},"content":{"rendered":"<h3>HoneyCat Silicone Cat Litter - 100% 100% looduslik, biolagunev, mittetoksiline ja keskkonnas\u00f5bralik toode.<\/h3>\n<ul>\n<li>Aroomivaba, antibakteriaalne koostis.<\/li>\n<li>\u00dcks pakk sisaldab 8 l (3 kg) voodipesu.<\/li>\n<li>Ei sisalda m\u00fcrgiseid ega kahjulikke aineid.<\/li>\n<li>Silikoon <a href=\"https:\/\/zooprekes24.lt\/et\/kategorija\/prekes-katems\/hugieeni-ja-puhastusvahendid-kassidele\/kraikas-katems\/\" target=\"_blank\" rel=\"noopener\">kassipuru<\/a> on 100% looduslik, biolagunev, mittetoksiline ja keskkonnas\u00f5bralik.<\/li>\n<li>T\u00e4nu kassipesu erilisele kujule ja suurusele ei kleepu see kassi karvale ega k\u00e4ppadele ega \u00e4rrita omaniku silmi ega nina pesu k\u00e4sitsemisel.<\/li>\n<li><a href=\"https:\/\/www.youtube.com\/watch?v=J5Jk8yzu_Jg\" target=\"_blank\" rel=\"noopener\">Miljonid mikroskoopilised poorid<\/a> mis on igas HoneyCat'i graanulites, imab kiiresti vedelikke nagu k\u00e4sn, nii et ebameeldivad l\u00f5hnad ja mustus j\u00e4\u00e4vad sisse ning \u00f5hk ja keskkond j\u00e4\u00e4vad puhtaks.<\/li>\n<\/ul>","protected":false},"excerpt":{"rendered":"<p>HoneyCat silikoninis kraikas kat\u0117ms &#8211; 100% procent\u0173 nat\u016bralus, skaidomas bioorganizm\u0173, netoksi\u0161kas ir ekologi\u0161kas produktas. Bekvap\u0117, antibakterin\u0117 formul\u0117. Vienoje produkto pakuot\u0117je yra 8L (3 kg) kraiko. Sud\u0117tyje n\u0117ra toksi\u0161k\u0173 ar kenksming\u0173 med\u017eiag\u0173. Silikoninis ka\u010di\u0173 kraikas yra 100 procent\u0173 nat\u016bralus, skaidomas bioorganizm\u0173, netoksi\u0161kas ir ekologi\u0161kas. D\u0117ka specialios ka\u010di\u0173 kraiko granuli\u0173 formos ir dyd\u017eio, jis nelimpa prie kat\u0117s&#8230;<\/p>","protected":false},"featured_media":19652,"comment_status":"closed","ping_status":"closed","template":"","meta":{"_acf_changed":false,"slim_seo":{"title":"HoneyCat silikoninis kraikas kat\u0117ms 8L - Zooprekes24","description":"HoneyCat silikoninis kraikas kat\u0117ms - 100% procent\u0173 nat\u016bralus, skaidomas bioorganizm\u0173, netoksi\u0161kas ir ekologi\u0161kas produktas. Bekvap\u0117, antibakterin\u0117 formul\u0117. Vie"},"iawp_total_views":63},"product_brand":[],"product_cat":[78,25,9009],"product_tag":[],"class_list":{"0":"post-22423","1":"product","2":"type-product","3":"status-publish","4":"has-post-thumbnail","6":"product_cat-higiena-ir-prieziura-katems","7":"product_cat-katems","8":"product_cat-kraikas","9":"pa_kraiko-rusis-silikagelis","10":"pa_prekiu-zenklai-honeycat","12":"first","13":"instock","14":"featured","15":"taxable","16":"shipping-taxable","17":"purchasable","18":"product-type-simple"},"acf":[],"_links":{"self":[{"href":"https:\/\/zooprekes24.lt\/et\/wp-json\/wp\/v2\/product\/22423","targetHints":{"allow":["GET"]}}],"collection":[{"href":"https:\/\/zooprekes24.lt\/et\/wp-json\/wp\/v2\/product"}],"about":[{"href":"https:\/\/zooprekes24.lt\/et\/wp-json\/wp\/v2\/types\/product"}],"replies":[{"embeddable":true,"href":"https:\/\/zooprekes24.lt\/et\/wp-json\/wp\/v2\/comments?post=22423"}],"wp:featuredmedia":[{"embeddable":true,"href":"https:\/\/zooprekes24.lt\/et\/wp-json\/wp\/v2\/media\/19652"}],"wp:attachment":[{"href":"https:\/\/zooprekes24.lt\/et\/wp-json\/wp\/v2\/media?parent=22423"}],"wp:term":[{"taxonomy":"product_brand","embeddable":true,"href":"https:\/\/zooprekes24.lt\/et\/wp-json\/wp\/v2\/product_brand?post=22423"},{"taxonomy":"product_cat","embeddable":true,"href":"https:\/\/zooprekes24.lt\/et\/wp-json\/wp\/v2\/product_cat?post=22423"},{"taxonomy":"product_tag","embeddable":true,"href":"https:\/\/zooprekes24.lt\/et\/wp-json\/wp\/v2\/product_tag?post=22423"}],"curies":[{"name":"wp","href":"https:\/\/api.w.org\/{rel}","templated":true}]}}