{"id":22420,"date":"2024-04-18T21:22:10","date_gmt":"2024-04-18T18:22:10","guid":{"rendered":"https:\/\/zooprekes24.lt\/produktas\/sanal-trainers-fantasy-mix-sunu-skanestai\/"},"modified":"2024-09-09T13:22:31","modified_gmt":"2024-09-09T10:22:31","slug":"sanal-treenerid-fantasy-mix-sunu-skanestai","status":"publish","type":"product","link":"https:\/\/zooprekes24.lt\/et\/produktas\/sanal-trainers-fantasy-mix-sunu-skanestai\/","title":{"rendered":"Sanal Trainers Fantasy Mix koerte maiuspalad dressuurile 300 g"},"content":{"rendered":"<h3>Sanal Trainers Fantasy Mix - pehmed, kivi- ja s\u00fcdamekujulised maiuspalad kanaga igas vanuses ja t\u00f5ugu koertele. M\u00f5eldud ideaalseks preemiaks treeningute ja n\u00e4ituste ajal v\u00f5i lihtsalt igap\u00e4evaseks suupisteks.<\/h3>\n<ul>\n<li>Maitsev kana maitse.<\/li>\n<li>\u00d6konoomne 300 g pakend.<\/li>\n<li>Ideaalne valik <a href=\"https:\/\/zooprekes24.lt\/et\/kategorija\/prekes-sunims\/koera-degusteerijad\/minksti-kramtalai-sunims\/\" target=\"_blank\" rel=\"noopener\">treeninguks ja dressuuriks.<\/a><\/li>\n<li>Sobib igas vanuses ja t\u00f5ugu koertele.<\/li>\n<li><a href=\"https:\/\/www.sanal.nl\/en\/\" target=\"_blank\" rel=\"noopener\">Sanal<\/a> Treenerite Fantasy Mix maiuspalad on pakendatud tihedalt suletud \u00e4mbrisse, nii et toote v\u00e4rskus s\u00e4ilib suurep\u00e4raselt.<\/li>\n<\/ul>","protected":false},"excerpt":{"rendered":"<p>Sanal Trainers Fantasy Mix &#8211; mink\u0161ti, kauliuko ir \u0161irdel\u0117s formos skan\u0117stai su vi\u0161tiena vis\u0173 am\u017eiaus grupi\u0173 ir veisli\u0173 \u0161unims. Sukurti kaip tobulas atlygis dresavimo ir parod\u0173 metu arba tiesiog kaip kasdienis u\u017ekandis. Gardaus vi\u0161tienos skonio. Ekonomi\u0161ka 300 g pakuot\u0117. Idealus pasirinkimas treniruot\u0117ms ir dres\u016brai. Pritaikyti vis\u0173 am\u017eiaus grupi\u0173 ir veisli\u0173 \u0161unims. Sanal Trainers Fantasy Mix&#8230;<\/p>","protected":false},"featured_media":19649,"comment_status":"closed","ping_status":"closed","template":"","meta":{"_acf_changed":false,"slim_seo":{"title":"Sanal Trainers Fantasy Mix \u0161un\u0173 skan\u0117stai dres\u016brai 300 g - Zooprekes24","description":"Sanal Trainers Fantasy Mix - pehmed, kivi- ja s\u00fcdamekujulised maiuspalad kanaga igas vanuses ja t\u00f5ugu koertele. M\u00f5eldud ideaalseks preemiaks dres"},"iawp_total_views":62},"product_brand":[],"product_cat":[9030,8999,30],"product_tag":[385,386],"class_list":{"0":"post-22420","1":"product","2":"type-product","3":"status-publish","4":"has-post-thumbnail","6":"product_cat-minksti-kramtalai","7":"product_cat-sunims","8":"product_cat-sunu-skanestai","9":"product_tag-skanestas-suns-dresiravimui","10":"product_tag-skanukai-sunims","11":"pa_pasaro-sudetis-vistiena","12":"pa_prekiu-zenklai-sanal","13":"pa_suns-amzius-jauniems","14":"pa_suns-amzius-senjorams","15":"pa_suns-amzius-suaugusiems","16":"pa_suns-amzius-visiems-amziams","17":"pa_veisles-dydis-didelems-veislems","18":"pa_veisles-dydis-mazoms-veislems","19":"pa_veisles-dydis-vidutinems-veislems","20":"pa_veisles-dydis-visu-dydziu-veislems","22":"first","23":"instock","24":"featured","25":"taxable","26":"shipping-taxable","27":"purchasable","28":"product-type-simple"},"acf":[],"_links":{"self":[{"href":"https:\/\/zooprekes24.lt\/et\/wp-json\/wp\/v2\/product\/22420","targetHints":{"allow":["GET"]}}],"collection":[{"href":"https:\/\/zooprekes24.lt\/et\/wp-json\/wp\/v2\/product"}],"about":[{"href":"https:\/\/zooprekes24.lt\/et\/wp-json\/wp\/v2\/types\/product"}],"replies":[{"embeddable":true,"href":"https:\/\/zooprekes24.lt\/et\/wp-json\/wp\/v2\/comments?post=22420"}],"wp:featuredmedia":[{"embeddable":true,"href":"https:\/\/zooprekes24.lt\/et\/wp-json\/wp\/v2\/media\/19649"}],"wp:attachment":[{"href":"https:\/\/zooprekes24.lt\/et\/wp-json\/wp\/v2\/media?parent=22420"}],"wp:term":[{"taxonomy":"product_brand","embeddable":true,"href":"https:\/\/zooprekes24.lt\/et\/wp-json\/wp\/v2\/product_brand?post=22420"},{"taxonomy":"product_cat","embeddable":true,"href":"https:\/\/zooprekes24.lt\/et\/wp-json\/wp\/v2\/product_cat?post=22420"},{"taxonomy":"product_tag","embeddable":true,"href":"https:\/\/zooprekes24.lt\/et\/wp-json\/wp\/v2\/product_tag?post=22420"}],"curies":[{"name":"wp","href":"https:\/\/api.w.org\/{rel}","templated":true}]}}