{"id":22415,"date":"2024-04-18T21:22:10","date_gmt":"2024-04-18T18:22:10","guid":{"rendered":"https:\/\/zooprekes24.lt\/produktas\/sanal-tasty-stars-salmon-skanestai-katems\/"},"modified":"2024-09-09T13:21:27","modified_gmt":"2024-09-09T10:21:27","slug":"sanal-tasty-stars-lohe-tasty-stars-kassidele","status":"publish","type":"product","link":"https:\/\/zooprekes24.lt\/et\/produktas\/sanal-tasty-stars-salmon-skanestai-katems\/","title":{"rendered":"Sanal Tasty Stars l\u00f5he kasside maiuspalad 40 g"},"content":{"rendered":"<h3>Sanal Tasty Stars Salmon - pehme l\u00f5hega maitsestatud maiuspala t\u00e4iskasvanud kassidele. Ilma lisatud suhkru- ja s\u00e4ilitusaineteta.<\/h3>\n<ul>\n<li>Becukriai.<\/li>\n<li>Maitsev l\u00f5he maitse.<\/li>\n<li>A-, D3- ja E-vitamiinidega.<\/li>\n<li>Pehme ja kergesti n\u00e4ritav.<\/li>\n<li>Kohandatud t\u00e4iskasvanutele <a href=\"https:\/\/zooprekes24.lt\/et\/kategorija\/prekes-katems\/\" target=\"_blank\" rel=\"noopener\">kasside jaoks<\/a>.<\/li>\n<li><a href=\"https:\/\/www.sanal.nl\/en\/\" target=\"_blank\" rel=\"noopener\">Sanal<\/a> Tasty Stars'i maiuspalad on pakendatud kasutajas\u00f5bralikesse ziplock-pakenditesse, et s\u00e4ilitada v\u00e4rskust ja kvaliteeti.<\/li>\n<\/ul>","protected":false},"excerpt":{"rendered":"<p>Sanal Tasty Stars Salmon - pehme l\u00f5hega maitsestatud maiuspala t\u00e4iskasvanud kassidele. Ilma lisatud suhkru- ja s\u00e4ilitusaineteta. Suhkruvaba. Maitsev l\u00f5he maitse. A-, D3- ja E-vitamiinidega. Pehme ja kergesti n\u00e4ritav. Sobib t\u00e4iskasvanud kassidele. Sanal Tasty Stars maiuspalad on pakendatud mugavatesse ziplock-pakenditesse, et s\u00e4ilitada v\u00e4rskust ja kvaliteeti.<\/p>","protected":false},"featured_media":19644,"comment_status":"closed","ping_status":"closed","template":"","meta":{"_acf_changed":false,"slim_seo":{"title":"Sanal Tasty Stars Salmon skan\u0117stai kat\u0117ms 40 g - Zooprekes24","description":"Sanal Tasty Stars Salmon - pehme l\u00f5hega maitsestatud maiuspala t\u00e4iskasvanud kassidele. Ilma lisatud suhkru- ja s\u00e4ilitusaineteta. Suhkruvaba. Maitsev l\u00f5he maitse. Koos vita"},"iawp_total_views":37},"product_brand":[],"product_cat":[72,25,9018],"product_tag":[1675],"class_list":{"0":"post-22415","1":"product","2":"type-product","3":"status-publish","4":"has-post-thumbnail","6":"product_cat-kaciu-maistas","7":"product_cat-katems","8":"product_cat-skanestai","9":"product_tag-kaciu-edalas","10":"pa_pasaro-sudetis-lasisa","11":"pa_pasaro-sudetis-zuvis","12":"pa_prekiu-zenklai-sanal","14":"first","15":"instock","16":"featured","17":"taxable","18":"shipping-taxable","19":"purchasable","20":"product-type-simple"},"acf":[],"_links":{"self":[{"href":"https:\/\/zooprekes24.lt\/et\/wp-json\/wp\/v2\/product\/22415","targetHints":{"allow":["GET"]}}],"collection":[{"href":"https:\/\/zooprekes24.lt\/et\/wp-json\/wp\/v2\/product"}],"about":[{"href":"https:\/\/zooprekes24.lt\/et\/wp-json\/wp\/v2\/types\/product"}],"replies":[{"embeddable":true,"href":"https:\/\/zooprekes24.lt\/et\/wp-json\/wp\/v2\/comments?post=22415"}],"wp:featuredmedia":[{"embeddable":true,"href":"https:\/\/zooprekes24.lt\/et\/wp-json\/wp\/v2\/media\/19644"}],"wp:attachment":[{"href":"https:\/\/zooprekes24.lt\/et\/wp-json\/wp\/v2\/media?parent=22415"}],"wp:term":[{"taxonomy":"product_brand","embeddable":true,"href":"https:\/\/zooprekes24.lt\/et\/wp-json\/wp\/v2\/product_brand?post=22415"},{"taxonomy":"product_cat","embeddable":true,"href":"https:\/\/zooprekes24.lt\/et\/wp-json\/wp\/v2\/product_cat?post=22415"},{"taxonomy":"product_tag","embeddable":true,"href":"https:\/\/zooprekes24.lt\/et\/wp-json\/wp\/v2\/product_tag?post=22415"}],"curies":[{"name":"wp","href":"https:\/\/api.w.org\/{rel}","templated":true}]}}