{"id":22414,"date":"2024-04-18T21:22:10","date_gmt":"2024-04-18T18:22:10","guid":{"rendered":"https:\/\/zooprekes24.lt\/produktas\/sanal-tasty-stars-liver-skanestai-katems\/"},"modified":"2024-09-09T13:20:12","modified_gmt":"2024-09-09T10:20:12","slug":"sanal-tasty-stars-maksa-skaneerimine-kassidele","status":"publish","type":"product","link":"https:\/\/zooprekes24.lt\/et\/produktas\/sanal-tasty-stars-liver-skanestai-katems\/","title":{"rendered":"Sanal Tasty Stars maksah\u00f5rgutised kassidele 40 g"},"content":{"rendered":"<h3>Sanal Tasty Stars Liver - pehme maksa maitsega maiuspala t\u00e4iskasvanud kassidele. Ilma lisatud suhkru- ja s\u00e4ilitusaineteta.<\/h3>\n<ul>\n<li>Becukriai.<\/li>\n<li>A-, D3- ja E-vitamiinidega.<\/li>\n<li>Maitsev maksamaitse.<\/li>\n<li>Pehme ja kergesti n\u00e4ritav.<\/li>\n<li>Kohandatud t\u00e4iskasvanutele <a href=\"https:\/\/zooprekes24.lt\/et\/kategorija\/prekes-katems\/\" target=\"_blank\" rel=\"noopener\">kasside jaoks<\/a>.<\/li>\n<li><a href=\"https:\/\/www.sanal.nl\/en\/\" target=\"_blank\" rel=\"noopener\">Sanal<\/a> Tasty Stars'i maiuspalad on pakendatud kasutajas\u00f5bralikesse ziplock-pakenditesse, et s\u00e4ilitada v\u00e4rskust ja kvaliteeti.<\/li>\n<\/ul>","protected":false},"excerpt":{"rendered":"<p>Sanal Tasty Stars Liver - pehme maksamaitseline maiuspala t\u00e4iskasvanud kassidele. Ilma lisatud suhkru- ja s\u00e4ilitusaineteta. Suhkruvaba. A-, D3- ja E-vitamiinidega. Maitsev maksamaitse. Pehme ja kergesti n\u00e4ritav. Sobib t\u00e4iskasvanud kassidele. Sanal Tasty Stars maiuspalad on pakendatud mugavatesse ziplock-pakenditesse, et s\u00e4ilitada v\u00e4rskust ja kvaliteeti.<\/p>","protected":false},"featured_media":19643,"comment_status":"closed","ping_status":"closed","template":"","meta":{"_acf_changed":false,"slim_seo":{"title":"Sanal Tasty Stars Liver skan\u0117stai kat\u0117ms 40 g - Zooprekes24","description":"Sanal Tasty Stars Liver - pehme maksa maitsega maiuspala t\u00e4iskasvanud kassidele. Ilma lisatud suhkru- ja s\u00e4ilitusaineteta. Suhkruvaba. A-, D3- ja E-vitamiinidega. Gard"},"iawp_total_views":29},"product_brand":[],"product_cat":[72,25,9018],"product_tag":[1675],"class_list":{"0":"post-22414","1":"product","2":"type-product","3":"status-publish","4":"has-post-thumbnail","6":"product_cat-kaciu-maistas","7":"product_cat-katems","8":"product_cat-skanestai","9":"product_tag-kaciu-edalas","10":"pa_pasaro-sudetis-kepeneles","11":"pa_prekiu-zenklai-sanal","13":"first","14":"instock","15":"featured","16":"taxable","17":"shipping-taxable","18":"purchasable","19":"product-type-simple"},"acf":[],"_links":{"self":[{"href":"https:\/\/zooprekes24.lt\/et\/wp-json\/wp\/v2\/product\/22414","targetHints":{"allow":["GET"]}}],"collection":[{"href":"https:\/\/zooprekes24.lt\/et\/wp-json\/wp\/v2\/product"}],"about":[{"href":"https:\/\/zooprekes24.lt\/et\/wp-json\/wp\/v2\/types\/product"}],"replies":[{"embeddable":true,"href":"https:\/\/zooprekes24.lt\/et\/wp-json\/wp\/v2\/comments?post=22414"}],"wp:featuredmedia":[{"embeddable":true,"href":"https:\/\/zooprekes24.lt\/et\/wp-json\/wp\/v2\/media\/19643"}],"wp:attachment":[{"href":"https:\/\/zooprekes24.lt\/et\/wp-json\/wp\/v2\/media?parent=22414"}],"wp:term":[{"taxonomy":"product_brand","embeddable":true,"href":"https:\/\/zooprekes24.lt\/et\/wp-json\/wp\/v2\/product_brand?post=22414"},{"taxonomy":"product_cat","embeddable":true,"href":"https:\/\/zooprekes24.lt\/et\/wp-json\/wp\/v2\/product_cat?post=22414"},{"taxonomy":"product_tag","embeddable":true,"href":"https:\/\/zooprekes24.lt\/et\/wp-json\/wp\/v2\/product_tag?post=22414"}],"curies":[{"name":"wp","href":"https:\/\/api.w.org\/{rel}","templated":true}]}}