{"id":22411,"date":"2024-04-18T21:22:10","date_gmt":"2024-04-18T18:22:10","guid":{"rendered":"https:\/\/zooprekes24.lt\/produktas\/sanal-kitten-pasaro-papildas-kaciukams\/"},"modified":"2026-03-19T14:52:44","modified_gmt":"2026-03-19T12:52:44","slug":"sanal-kassipoegade-soodalisand-kassipoegadele","status":"publish","type":"product","link":"https:\/\/zooprekes24.lt\/et\/produktas\/sanal-kitten-pasaro-papildas-kaciukams\/","title":{"rendered":"Sanal Kitten toidulisand kassipoegadele 30 g"},"content":{"rendered":"<h3>Sanal Kitten &#8211; sveikas ir labai gardus maisto papildas su daug vitamin\u0173 ir mineral\u0173. J\u012f vartodamas augintinis augs sveikas, stiprus ir d\u017eiugins jus savo energija ir \u017eaismingumu. 100% nat\u016bralus produktas be cukraus.<\/h3>\n<ul>\n<li>La\u0161i\u0161os skonio.<\/li>\n<li>Su kalciu stipriems kaulams ir dantims.<\/li>\n<li>Pritaikyta <a href=\"https:\/\/zooprekes24.lt\/kategorija\/prekes-katems\/?filters=kates-amzius[384]\" target=\"_blank\" rel=\"noopener\">ka\u010diukams<\/a> nuo 6 savai\u010di\u0173 am\u017eiaus.<\/li>\n<li>Papildas yra lengvai kramtomas, \u0161irdeli\u0173 formos.<\/li>\n<li>Praturtinta miel\u0117mis ir vitaminais B1, B2, B6 ir B12.<\/li>\n<li>Visi\u0161kai nat\u016bralus produktas, pagardintas la\u0161i\u0161a, tad patiks net ir i\u0161rankiems ma\u017eyliams.<\/li>\n<li><a href=\"https:\/\/www.sanal.nl\/en\/\" target=\"_blank\" rel=\"noopener\">Sanal<\/a> Kitten sud\u0117tyje yra taurino, kuris reikalingas \u0161ird\u017eiai, reg\u0117jimui ir siekiant palaikyti sveik\u0105 augim\u0105.<\/li>\n<\/ul>\n","protected":false},"excerpt":{"rendered":"<p>Sanal Kitten &#8211; sveikas ir labai gardus maisto papildas su daug vitamin\u0173 ir mineral\u0173. J\u012f vartodamas augintinis augs sveikas, stiprus ir d\u017eiugins jus savo energija ir \u017eaismingumu. 100% nat\u016bralus produktas be cukraus. La\u0161i\u0161os skonio. Su kalciu stipriems kaulams ir dantims. Pritaikyta ka\u010diukams nuo 6 savai\u010di\u0173 am\u017eiaus. Papildas yra lengvai kramtomas, \u0161irdeli\u0173 formos. Praturtinta miel\u0117mis ir&#8230;<\/p>","protected":false},"featured_media":19638,"comment_status":"closed","ping_status":"closed","template":"","meta":{"_acf_changed":false,"slim_seo":{"title":"Sanal Kitten pa\u0161aro papildas ka\u010diukams 30 g - Zooprekes24","description":"Sanal Kitten on tervislik ja v\u00e4ga maitsev toidulisand, mis sisaldab rohkelt vitamiine ja mineraalaineid. See aitab teie lemmikloomal kasvada terveks, tugevaks ja \u00f5nnelikuks oma energiaga."},"iawp_total_views":70},"product_brand":[],"product_cat":[72,25,104,9018,9017],"product_tag":[1675],"class_list":{"0":"post-22411","1":"product","2":"type-product","3":"status-publish","4":"has-post-thumbnail","6":"product_cat-kaciu-maistas","7":"product_cat-katems","8":"product_cat-kitos-kaciu-prekes","9":"product_cat-skanestai","10":"product_cat-vitaminai-ir-papildai-katems","11":"product_tag-kaciu-edalas","12":"pa_pasaro-sudetis-lasisa","13":"pa_pasaro-sudetis-zuvis","14":"pa_prekiu-zenklai-sanal","16":"first","17":"outofstock","18":"featured","19":"taxable","20":"shipping-taxable","21":"purchasable","22":"product-type-simple"},"acf":[],"_links":{"self":[{"href":"https:\/\/zooprekes24.lt\/et\/wp-json\/wp\/v2\/product\/22411","targetHints":{"allow":["GET"]}}],"collection":[{"href":"https:\/\/zooprekes24.lt\/et\/wp-json\/wp\/v2\/product"}],"about":[{"href":"https:\/\/zooprekes24.lt\/et\/wp-json\/wp\/v2\/types\/product"}],"replies":[{"embeddable":true,"href":"https:\/\/zooprekes24.lt\/et\/wp-json\/wp\/v2\/comments?post=22411"}],"wp:featuredmedia":[{"embeddable":true,"href":"https:\/\/zooprekes24.lt\/et\/wp-json\/wp\/v2\/media\/19638"}],"wp:attachment":[{"href":"https:\/\/zooprekes24.lt\/et\/wp-json\/wp\/v2\/media?parent=22411"}],"wp:term":[{"taxonomy":"product_brand","embeddable":true,"href":"https:\/\/zooprekes24.lt\/et\/wp-json\/wp\/v2\/product_brand?post=22411"},{"taxonomy":"product_cat","embeddable":true,"href":"https:\/\/zooprekes24.lt\/et\/wp-json\/wp\/v2\/product_cat?post=22411"},{"taxonomy":"product_tag","embeddable":true,"href":"https:\/\/zooprekes24.lt\/et\/wp-json\/wp\/v2\/product_tag?post=22411"}],"curies":[{"name":"wp","href":"https:\/\/api.w.org\/{rel}","templated":true}]}}