{"id":22410,"date":"2024-04-18T21:22:10","date_gmt":"2024-04-18T18:22:10","guid":{"rendered":"https:\/\/zooprekes24.lt\/produktas\/cats-best-universal-kraikas-20l\/"},"modified":"2026-03-12T09:51:33","modified_gmt":"2026-03-12T07:51:33","slug":"cats-best-universaalne-allapanu-20l","status":"publish","type":"product","link":"https:\/\/zooprekes24.lt\/et\/produktas\/cats-best-universal-kraikas-20l\/","title":{"rendered":"Cats Best Universal kasside, n\u00e4riliste ja lindude allapanu 20L"},"content":{"rendered":"<h3>Cats Best Universal on kvaliteetne, universaalne, h\u00fcgieeniline mini-pelletipuru, mis on valmistatud 100 % orgaanilisest kiust. Soovitatav paljude v\u00e4ikeste lemmikloomade omanikele. Sellel on \u00e4\u00e4rmiselt k\u00f5rge imavus. Nr. 1 orgaaniline allapanu Euroopas.<\/h3>\n<ul>\n<li>Mitte tantsimine.<\/li>\n<li>\u00d5rnalt looma jalgadele.<\/li>\n<li>\u00c4\u00e4rmiselt kiire ja hea niiskuseimavus.<\/li>\n<li>Biolagunevad ja neid on ohutu WC-s alla loputada.<\/li>\n<li>T\u00e4ielikult j\u00e4tkusuutlik:\u00a0<a href=\"https:\/\/www.catsbest.eu\/\">Kassid Best<\/a>\u00a0valmistatud PEFC-sertifitseeritud ressurssidest.<\/li>\n<li>Saab kompostida, kuna on 100% biolagunev.<\/li>\n<li><a href=\"https:\/\/zooprekes24.lt\/et\/kategorija\/prekes-katems\/hugieeni-ja-puhastusvahendid-kassidele\/kraikas-katems\/\">Craik<\/a>\u00a0on meeldiva, loodusliku l\u00f5hnaga - valmistatud \u00fcmbert\u00f6\u00f6deldud puidust toorainest, ilma keemiliste lisanditeta.<\/li>\n<li>Kodumajapidamistele, kus on palju erinevaid lemmikloomi, nagu kassid, k\u00fc\u00fclikud, k\u00fc\u00fclikud, hamstrid, t\u0161int\u0161iljad, tuhkrud, merisigad ja enamik linnuliike.<\/li>\n<li>Cats Best Universal Litteri k\u00f5rge imavusv\u00f5ime muudab selle ideaalseks kasutamiseks puurides ja muudes lemmikloomade elupaikades. Seda v\u00f5ib kasutada igap\u00e4evase t\u00e4ispuhastusena v\u00f5i ainult t\u00e4iendava allapanuuna kohtades, kus on niiskust, n\u00e4iteks joogivee kausi l\u00e4hedal.<\/li>\n<\/ul>","protected":false},"excerpt":{"rendered":"<p>Cats Best Universal &#8211; auk\u0161tos kokyb\u0117s universalus, higieni\u0161kas kraikas i\u0161 mini granuli\u0173, pagamintas is\u030c 100 % organinio pluos\u030cto. Rekomenduojamas \u0161eimininkams auginantiems i\u0328vairiu\u0328 smulki\u0173 ru\u0304s\u030ciu\u0328 naminius gyvu\u0304nus. Pasi\u017eymi ypatingai dideliu sugeriamumu. Nr. 1 organinis kraikas Europoje. Nesu\u0161okantis. \u0160velnus gyv\u016bno p\u0117dut\u0117ms. Ypatingai greitai ir gerai sugeria dr\u0117gm\u0119. Biologi\u0161kai suyrantis, tod\u0117l galima saugiai nuleisti \u012f tualet\u0105. Visi\u0161kai tvarus:\u00a0Cats&#8230;<\/p>","protected":false},"featured_media":19637,"comment_status":"closed","ping_status":"closed","template":"","meta":{"_acf_changed":false,"slim_seo":{"title":"Cats Best Universal kraikas kat\u0117ms, grau\u017eikams ir pauk\u0161\u010diams 20L - Zooprekes24","description":"Cats Best Universal on kvaliteetne, universaalne, h\u00fcgieeniline mini-pelletipuru, mis on valmistatud 100 % orgaanilisest kiust. Soovitatav omanikele, kellel on"},"iawp_total_views":178},"product_brand":[],"product_cat":[9008,9299,78,83,25,9009,9279],"product_tag":[1873],"class_list":{"0":"post-22410","1":"product","2":"type-product","3":"status-publish","4":"has-post-thumbnail","6":"product_cat-cats-best","7":"product_cat-grauzikams","8":"product_cat-higiena-ir-prieziura-katems","9":"product_cat-kaciu-prekiu-gamintojai","10":"product_cat-katems","11":"product_cat-kraikas","12":"product_cat-pauksciams","13":"product_tag-cats-best-okoplus-kraikas","14":"pa_kraiko-rusis-medzio-drozles","15":"pa_prekiu-zenklai-cats-best","17":"first","18":"instock","19":"featured","20":"taxable","21":"shipping-taxable","22":"purchasable","23":"product-type-simple"},"acf":[],"_links":{"self":[{"href":"https:\/\/zooprekes24.lt\/et\/wp-json\/wp\/v2\/product\/22410","targetHints":{"allow":["GET"]}}],"collection":[{"href":"https:\/\/zooprekes24.lt\/et\/wp-json\/wp\/v2\/product"}],"about":[{"href":"https:\/\/zooprekes24.lt\/et\/wp-json\/wp\/v2\/types\/product"}],"replies":[{"embeddable":true,"href":"https:\/\/zooprekes24.lt\/et\/wp-json\/wp\/v2\/comments?post=22410"}],"wp:featuredmedia":[{"embeddable":true,"href":"https:\/\/zooprekes24.lt\/et\/wp-json\/wp\/v2\/media\/19637"}],"wp:attachment":[{"href":"https:\/\/zooprekes24.lt\/et\/wp-json\/wp\/v2\/media?parent=22410"}],"wp:term":[{"taxonomy":"product_brand","embeddable":true,"href":"https:\/\/zooprekes24.lt\/et\/wp-json\/wp\/v2\/product_brand?post=22410"},{"taxonomy":"product_cat","embeddable":true,"href":"https:\/\/zooprekes24.lt\/et\/wp-json\/wp\/v2\/product_cat?post=22410"},{"taxonomy":"product_tag","embeddable":true,"href":"https:\/\/zooprekes24.lt\/et\/wp-json\/wp\/v2\/product_tag?post=22410"}],"curies":[{"name":"wp","href":"https:\/\/api.w.org\/{rel}","templated":true}]}}