{"id":22407,"date":"2024-04-18T21:22:00","date_gmt":"2024-04-18T18:22:00","guid":{"rendered":"https:\/\/zooprekes24.lt\/produktas\/cats-best-original-kraikas-katems-20l\/"},"modified":"2024-10-03T13:02:08","modified_gmt":"2024-10-03T10:02:08","slug":"cats-best-original-kasside-allapanu-20l","status":"publish","type":"product","link":"https:\/\/zooprekes24.lt\/et\/produktas\/cats-best-original-kraikas-katems-20l\/","title":{"rendered":"Cats Best Original kassipesu 20L"},"content":{"rendered":"<h3>Cats Best Original on kvaliteetne looduslik kassipesu, mis on kasutamisel klompides. See on \u00e4\u00e4rmiselt \u00f6konoomne ja kestab kaua. P\u00e4rast seda, kui teie lemmikloom on tualetti kasutanud, peate vaid eemaldama niiskusest allapanu ja k\u00f5va v\u00e4ljaheite ning tualett on taas puhas. Euroopa nr. 1 orgaaniline allapanu.<\/h3>\n<ul style=\"font-weight: 400;\">\n<li>\u0160okeeriv.<\/li>\n<li>\u00d5rnalt looma jalgadele.<\/li>\n<li>Suurep\u00e4rane niiskuse imavus ja l\u00f5hnade blokeerimine.<\/li>\n<li>Biolagunevad ja neid on ohutu WC-s alla loputada.<\/li>\n<li>T\u00e4ielikult j\u00e4tkusuutlik:\u00a0<a href=\"https:\/\/www.catsbest.eu\/\">Kassid Best<\/a>\u00a0valmistatud PEFC-sertifitseeritud ressurssidest.<\/li>\n<li>Saab kompostida, kuna on 100% biolagunev.<\/li>\n<li>Seda v\u00f5ib pesakasti j\u00e4tta kuni 5 n\u00e4dalaks, enne kui see tuleb t\u00e4ielikult v\u00e4lja vahetada.<\/li>\n<li><a href=\"https:\/\/zooprekes24.lt\/et\/kategorija\/prekes-katems\/hugieeni-ja-puhastusvahendid-kassidele\/kraikas-katems\/\">Craik<\/a>\u00a0on meeldiva, loodusliku l\u00f5hnaga - valmistatud \u00fcmbert\u00f6\u00f6deldud puidust toorainest, ilma keemiliste lisanditeta.<\/li>\n<li>Kuni 3 korda parem niiskuseimavus kui tavalisel allapanu: Cats Best Original kasutab tehnoloogiliselt t\u00e4iustatud aktiivset puidukiudu. Kasutades JRS orgaanilise kiu protsessi, imavad nad vedelikke \u00e4\u00e4rmiselt kiiresti ja p\u00fc\u00fcavad ebameeldivaid l\u00f5hnu p\u00fcsivalt kinni - t\u00e4iuslik looduslik l\u00e4bitungimisvastane kaitse.<\/li>\n<\/ul>","protected":false},"excerpt":{"rendered":"<p>Cats Best Original &#8211; auk\u0161tos kokyb\u0117s nat\u016bralus ka\u010di\u0173 kraikas, kuris panaudotas su\u0161oka \u012f grumstelius. Ypa\u010d ekonomi\u0161kas, tad jo pakaks tikrai ilgam. Augintiniui pasinaudojus tualetu Jums tereik\u0117s pa\u0161alinti nuo dr\u0117gm\u0117s su\u0161okus\u012f kraik\u0105 bei kietas i\u0161matas ir tualetas v\u0117l bus \u0161varus. Nr. 1 organinis kraikas Europoje. Su\u0161okantis. \u0160velnus gyv\u016bno p\u0117dut\u0117ms. Puikiai sugeria dr\u0117gm\u0119 ir blokuoja nemalonius kvapus&#8230;.<\/p>","protected":false},"featured_media":19633,"comment_status":"closed","ping_status":"closed","template":"","meta":{"_acf_changed":false,"slim_seo":{"title":"Cats Best Original kraikas kat\u0117ms 20L - Zooprekes24","description":"Cats Best Original on kvaliteetne looduslik kassipesu, mis on kasutamisel klompides. See on \u00e4\u00e4rmiselt \u00f6konoomne ja kestab kaua. Lemmikloomale meeldib see."},"iawp_total_views":193},"product_brand":[],"product_cat":[9008,78,83,25,9009],"product_tag":[1873],"class_list":{"0":"post-22407","1":"product","2":"type-product","3":"status-publish","4":"has-post-thumbnail","6":"product_cat-cats-best","7":"product_cat-higiena-ir-prieziura-katems","8":"product_cat-kaciu-prekiu-gamintojai","9":"product_cat-katems","10":"product_cat-kraikas","11":"product_tag-cats-best-okoplus-kraikas","12":"pa_kraiko-rusis-medzio-drozles","13":"pa_prekiu-zenklai-cats-best","15":"first","16":"instock","17":"featured","18":"taxable","19":"shipping-taxable","20":"purchasable","21":"product-type-simple"},"acf":[],"_links":{"self":[{"href":"https:\/\/zooprekes24.lt\/et\/wp-json\/wp\/v2\/product\/22407","targetHints":{"allow":["GET"]}}],"collection":[{"href":"https:\/\/zooprekes24.lt\/et\/wp-json\/wp\/v2\/product"}],"about":[{"href":"https:\/\/zooprekes24.lt\/et\/wp-json\/wp\/v2\/types\/product"}],"replies":[{"embeddable":true,"href":"https:\/\/zooprekes24.lt\/et\/wp-json\/wp\/v2\/comments?post=22407"}],"wp:featuredmedia":[{"embeddable":true,"href":"https:\/\/zooprekes24.lt\/et\/wp-json\/wp\/v2\/media\/19633"}],"wp:attachment":[{"href":"https:\/\/zooprekes24.lt\/et\/wp-json\/wp\/v2\/media?parent=22407"}],"wp:term":[{"taxonomy":"product_brand","embeddable":true,"href":"https:\/\/zooprekes24.lt\/et\/wp-json\/wp\/v2\/product_brand?post=22407"},{"taxonomy":"product_cat","embeddable":true,"href":"https:\/\/zooprekes24.lt\/et\/wp-json\/wp\/v2\/product_cat?post=22407"},{"taxonomy":"product_tag","embeddable":true,"href":"https:\/\/zooprekes24.lt\/et\/wp-json\/wp\/v2\/product_tag?post=22407"}],"curies":[{"name":"wp","href":"https:\/\/api.w.org\/{rel}","templated":true}]}}