{"id":22404,"date":"2024-04-18T21:22:00","date_gmt":"2024-04-18T18:22:00","guid":{"rendered":"https:\/\/zooprekes24.lt\/produktas\/biocos-apsauginis-balzamas-nosytems\/"},"modified":"2026-01-30T09:49:58","modified_gmt":"2026-01-30T07:49:58","slug":"biocos-apsauginis-balzamas-nosytems-30ml","status":"publish","type":"product","link":"https:\/\/zooprekes24.lt\/et\/produktas\/biocos-apsauginis-balzamas-nosytems-30ml\/","title":{"rendered":"Biocos apsauginis balzamas nosyt\u0117ms, 30 ml"},"content":{"rendered":"<h3>Biocos kaitsepalsam m\u00e4rjadele ja uudishimulikele ninadele! 100% on loodusliku koostisega, seega ei ole ohtu isegi siis, kui uudishimulik lemmikloom nina torkab.<\/h3>\n<ul>\n<li>Sobib koertele ja kassidele.<\/li>\n<li>V\u00f5ib kasutada nii talvel kui ka suvel.<\/li>\n<li>Mesilasvaha loob kaitsva kile.<\/li>\n<li>Looduslikud \u00f5lid toidavad ja pehmendavad nahka.<\/li>\n<li>See kaitseb teie lemmiklooma nina v\u00e4ga t\u00f5husalt kahjulike v\u00e4listegurite eest.<\/li>\n<li>Biocos sud\u0117tyje esantys aliejai kartu su vitaminu E padeda \u012fveikti u\u017edegiminius procesus, atstato pa\u017eeist\u0105 nosyt\u0117s od\u0105, nuramina \u0161erpetojimus, \u012ftr\u016bkimus.<\/li>\n<\/ul>","protected":false},"excerpt":{"rendered":"<p>Biocos apsauginis balzamas \u0161lapioms ir smalsioms nosyt\u0117ms! Produktas yra 100% nat\u016bralios sud\u0117ties, tad nebaisu, net jei ir bus nuo nosies paragautas smalsaus augintinio. Tinkamas \u0161unims ir kat\u0117ms. Galima naudoti \u017eiem\u0105 ir vasar\u0105. Bi\u010di\u0173 va\u0161kas sukuria apsaugin\u0119 pl\u0117vel\u0119. Nat\u016bral\u016bs aliejai maitina ir sumink\u0161tina od\u0105. Itin veiksmingai saugo augintinio nosyte nuo kenksming\u0173 i\u0161or\u0117s veiksni\u0173. Biocos sud\u0117tyje esantys&#8230;<\/p>","protected":false},"featured_media":44995,"comment_status":"closed","ping_status":"closed","template":"","meta":{"_acf_changed":false,"slim_seo":{"title":"Biocos apsauginis balzamas nosyt\u0117ms, 30 ml - Zooprekes24","description":"Biocos kaitsepalsam m\u00e4rjadele ja uudishimulikele ninadele! Toode on 100% looduslik, seega ei ole ohtu isegi siis, kui teie nina uudishimulik au"},"iawp_total_views":98},"product_brand":[],"product_cat":[25,104,32,9025,9026,8999],"product_tag":[],"class_list":{"0":"post-22404","1":"product","2":"type-product","3":"status-publish","4":"has-post-thumbnail","6":"product_cat-katems","7":"product_cat-kitos-kaciu-prekes","8":"product_cat-kitos-sunu-prekes","9":"product_cat-prieziuros-priemones-katems","10":"product_cat-prieziuros-priemones-sunims","11":"product_cat-sunims","12":"pa_prekiu-zenklai-biocos","13":"pa_suns-amzius-jauniems","14":"pa_suns-amzius-senjorams","15":"pa_suns-amzius-suaugusiems","16":"pa_suns-amzius-visiems-amziams","17":"pa_veisles-dydis-didelems-veislems","18":"pa_veisles-dydis-mazoms-veislems","19":"pa_veisles-dydis-vidutinems-veislems","20":"pa_veisles-dydis-visu-dydziu-veislems","22":"first","23":"instock","24":"featured","25":"taxable","26":"shipping-taxable","27":"purchasable","28":"product-type-simple"},"acf":[],"_links":{"self":[{"href":"https:\/\/zooprekes24.lt\/et\/wp-json\/wp\/v2\/product\/22404","targetHints":{"allow":["GET"]}}],"collection":[{"href":"https:\/\/zooprekes24.lt\/et\/wp-json\/wp\/v2\/product"}],"about":[{"href":"https:\/\/zooprekes24.lt\/et\/wp-json\/wp\/v2\/types\/product"}],"replies":[{"embeddable":true,"href":"https:\/\/zooprekes24.lt\/et\/wp-json\/wp\/v2\/comments?post=22404"}],"wp:featuredmedia":[{"embeddable":true,"href":"https:\/\/zooprekes24.lt\/et\/wp-json\/wp\/v2\/media\/44995"}],"wp:attachment":[{"href":"https:\/\/zooprekes24.lt\/et\/wp-json\/wp\/v2\/media?parent=22404"}],"wp:term":[{"taxonomy":"product_brand","embeddable":true,"href":"https:\/\/zooprekes24.lt\/et\/wp-json\/wp\/v2\/product_brand?post=22404"},{"taxonomy":"product_cat","embeddable":true,"href":"https:\/\/zooprekes24.lt\/et\/wp-json\/wp\/v2\/product_cat?post=22404"},{"taxonomy":"product_tag","embeddable":true,"href":"https:\/\/zooprekes24.lt\/et\/wp-json\/wp\/v2\/product_tag?post=22404"}],"curies":[{"name":"wp","href":"https:\/\/api.w.org\/{rel}","templated":true}]}}