{"id":22399,"date":"2024-04-18T21:22:00","date_gmt":"2024-04-18T18:22:00","guid":{"rendered":"https:\/\/zooprekes24.lt\/produktas\/wanpy-mesos-tyrele-katems-salmon\/"},"modified":"2024-09-09T15:20:45","modified_gmt":"2024-09-09T12:20:45","slug":"wanpy-mesos-tyrele-katems-salmon","status":"publish","type":"product","link":"https:\/\/zooprekes24.lt\/et\/produktas\/wanpy-mesos-tyrele-katems-salmon\/","title":{"rendered":"Wanpy lihap\u00fcree kassidele l\u00f5he, kana ja porgandiga, 90 g"},"content":{"rendered":"<h3>Wanpy kreemjas, vitamiinirikas l\u00f5he-, kana- ja porgandipasta maiuspala. Sobib igas vanuses kassidele.<\/h3>\n<ul>\n<li>Toetab tervislikku seedetrakti funktsiooni.<\/li>\n<li>See on rikas A-, B2-, B3-, B5-, D3- ja E-vitamiinide poolest.<\/li>\n<li><a href=\"https:\/\/zooprekes24.lt\/et\/kategorija\/prekes-katems\/kulatoit\/skanestai-katems\/\">Maitsev<\/a> sobib igas vanuses kassidele.<\/li>\n<li>P\u00fcree on rikas niiskuse poolest, mis annab kehale vedelikku.<\/li>\n<li>Sobib segamiseks kuivtoiduga v\u00f5i otse tuubist lakkumiseks.<\/li>\n<li>Pakendatud mugavasse, h\u00f5lpsasti kasutatavasse kruvikorgiga konteinerisse, mis hoiab toote kauem v\u00e4rskena.<\/li>\n<li>Toote kvaliteet on tipptasemel! <a href=\"https:\/\/www.wanpy.eu\/assortiment\/wanpy\" target=\"_blank\" rel=\"noopener\">Wanpy kreem<\/a> Ravimid on heaks kiidetud ja neid m\u00fc\u00fcakse USAs, kus Toidu- ja Ravimiameti standardid on \u00fched maailma k\u00f5ige rangemad.<\/li>\n<\/ul>","protected":false},"excerpt":{"rendered":"<p>Wanpy kreminis, vitamin\u0173 gausus la\u0161i\u0161os, vi\u0161tienos ir mork\u0173 pastos skan\u0117stas. Tinka vis\u0173 am\u017eiaus grupi\u0173 kat\u0117ms. Palaiko sveik\u0105 vir\u0161kinamojo trakto veikl\u0105. Sud\u0117tyje gausu vitamin\u0173:\u00a0A, B2, B3, B5, D3 ir E. Skan\u0117stas pritaikytas vis\u0173 am\u017eiaus grupi\u0173 kat\u0117ms. Tyrel\u0117je daug dr\u0117gm\u0117s, kuri suteikia organizmui skys\u010di\u0173. Tinka sumai\u0161yti su sausu pa\u0161aru arba duoti lai\u017eyti tiesiai i\u0161 t\u016bbel\u0117s. Supakuota patogioje&#8230;<\/p>","protected":false},"featured_media":19616,"comment_status":"closed","ping_status":"closed","template":"","meta":{"_acf_changed":false,"slim_seo":{"title":"Wanpy m\u0117sos tyrel\u0117 kat\u0117ms su la\u0161i\u0161a, vi\u0161tiena ir morkomis, 90 g - Zooprekes24","description":"Wanpy kreemjas, vitamiinirikas l\u00f5he-, kana- ja porgandipasta maiuspala. Sobib igas vanuses kassidele. Toetab tervislikku seedetrakti. Lisatakse"},"iawp_total_views":119},"product_brand":[],"product_cat":[72,83,25,9018,9067],"product_tag":[2008,2032],"class_list":{"0":"post-22399","1":"product","2":"type-product","3":"status-publish","4":"has-post-thumbnail","6":"product_cat-kaciu-maistas","7":"product_cat-kaciu-prekiu-gamintojai","8":"product_cat-katems","9":"product_cat-skanestai","10":"product_cat-wanpy-katems","11":"product_tag-kaciu-skanestai","12":"product_tag-skystas-kaciu-skanestas","13":"pa_pasaro-sudetis-darzoves","14":"pa_pasaro-sudetis-lasisa","15":"pa_pasaro-sudetis-vistiena","16":"pa_pasaro-sudetis-zuvis","17":"pa_prekiu-zenklai-wanpy","19":"first","20":"instock","21":"taxable","22":"shipping-taxable","23":"purchasable","24":"product-type-simple"},"acf":[],"_links":{"self":[{"href":"https:\/\/zooprekes24.lt\/et\/wp-json\/wp\/v2\/product\/22399","targetHints":{"allow":["GET"]}}],"collection":[{"href":"https:\/\/zooprekes24.lt\/et\/wp-json\/wp\/v2\/product"}],"about":[{"href":"https:\/\/zooprekes24.lt\/et\/wp-json\/wp\/v2\/types\/product"}],"replies":[{"embeddable":true,"href":"https:\/\/zooprekes24.lt\/et\/wp-json\/wp\/v2\/comments?post=22399"}],"wp:featuredmedia":[{"embeddable":true,"href":"https:\/\/zooprekes24.lt\/et\/wp-json\/wp\/v2\/media\/19616"}],"wp:attachment":[{"href":"https:\/\/zooprekes24.lt\/et\/wp-json\/wp\/v2\/media?parent=22399"}],"wp:term":[{"taxonomy":"product_brand","embeddable":true,"href":"https:\/\/zooprekes24.lt\/et\/wp-json\/wp\/v2\/product_brand?post=22399"},{"taxonomy":"product_cat","embeddable":true,"href":"https:\/\/zooprekes24.lt\/et\/wp-json\/wp\/v2\/product_cat?post=22399"},{"taxonomy":"product_tag","embeddable":true,"href":"https:\/\/zooprekes24.lt\/et\/wp-json\/wp\/v2\/product_tag?post=22399"}],"curies":[{"name":"wp","href":"https:\/\/api.w.org\/{rel}","templated":true}]}}