{"id":22395,"date":"2024-04-18T21:22:00","date_gmt":"2024-04-18T18:22:00","guid":{"rendered":"https:\/\/zooprekes24.lt\/produktas\/wanpy-creamy-treat-chicken-katems\/"},"modified":"2024-09-09T15:01:45","modified_gmt":"2024-09-09T12:01:45","slug":"wanpy-kreemjas-maiuspala-kana-katems","status":"publish","type":"product","link":"https:\/\/zooprekes24.lt\/et\/produktas\/wanpy-creamy-treat-chicken-katems\/","title":{"rendered":"Wanpy Creamy Treat kanap\u00fcree maiuspala kassidele 70 g"},"content":{"rendered":"<h3>Wanpy Creamy Treat kanap\u00fcree maiuspala kana, mis aitab toetada tervislikku seedimist. Ei sisalda s\u00e4ilitusaineid ega v\u00e4rvaineid.<\/h3>\n<div class=\"product-prices js-product-prices mb-2\">\n<div class=\"product-price\">\n<div class=\"d-flex\">\n<ul>\n<li>5 individuaalset paketti.<\/li>\n<li>Sobib kassidele alates 3 kuu vanusest.<\/li>\n<li><a href=\"https:\/\/zooprekes24.lt\/et\/kategorija\/prekes-katems\/kulatoit\/skanestai-katems\/\">Kreemjas tekstuuriga h\u00f5rgutis<\/a> kergesti imenduv.<\/li>\n<li>Interaktiivne viis oma lemmikloomaga aega veeta.<\/li>\n<li>See aitab s\u00e4ilitada tervislikku seedimist ja varustab keha vedelikega.<\/li>\n<li>Toote kvaliteet on tipptasemel! <a href=\"https:\/\/www.wanpy.eu\/assortiment\/wanpy\">Wanpy Creamy Treat Chicken<\/a> Ravimid on heaks kiidetud ja neid m\u00fc\u00fcakse USAs, kus Toidu- ja Ravimiameti standardid on \u00fched maailma k\u00f5ige rangemad.<\/li>\n<\/ul>\n<\/div>\n<\/div>\n<\/div>","protected":false},"excerpt":{"rendered":"<p>Wanpy Creamy Treat Chicken tyreli\u0173 skan\u0117stai su vi\u0161tiena, padedantys palaikyti sveik\u0105 vir\u0161kinim\u0105. Be konservant\u0173\u00a0ir da\u017eikli\u0173. Pakuot\u0117je 5 atskiri pakeliai. Tinka kat\u0117ms\u00a0nuo 3 m\u0117n. am\u017eiaus. Kremin\u0117s tekst\u016bros skan\u0117stas lengvai \u012fsisavinamas. Interaktyvus b\u016bdas praleisti laik\u0105 kartu su augintiniu. Padeda palaikyti sveik\u0105 vir\u0161kinim\u0105\u00a0ir suteikia organizmui skys\u010di\u0173. Auk\u0161\u010diausia produkto kokyb\u0117! Wanpy Creamy Treat Chicken skan\u0117stai patvirtinti ir parduodami JAV&#8230;<\/p>","protected":false},"featured_media":19610,"comment_status":"closed","ping_status":"closed","template":"","meta":{"_acf_changed":false,"slim_seo":{"title":"Wanpy Creamy Treat Chicken tyreli\u0173 skan\u0117stai kat\u0117ms 70 g - Zooprekes24","description":"Wanpy Creamy Treat kanap\u00fcree maiuspala kana, mis aitab toetada tervislikku seedimist. Ei sisalda s\u00e4ilitusaineid ega v\u00e4rvaineid. Pakendis 5 \u00fcksikut pakki. Vt"},"iawp_total_views":285},"product_brand":[],"product_cat":[72,83,25,9018,9067],"product_tag":[2008,2032],"class_list":{"0":"post-22395","1":"product","2":"type-product","3":"status-publish","4":"has-post-thumbnail","6":"product_cat-kaciu-maistas","7":"product_cat-kaciu-prekiu-gamintojai","8":"product_cat-katems","9":"product_cat-skanestai","10":"product_cat-wanpy-katems","11":"product_tag-kaciu-skanestai","12":"product_tag-skystas-kaciu-skanestas","13":"pa_pasaro-sudetis-vistiena","14":"pa_prekiu-zenklai-wanpy","16":"first","17":"instock","18":"taxable","19":"shipping-taxable","20":"purchasable","21":"product-type-simple"},"acf":[],"_links":{"self":[{"href":"https:\/\/zooprekes24.lt\/et\/wp-json\/wp\/v2\/product\/22395","targetHints":{"allow":["GET"]}}],"collection":[{"href":"https:\/\/zooprekes24.lt\/et\/wp-json\/wp\/v2\/product"}],"about":[{"href":"https:\/\/zooprekes24.lt\/et\/wp-json\/wp\/v2\/types\/product"}],"replies":[{"embeddable":true,"href":"https:\/\/zooprekes24.lt\/et\/wp-json\/wp\/v2\/comments?post=22395"}],"wp:featuredmedia":[{"embeddable":true,"href":"https:\/\/zooprekes24.lt\/et\/wp-json\/wp\/v2\/media\/19610"}],"wp:attachment":[{"href":"https:\/\/zooprekes24.lt\/et\/wp-json\/wp\/v2\/media?parent=22395"}],"wp:term":[{"taxonomy":"product_brand","embeddable":true,"href":"https:\/\/zooprekes24.lt\/et\/wp-json\/wp\/v2\/product_brand?post=22395"},{"taxonomy":"product_cat","embeddable":true,"href":"https:\/\/zooprekes24.lt\/et\/wp-json\/wp\/v2\/product_cat?post=22395"},{"taxonomy":"product_tag","embeddable":true,"href":"https:\/\/zooprekes24.lt\/et\/wp-json\/wp\/v2\/product_tag?post=22395"}],"curies":[{"name":"wp","href":"https:\/\/api.w.org\/{rel}","templated":true}]}}