{"id":22394,"date":"2024-04-18T21:22:00","date_gmt":"2024-04-18T18:22:00","guid":{"rendered":"https:\/\/zooprekes24.lt\/produktas\/wanpy-duck-jerky-strips-katems\/"},"modified":"2024-09-09T15:13:39","modified_gmt":"2024-09-09T12:13:39","slug":"wanpy-pardipuru-ribad-katems","status":"publish","type":"product","link":"https:\/\/zooprekes24.lt\/et\/produktas\/wanpy-duck-jerky-strips-katems\/","title":{"rendered":"Wanpy Duck Jerky Strips kasside maiuspalad, kuivatatud pardiribad, 80 g"},"content":{"rendered":"<h3>Wanpy Duck Jerky Strips - pehmed kuivatatud pardiribad maiuspalad kassidele ahjus k\u00fcpsetamiseks.<\/h3>\n<ul>\n<li>100% tervislik ja loomulik.<\/li>\n<li>Madal rasvasisaldus, kuid k\u00f5rge valgusisaldus.<\/li>\n<li>Pehme tekstuuri on lihtne n\u00e4rida.<\/li>\n<li><a href=\"https:\/\/zooprekes24.lt\/et\/kategorija\/prekes-katems\/kulatoit\/skanestai-katems\/\">Delikatessid<\/a> sobib igas vanuses kassidele.<\/li>\n<li>Ideaalne looduslik s\u00f6\u00f6dalisand tasakaalustatud toitumiseks.<\/li>\n<li>Rikkalikult v\u00e4\u00e4rtuslikke toitaineid, mis aitavad tugevdada luid.<\/li>\n<li>Pakitud kasutajas\u00f5bralikku ziplock-pakendisse, et toode s\u00e4iliks kauem v\u00e4rskena.<\/li>\n<li>Toote kvaliteet on tipptasemel! <a href=\"https:\/\/www.wanpy.eu\/assortiment\/wanpy\">Wanpy Duck Jerky Strips Wanpy Duck Jerky Strips<\/a> Ravimid on heaks kiidetud ja neid m\u00fc\u00fcakse USAs, kus Toidu- ja Ravimiameti standardid on \u00fched maailma k\u00f5ige rangemad.<\/li>\n<\/ul>","protected":false},"excerpt":{"rendered":"<p>Wanpy Duck Jerky Strips &#8211; mink\u0161ti vytintos antienos juosteli\u0173 skan\u0117stai kat\u0117ms kepti orkait\u0117je. 100% sveiki ir nat\u016bral\u016bs. Sud\u0117tyje ma\u017eai riebal\u0173, bet daug baltym\u0173. Mink\u0161tos tekst\u016bros skan\u0117st\u0105 lengva kramtyti. Skan\u0117stai pritaikyti vis\u0173 am\u017eiaus grupi\u0173 kat\u0117ms. Idealiai tinka kaip nat\u016bralus pa\u0161aro papildas subalansuotai mitybai. Gaus\u016bs verting\u0173 maistini\u0173 med\u017eiag\u0173,\u00a0padedan\u010di\u0173 sustiprinti kaulus. Supakuota patogioje naudoti pakuot\u0117je su ziplock u\u017esegimu,&#8230;<\/p>","protected":false},"featured_media":19602,"comment_status":"closed","ping_status":"closed","template":"","meta":{"_acf_changed":false,"slim_seo":{"title":"Wanpy Duck Jerky Strips skan\u0117stai kat\u0117ms, vytintos antienos juostel\u0117s, 80 g - Zooprekes24","description":"Wanpy Duck Jerky Strips - pehmed kuivatatud pardiribad maiuspalad kassidele ahjus k\u00fcpsetamiseks. 100% tervislik ja looduslik. Madala rasvasisaldusega, kuid k\u00f5rge valgusisaldusega"},"iawp_total_views":68},"product_brand":[],"product_cat":[72,83,25,9018,9067],"product_tag":[4512,7305,1675],"class_list":{"0":"post-22394","1":"product","2":"type-product","3":"status-publish","4":"has-post-thumbnail","6":"product_cat-kaciu-maistas","7":"product_cat-kaciu-prekiu-gamintojai","8":"product_cat-katems","9":"product_cat-skanestai","10":"product_cat-wanpy-katems","11":"product_tag-antienos-skanestai-katei","12":"product_tag-antienos-skanukai","13":"product_tag-kaciu-edalas","14":"pa_pasaro-sudetis-antiena","15":"pa_prekiu-zenklai-wanpy","17":"first","18":"instock","19":"featured","20":"taxable","21":"shipping-taxable","22":"purchasable","23":"product-type-simple"},"acf":[],"_links":{"self":[{"href":"https:\/\/zooprekes24.lt\/et\/wp-json\/wp\/v2\/product\/22394","targetHints":{"allow":["GET"]}}],"collection":[{"href":"https:\/\/zooprekes24.lt\/et\/wp-json\/wp\/v2\/product"}],"about":[{"href":"https:\/\/zooprekes24.lt\/et\/wp-json\/wp\/v2\/types\/product"}],"replies":[{"embeddable":true,"href":"https:\/\/zooprekes24.lt\/et\/wp-json\/wp\/v2\/comments?post=22394"}],"wp:featuredmedia":[{"embeddable":true,"href":"https:\/\/zooprekes24.lt\/et\/wp-json\/wp\/v2\/media\/19602"}],"wp:attachment":[{"href":"https:\/\/zooprekes24.lt\/et\/wp-json\/wp\/v2\/media?parent=22394"}],"wp:term":[{"taxonomy":"product_brand","embeddable":true,"href":"https:\/\/zooprekes24.lt\/et\/wp-json\/wp\/v2\/product_brand?post=22394"},{"taxonomy":"product_cat","embeddable":true,"href":"https:\/\/zooprekes24.lt\/et\/wp-json\/wp\/v2\/product_cat?post=22394"},{"taxonomy":"product_tag","embeddable":true,"href":"https:\/\/zooprekes24.lt\/et\/wp-json\/wp\/v2\/product_tag?post=22394"}],"curies":[{"name":"wp","href":"https:\/\/api.w.org\/{rel}","templated":true}]}}