{"id":22391,"date":"2024-04-18T21:22:00","date_gmt":"2024-04-18T18:22:00","guid":{"rendered":"https:\/\/zooprekes24.lt\/produktas\/wanpy-mesos-tyrele-sunims-duck\/"},"modified":"2024-09-09T15:22:50","modified_gmt":"2024-09-09T12:22:50","slug":"wanpy-mesos-tyrele-sunims-duck","status":"publish","type":"product","link":"https:\/\/zooprekes24.lt\/et\/produktas\/wanpy-mesos-tyrele-sunims-duck\/","title":{"rendered":"Wanpy lihap\u00fcree koertele pardi, porgandi ja hernestega, 90 g"},"content":{"rendered":"<h3>Wanpy kreemjas, vitamiinirikas pardi-, porgandi- ja hernepasta h\u00f5rgutis. Sobib igas vanuses ja t\u00f5ugu koertele.<\/h3>\n<ul>\n<li>Tauriin toetab s\u00fcdame optimaalset talitlust.<\/li>\n<li>See on rikas A-, B2-, B3-, B5-, D3- ja E-vitamiinide poolest.<\/li>\n<li>P\u00fcree on rikas niiskuse poolest, mis annab kehale vedelikku.<\/li>\n<li><a href=\"https:\/\/zooprekes24.lt\/et\/kategorija\/prekes-sunims\/koera-degusteerijad\/minksti-kramtalai-sunims\/\">Maitsev<\/a> sobib igas vanuses ja t\u00f5ugu koertele.<\/li>\n<li>Sobib segamiseks kuivtoiduga v\u00f5i otse tuubist lakkumiseks.<\/li>\n<li>Pakendatud mugavasse, h\u00f5lpsasti kasutatavasse kruvikorgiga konteinerisse, mis hoiab toote kauem v\u00e4rskena.<\/li>\n<li>Toote kvaliteet on tipptasemel! <a href=\"https:\/\/www.wanpy.eu\/assortiment\/wanpy\">Wanpy kreem<\/a> Ravimid on heaks kiidetud ja neid m\u00fc\u00fcakse USAs, kus Toidu- ja Ravimiameti standardid on \u00fched maailma k\u00f5ige rangemad.<\/li>\n<\/ul>","protected":false},"excerpt":{"rendered":"<p>Wanpy kreminis, vitamin\u0173 gausus antienos, mork\u0173 ir \u017eirneli\u0173 pastos skan\u0117stas. Tinka vis\u0173 am\u017eiaus grupi\u0173 ir veisli\u0173 \u0161unims. Taurinas palaiko optimali\u0105 \u0161irdies veikl\u0105. Sud\u0117tyje gausu vitamin\u0173:\u00a0A, B2, B3, B5, D3 ir E. Tyrel\u0117je daug dr\u0117gm\u0117s, kuri suteikia organizmui skys\u010di\u0173. Skan\u0117stas pritaikytas vis\u0173 am\u017eiaus grupi\u0173 ir veisli\u0173 \u0161unims. Tinka sumai\u0161yti su sausu pa\u0161aru arba duoti lai\u017eyti tiesiai&#8230;<\/p>","protected":false},"featured_media":19598,"comment_status":"closed","ping_status":"closed","template":"","meta":{"_acf_changed":false,"slim_seo":{"title":"Wanpy m\u0117sos tyrel\u0117 \u0161unims su antiena, morkomis ir \u017eirneliais, 90 g - Zooprekes24","description":"Wanpy kreemjas, vitamiinirikas pardi-, porgandi- ja hernepasta h\u00f5rgutis. Sobib igas vanuses ja t\u00f5ugu koertele. Tauriin toetab s\u00fcdame optimaalset tervist"},"iawp_total_views":103},"product_brand":[],"product_cat":[9010,8999,31,30,9066],"product_tag":[386],"class_list":{"0":"post-22391","1":"product","2":"type-product","3":"status-publish","4":"has-post-thumbnail","6":"product_cat-naturalus-skanestai","7":"product_cat-sunims","8":"product_cat-sunu-prekiu-gamintojai","9":"product_cat-sunu-skanestai","10":"product_cat-wanpy-sunims","11":"product_tag-skanukai-sunims","12":"pa_pasaro-sudetis-antiena","13":"pa_pasaro-sudetis-darzoves","14":"pa_pasaro-sudetis-vistiena","15":"pa_prekiu-zenklai-wanpy","16":"pa_suns-amzius-jauniems","17":"pa_suns-amzius-senjorams","18":"pa_suns-amzius-suaugusiems","19":"pa_suns-amzius-visiems-amziams","20":"pa_veisles-dydis-didelems-veislems","21":"pa_veisles-dydis-mazoms-veislems","22":"pa_veisles-dydis-vidutinems-veislems","23":"pa_veisles-dydis-visu-dydziu-veislems","25":"first","26":"instock","27":"featured","28":"taxable","29":"shipping-taxable","30":"purchasable","31":"product-type-simple"},"acf":[],"_links":{"self":[{"href":"https:\/\/zooprekes24.lt\/et\/wp-json\/wp\/v2\/product\/22391","targetHints":{"allow":["GET"]}}],"collection":[{"href":"https:\/\/zooprekes24.lt\/et\/wp-json\/wp\/v2\/product"}],"about":[{"href":"https:\/\/zooprekes24.lt\/et\/wp-json\/wp\/v2\/types\/product"}],"replies":[{"embeddable":true,"href":"https:\/\/zooprekes24.lt\/et\/wp-json\/wp\/v2\/comments?post=22391"}],"wp:featuredmedia":[{"embeddable":true,"href":"https:\/\/zooprekes24.lt\/et\/wp-json\/wp\/v2\/media\/19598"}],"wp:attachment":[{"href":"https:\/\/zooprekes24.lt\/et\/wp-json\/wp\/v2\/media?parent=22391"}],"wp:term":[{"taxonomy":"product_brand","embeddable":true,"href":"https:\/\/zooprekes24.lt\/et\/wp-json\/wp\/v2\/product_brand?post=22391"},{"taxonomy":"product_cat","embeddable":true,"href":"https:\/\/zooprekes24.lt\/et\/wp-json\/wp\/v2\/product_cat?post=22391"},{"taxonomy":"product_tag","embeddable":true,"href":"https:\/\/zooprekes24.lt\/et\/wp-json\/wp\/v2\/product_tag?post=22391"}],"curies":[{"name":"wp","href":"https:\/\/api.w.org\/{rel}","templated":true}]}}