{"id":22390,"date":"2024-04-18T21:22:00","date_gmt":"2024-04-18T18:22:00","guid":{"rendered":"https:\/\/zooprekes24.lt\/produktas\/wanpy-chicken-toothbrush-chews-sunims\/"},"modified":"2024-09-09T14:59:19","modified_gmt":"2024-09-09T11:59:19","slug":"wanpy-kana-hambaharja-chews-sunims","status":"publish","type":"product","link":"https:\/\/zooprekes24.lt\/et\/produktas\/wanpy-chicken-toothbrush-chews-sunims\/","title":{"rendered":"Wanpy Chicken Toothbrush Chews maiuspalad koertele, kanamaitselised hambaharjad, 90 g"},"content":{"rendered":"<h3>Wanpy Chicken Toothbrush Chews - hambaharja kujuline maiuspala kanaga. Sobivad igas vanuses ja t\u00f5ugu koertele.<\/h3>\n<ul>\n<li>Madal rasvasisaldus, kuid k\u00f5rge valgusisaldus.<\/li>\n<li>H\u00f5rgutised igas vanuses ja t\u00f5ugu koertele.<\/li>\n<li>Sobib maitsva igap\u00e4evase suupisteena v\u00f5i <a href=\"https:\/\/zooprekes24.lt\/et\/kategorija\/prekes-sunims\/koera-degusteerijad\/minksti-kramtalai-sunims\/\">koolituspreemiad<\/a> v\u00f5i m\u00e4nguaastad.<\/li>\n<li>Pakitud kasutajas\u00f5bralikku ziplock-pakendisse, et toode s\u00e4iliks kauem v\u00e4rskena.<\/li>\n<li>Toote kvaliteet on tipptasemel! <a href=\"https:\/\/www.wanpy.eu\/assortiment\/wanpy\">Wanpy Chicken Hambaharja Chews<\/a>\u00a0Ravimid on heaks kiidetud ja neid m\u00fc\u00fcakse USAs, kus Toidu- ja Ravimiameti standardid on \u00fched maailma k\u00f5ige rangemad.<\/li>\n<li>T\u00e4nu harja ainulaadsele kujule, kui koer hammasriista peale hammastab, k\u00e4ivitub mehaaniline tegevus, mis mitte ainult ei aita eemaldada toiduj\u00e4\u00e4ke, vaid puhastab \u00f5rnalt ka hammaste pinda ja hambakivi, v\u00e4hendades hambakivi tekkimise ohtu.<\/li>\n<\/ul>","protected":false},"excerpt":{"rendered":"<p>Wanpy Chicken Toothbrush Chews &#8211; dant\u0173 \u0161epet\u0117li\u0173 formos skan\u0117stai su vi\u0161tiena. Tinka vis\u0173 am\u017eiaus grupi\u0173 ir veisli\u0173 \u0161unims. Sud\u0117tyje ma\u017eai riebal\u0173, bet daug baltym\u0173. Skan\u0117stai pritaikyti vis\u0173 am\u017eiaus grupi\u0173 ir veisli\u0173 \u0161unims. Tinkami kaip gardus kasdienis u\u017ekandis arba atlygis treniruo\u010di\u0173 ar \u017eaidim\u0173 met\u0173. Supakuota patogioje naudoti pakuot\u0117je su ziplock u\u017esegimu, jog produktas ilgiau i\u0161liktu \u0161vie\u017eias&#8230;.<\/p>","protected":false},"featured_media":19596,"comment_status":"closed","ping_status":"closed","template":"","meta":{"_acf_changed":false,"slim_seo":{"title":"Wanpy Chicken Toothbrush Chews skan\u0117stai \u0161unims, vi\u0161tienos skonio dant\u0173 \u0161epet\u0117liai, 90 g - Zooprekes24","description":"Wanpy Chicken Toothbrush Chews - hambaharja kujuline maiuspala kanaga. Sobivad igas vanuses ja t\u00f5ugu koertele. Madala rasvasisaldusega, kuid k\u00f5rge valgusisaldusega"},"iawp_total_views":35},"product_brand":[],"product_cat":[9039,8999,31,30,9066],"product_tag":[1289,1290,1291,1292,792],"class_list":{"0":"post-22390","1":"product","2":"type-product","3":"status-publish","4":"has-post-thumbnail","6":"product_cat-kaulai-ir-susukta-oda","7":"product_cat-sunims","8":"product_cat-sunu-prekiu-gamintojai","9":"product_cat-sunu-skanestai","10":"product_cat-wanpy-sunims","11":"product_tag-gaiviam-suns-burnos-kvapui","12":"product_tag-kaulai-suns-dantu-higienai","13":"product_tag-kaulai-sunu-dantims","14":"product_tag-kauliukai-suns-dantims","15":"product_tag-naturalus-skanestai-sunims","16":"pa_pasaro-sudetis-vistiena","17":"pa_prekiu-zenklai-wanpy","18":"pa_suns-amzius-jauniems","19":"pa_suns-amzius-senjorams","20":"pa_suns-amzius-suaugusiems","21":"pa_suns-amzius-visiems-amziams","22":"pa_veisles-dydis-didelems-veislems","23":"pa_veisles-dydis-mazoms-veislems","24":"pa_veisles-dydis-vidutinems-veislems","25":"pa_veisles-dydis-visu-dydziu-veislems","27":"first","28":"instock","29":"featured","30":"taxable","31":"shipping-taxable","32":"purchasable","33":"product-type-simple"},"acf":[],"_links":{"self":[{"href":"https:\/\/zooprekes24.lt\/et\/wp-json\/wp\/v2\/product\/22390","targetHints":{"allow":["GET"]}}],"collection":[{"href":"https:\/\/zooprekes24.lt\/et\/wp-json\/wp\/v2\/product"}],"about":[{"href":"https:\/\/zooprekes24.lt\/et\/wp-json\/wp\/v2\/types\/product"}],"replies":[{"embeddable":true,"href":"https:\/\/zooprekes24.lt\/et\/wp-json\/wp\/v2\/comments?post=22390"}],"wp:featuredmedia":[{"embeddable":true,"href":"https:\/\/zooprekes24.lt\/et\/wp-json\/wp\/v2\/media\/19596"}],"wp:attachment":[{"href":"https:\/\/zooprekes24.lt\/et\/wp-json\/wp\/v2\/media?parent=22390"}],"wp:term":[{"taxonomy":"product_brand","embeddable":true,"href":"https:\/\/zooprekes24.lt\/et\/wp-json\/wp\/v2\/product_brand?post=22390"},{"taxonomy":"product_cat","embeddable":true,"href":"https:\/\/zooprekes24.lt\/et\/wp-json\/wp\/v2\/product_cat?post=22390"},{"taxonomy":"product_tag","embeddable":true,"href":"https:\/\/zooprekes24.lt\/et\/wp-json\/wp\/v2\/product_tag?post=22390"}],"curies":[{"name":"wp","href":"https:\/\/api.w.org\/{rel}","templated":true}]}}