{"id":22389,"date":"2024-04-18T21:21:50","date_gmt":"2024-04-18T18:21:50","guid":{"rendered":"https:\/\/zooprekes24.lt\/produktas\/wanpy-salmon-fish-shape-bites\/"},"modified":"2024-09-09T15:27:08","modified_gmt":"2024-09-09T12:27:08","slug":"wanpy-lohe-kala-kuju-hammustab","status":"publish","type":"product","link":"https:\/\/zooprekes24.lt\/et\/produktas\/wanpy-salmon-fish-shape-bites\/","title":{"rendered":"Wanpy Salmon Fish Shape Bites maiuspalad koertele, kalakujulised maiuspalad l\u00f5hega, 100 g"},"content":{"rendered":"<h3>Wanpy Salmon Fish Shape Bites - naturaalsed, ahjus k\u00fcpsetatud kalakujulised maiuspalad, mis on valmistatud l\u00f5hest. Sobivad igas vanuses ja t\u00f5ugu koertele.<\/h3>\n<ul>\n<li>100% tervislik ja looduslik suupiste.<\/li>\n<li>Madal rasvasisaldus, kuid k\u00f5rge valgusisaldus.<\/li>\n<li>DHA aitab toetada ajufunktsiooni.<\/li>\n<li>H\u00f5rgutised igas vanuses ja t\u00f5ugu koertele.<\/li>\n<li><a href=\"https:\/\/zooprekes24.lt\/et\/kategorija\/prekes-sunims\/koera-degusteerijad\/minksti-kramtalai-sunims\/\" target=\"_blank\" rel=\"noopener\">Sobib ideaalselt treeninguks,<\/a> preemiaks v\u00f5i maitsva suupisteena.<\/li>\n<li>Toetab tervislikku seedetrakti ja s\u00fcdant ning s\u00e4ravat karvkatte.<\/li>\n<li>Pakitud kasutajas\u00f5bralikku ziplock-pakendisse, et toode s\u00e4iliks kauem v\u00e4rskena.<\/li>\n<li>Toote kvaliteet on tipptasemel! <a href=\"https:\/\/www.wanpy.eu\/assortiment\/wanpy\">Wanpy l\u00f5he kala kuju hammustused<\/a> Ravimid on heaks kiidetud ja neid m\u00fc\u00fcakse USAs, kus Toidu- ja Ravimiameti standardid on \u00fched maailma k\u00f5ige rangemad.<\/li>\n<\/ul>","protected":false},"excerpt":{"rendered":"<p>Wanpy Salmon Fish Shape Bites &#8211; nat\u016bral\u016bs, kepti orkait\u0117je \u017euvies formos skan\u0117stai i\u0161 la\u0161i\u0161os. Tinka vis\u0173 am\u017eiaus grupi\u0173 ir veisli\u0173 \u0161unims. 100% sveikas ir nat\u016bralus u\u017ekandis. Sud\u0117tyje ma\u017eai riebal\u0173, bet daug baltym\u0173. DHR r\u016bg\u0161tis padeda palaikyti smegen\u0173 veikl\u0105. Skan\u0117stai pritaikyti vis\u0173 am\u017eiaus grupi\u0173 ir veisli\u0173 \u0161unims. Tobulai tinka treniravimui, kaip atlygis arba skaniai u\u017ek\u0105sti. Palaiko&#8230;<\/p>","protected":false},"featured_media":19594,"comment_status":"closed","ping_status":"closed","template":"","meta":{"_acf_changed":false,"slim_seo":{"title":"Wanpy Salmon Fish Shape Bites skan\u0117stai \u0161unims, \u017euvyt\u0117s formos k\u0105sneliai su la\u0161i\u0161a, 100 g - Zooprekes24","description":"Wanpy Salmon Fish Shape Bites - naturaalsed, ahjus k\u00fcpsetatud kalakujulised maiuspalad, mis on valmistatud l\u00f5hest. Sobivad igas vanuses ja t\u00f5ugu koertele. 100% tervislik ja looduslik"},"iawp_total_views":64},"product_brand":[],"product_cat":[9010,8999,31,30,9066],"product_tag":[385,386],"class_list":{"0":"post-22389","1":"product","2":"type-product","3":"status-publish","4":"has-post-thumbnail","6":"product_cat-naturalus-skanestai","7":"product_cat-sunims","8":"product_cat-sunu-prekiu-gamintojai","9":"product_cat-sunu-skanestai","10":"product_cat-wanpy-sunims","11":"product_tag-skanestas-suns-dresiravimui","12":"product_tag-skanukai-sunims","13":"pa_pasaro-sudetis-lasisa","14":"pa_pasaro-sudetis-vistiena","15":"pa_pasaro-sudetis-zuvis","16":"pa_prekiu-zenklai-wanpy","17":"pa_suns-amzius-jauniems","18":"pa_suns-amzius-senjorams","19":"pa_suns-amzius-suaugusiems","20":"pa_suns-amzius-visiems-amziams","21":"pa_veisles-dydis-didelems-veislems","22":"pa_veisles-dydis-mazoms-veislems","23":"pa_veisles-dydis-vidutinems-veislems","24":"pa_veisles-dydis-visu-dydziu-veislems","26":"first","27":"instock","28":"featured","29":"taxable","30":"shipping-taxable","31":"purchasable","32":"product-type-simple"},"acf":[],"_links":{"self":[{"href":"https:\/\/zooprekes24.lt\/et\/wp-json\/wp\/v2\/product\/22389","targetHints":{"allow":["GET"]}}],"collection":[{"href":"https:\/\/zooprekes24.lt\/et\/wp-json\/wp\/v2\/product"}],"about":[{"href":"https:\/\/zooprekes24.lt\/et\/wp-json\/wp\/v2\/types\/product"}],"replies":[{"embeddable":true,"href":"https:\/\/zooprekes24.lt\/et\/wp-json\/wp\/v2\/comments?post=22389"}],"wp:featuredmedia":[{"embeddable":true,"href":"https:\/\/zooprekes24.lt\/et\/wp-json\/wp\/v2\/media\/19594"}],"wp:attachment":[{"href":"https:\/\/zooprekes24.lt\/et\/wp-json\/wp\/v2\/media?parent=22389"}],"wp:term":[{"taxonomy":"product_brand","embeddable":true,"href":"https:\/\/zooprekes24.lt\/et\/wp-json\/wp\/v2\/product_brand?post=22389"},{"taxonomy":"product_cat","embeddable":true,"href":"https:\/\/zooprekes24.lt\/et\/wp-json\/wp\/v2\/product_cat?post=22389"},{"taxonomy":"product_tag","embeddable":true,"href":"https:\/\/zooprekes24.lt\/et\/wp-json\/wp\/v2\/product_tag?post=22389"}],"curies":[{"name":"wp","href":"https:\/\/api.w.org\/{rel}","templated":true}]}}