{"id":22386,"date":"2024-04-18T21:21:50","date_gmt":"2024-04-18T18:21:50","guid":{"rendered":"https:\/\/zooprekes24.lt\/produktas\/wanpy-lamb-sausages-skanestai-sunims\/"},"modified":"2024-09-09T15:20:22","modified_gmt":"2024-09-09T12:20:22","slug":"wanpy-lambalihavorstid-maitsvad-koertele","status":"publish","type":"product","link":"https:\/\/zooprekes24.lt\/et\/produktas\/wanpy-lamb-sausages-skanestai-sunims\/","title":{"rendered":"Wanpy Lamb Sausages koeraleib, kuivatatud lambalihavorstid, 100 g"},"content":{"rendered":"<h3>Wanpy Lambavorstid - naturaalsed, ahjus k\u00fcpsetatud lambavorstih\u00f5rgutised. Sobivad igas vanuses ja t\u00f5ugu koertele.<\/h3>\n<ul>\n<li>100% on tervislik ja looduslik toode.<\/li>\n<li>Madal rasvasisaldus, kuid k\u00f5rge valgusisaldus.<\/li>\n<li>H\u00f5rgutised igas vanuses ja t\u00f5ugu koertele.<\/li>\n<li>Tugevdab luid ja toetab tervislikku seedetrakti.<\/li>\n<li>Rikastatud DHA-happega, mis aitab kaasa aju ja n\u00e4gemise arengule.<\/li>\n<li><a href=\"https:\/\/zooprekes24.lt\/et\/kategorija\/prekes-sunims\/koera-degusteerijad\/minksti-kramtalai-sunims\/\" target=\"_blank\" rel=\"noopener\">Ideaalne preemiate jaoks<\/a>maitsva vahepala jaoks v\u00f5i loomuliku n\u00e4rimisvajaduse rahuldamiseks.<\/li>\n<li>Pakitud kasutajas\u00f5bralikku ziplock-pakendisse, et toode s\u00e4iliks kauem v\u00e4rskena.<\/li>\n<li>Toote kvaliteet on tipptasemel! <a href=\"https:\/\/www.wanpy.eu\/assortiment\/wanpy\">Wanpy Lambavorstid<\/a> Ravimid on heaks kiidetud ja neid m\u00fc\u00fcakse USAs, kus Toidu- ja Ravimiameti standardid on \u00fched maailma k\u00f5ige rangemad.<\/li>\n<\/ul>","protected":false},"excerpt":{"rendered":"<p>Wanpy Lamb Sausages &#8211; nat\u016bral\u016bs vytint\u0173 \u0117rienos de\u0161reli\u0173 skan\u0117stai kepti orkait\u0117je. Tinka vis\u0173 am\u017eiaus grupi\u0173 ir veisli\u0173 \u0161unims. 100% sveikas ir nat\u016bralus produktas. Sud\u0117tyje ma\u017eai riebal\u0173, bet daug baltym\u0173. Skan\u0117stai pritaikyti vis\u0173 am\u017eiaus grupi\u0173 ir veisli\u0173 \u0161unims. Stiprina kaulus\u00a0ir palaiko sveik\u0105 vir\u0161kinamojo trakto veikl\u0105. Praturtinta DHA r\u016bg\u0161timi, kuri padeda smegen\u0173 ir regos vystymuisi. Tobulai tinka&#8230;<\/p>","protected":false},"featured_media":19587,"comment_status":"closed","ping_status":"closed","template":"","meta":{"_acf_changed":false,"slim_seo":{"title":"Wanpy Lamb Sausages skan\u0117stai \u0161unims, vytintos \u0117rienos de\u0161rel\u0117s, 100 g - Zooprekes24","description":"Wanpy Lambavorstid - naturaalsed, ahjus k\u00fcpsetatud lambavorstih\u00f5rgutised. Sobivad igas vanuses ja t\u00f5ugu koertele. 100% tervislikud ja looduslikud tooted"},"iawp_total_views":37},"product_brand":[],"product_cat":[9010,8999,31,30,9066],"product_tag":[1275,385,386],"class_list":{"0":"post-22386","1":"product","2":"type-product","3":"status-publish","4":"has-post-thumbnail","6":"product_cat-naturalus-skanestai","7":"product_cat-sunims","8":"product_cat-sunu-prekiu-gamintojai","9":"product_cat-sunu-skanestai","10":"product_cat-wanpy-sunims","11":"product_tag-erienos-skanestai-suniui","12":"product_tag-skanestas-suns-dresiravimui","13":"product_tag-skanukai-sunims","14":"pa_pasaro-sudetis-eriena","15":"pa_pasaro-sudetis-vistiena","16":"pa_prekiu-zenklai-wanpy","17":"pa_suns-amzius-jauniems","18":"pa_suns-amzius-senjorams","19":"pa_suns-amzius-suaugusiems","20":"pa_suns-amzius-visiems-amziams","21":"pa_veisles-dydis-didelems-veislems","22":"pa_veisles-dydis-mazoms-veislems","23":"pa_veisles-dydis-vidutinems-veislems","24":"pa_veisles-dydis-visu-dydziu-veislems","26":"first","27":"instock","28":"featured","29":"taxable","30":"shipping-taxable","31":"purchasable","32":"product-type-simple"},"acf":[],"_links":{"self":[{"href":"https:\/\/zooprekes24.lt\/et\/wp-json\/wp\/v2\/product\/22386","targetHints":{"allow":["GET"]}}],"collection":[{"href":"https:\/\/zooprekes24.lt\/et\/wp-json\/wp\/v2\/product"}],"about":[{"href":"https:\/\/zooprekes24.lt\/et\/wp-json\/wp\/v2\/types\/product"}],"replies":[{"embeddable":true,"href":"https:\/\/zooprekes24.lt\/et\/wp-json\/wp\/v2\/comments?post=22386"}],"wp:featuredmedia":[{"embeddable":true,"href":"https:\/\/zooprekes24.lt\/et\/wp-json\/wp\/v2\/media\/19587"}],"wp:attachment":[{"href":"https:\/\/zooprekes24.lt\/et\/wp-json\/wp\/v2\/media?parent=22386"}],"wp:term":[{"taxonomy":"product_brand","embeddable":true,"href":"https:\/\/zooprekes24.lt\/et\/wp-json\/wp\/v2\/product_brand?post=22386"},{"taxonomy":"product_cat","embeddable":true,"href":"https:\/\/zooprekes24.lt\/et\/wp-json\/wp\/v2\/product_cat?post=22386"},{"taxonomy":"product_tag","embeddable":true,"href":"https:\/\/zooprekes24.lt\/et\/wp-json\/wp\/v2\/product_tag?post=22386"}],"curies":[{"name":"wp","href":"https:\/\/api.w.org\/{rel}","templated":true}]}}