{"id":22384,"date":"2024-04-18T21:21:50","date_gmt":"2024-04-18T18:21:50","guid":{"rendered":"https:\/\/zooprekes24.lt\/produktas\/wanpy-beef-steaks-skanestai-sunims\/"},"modified":"2024-09-09T14:56:41","modified_gmt":"2024-09-09T11:56:41","slug":"wanpy-beef-steaks-skanestai-sunims","status":"publish","type":"product","link":"https:\/\/zooprekes24.lt\/et\/produktas\/wanpy-beef-steaks-skanestai-sunims\/","title":{"rendered":"Wanpy Beef Steaks koerte maiuspalad, veiselihapihvid, 100 g"},"content":{"rendered":"<h3>Wanpy Beef Steaks - naturaalsed, ahjus k\u00fcpsetatud, kuivalt laagerdunud veiselihapihvid. Sobib igas vanuses ja t\u00f5ugu koertele.<\/h3>\n<ul>\n<li>100% tervislik ja loomulik.<\/li>\n<li>Madal rasvasisaldus, kuid k\u00f5rge valgusisaldus.<\/li>\n<li>H\u00f5rgutised igas vanuses ja t\u00f5ugu koertele.<\/li>\n<li>Need toetavad tervislikku seedetrakti ja on rikkalikult vitamiine sisaldavad.<\/li>\n<li><a href=\"https:\/\/zooprekes24.lt\/et\/kategorija\/prekes-sunims\/koera-degusteerijad\/minksti-kramtalai-sunims\/\" target=\"_blank\" rel=\"noopener\">Ideaalne preemiate jaoks<\/a>maitsva vahepala jaoks v\u00f5i loomuliku n\u00e4rimisvajaduse rahuldamiseks.<\/li>\n<li>Pakitud kasutajas\u00f5bralikku ziplock-pakendisse, et toode s\u00e4iliks kauem v\u00e4rskena.<\/li>\n<li>Toote kvaliteet on tipptasemel! <a href=\"https:\/\/www.wanpy.eu\/assortiment\/wanpy\">Wanpy Beef Steaks<\/a> Ravimid on heaks kiidetud ja neid m\u00fc\u00fcakse USAs, kus Toidu- ja Ravimiameti standardid on \u00fched maailma k\u00f5ige rangemad.<\/li>\n<\/ul>","protected":false},"excerpt":{"rendered":"<p>Wanpy Beef Steaks &#8211; nat\u016bral\u016bs, vytinti jautienos kepsneliai kepti orkait\u0117je. Tinka vis\u0173 am\u017eiaus grupi\u0173 ir veisli\u0173 \u0161unims. 100% sveiki ir nat\u016bral\u016bs. Sud\u0117tyje ma\u017eai riebal\u0173, bet daug baltym\u0173. Skan\u0117stai pritaikyti vis\u0173 am\u017eiaus grupi\u0173 ir veisli\u0173 \u0161unims. Palaiko sveik\u0105 vir\u0161kinamojo trakto veikl\u0105 ir yra gaus\u016bs vitamin\u0173. Tobulai tinka atlygiui, skaniai u\u017ek\u0105sti ar nat\u016braliam poreikiui kramtyti patenkinti. Supakuota&#8230;<\/p>","protected":false},"featured_media":19583,"comment_status":"closed","ping_status":"closed","template":"","meta":{"_acf_changed":false,"slim_seo":{"title":"Wanpy Beef Steaks skan\u0117stai \u0161unims, vytinti jautienos kepsneliai, 100 g - Zooprekes24","description":"Wanpy Beef Steaks - naturaalsed, ahjus k\u00fcpsetatud, kuivalt laagerdunud veiselihapihvid. Sobib igas vanuses ja t\u00f5ugu koertele. 100% tervislik ja naturaalne. Sisaldab madala"},"iawp_total_views":12},"product_brand":[],"product_cat":[9010,8999,31,30,9066],"product_tag":[620,385,386],"class_list":{"0":"post-22384","1":"product","2":"type-product","3":"status-publish","4":"has-post-thumbnail","6":"product_cat-naturalus-skanestai","7":"product_cat-sunims","8":"product_cat-sunu-prekiu-gamintojai","9":"product_cat-sunu-skanestai","10":"product_cat-wanpy-sunims","11":"product_tag-dziovinta-jautiena-suniui","12":"product_tag-skanestas-suns-dresiravimui","13":"product_tag-skanukai-sunims","14":"pa_pasaro-sudetis-antiena","15":"pa_pasaro-sudetis-jautiena","16":"pa_prekiu-zenklai-wanpy","17":"pa_suns-amzius-jauniems","18":"pa_suns-amzius-senjorams","19":"pa_suns-amzius-suaugusiems","20":"pa_suns-amzius-visiems-amziams","21":"pa_veisles-dydis-didelems-veislems","22":"pa_veisles-dydis-mazoms-veislems","23":"pa_veisles-dydis-vidutinems-veislems","24":"pa_veisles-dydis-visu-dydziu-veislems","26":"first","27":"instock","28":"featured","29":"taxable","30":"shipping-taxable","31":"purchasable","32":"product-type-simple"},"acf":[],"_links":{"self":[{"href":"https:\/\/zooprekes24.lt\/et\/wp-json\/wp\/v2\/product\/22384","targetHints":{"allow":["GET"]}}],"collection":[{"href":"https:\/\/zooprekes24.lt\/et\/wp-json\/wp\/v2\/product"}],"about":[{"href":"https:\/\/zooprekes24.lt\/et\/wp-json\/wp\/v2\/types\/product"}],"replies":[{"embeddable":true,"href":"https:\/\/zooprekes24.lt\/et\/wp-json\/wp\/v2\/comments?post=22384"}],"wp:featuredmedia":[{"embeddable":true,"href":"https:\/\/zooprekes24.lt\/et\/wp-json\/wp\/v2\/media\/19583"}],"wp:attachment":[{"href":"https:\/\/zooprekes24.lt\/et\/wp-json\/wp\/v2\/media?parent=22384"}],"wp:term":[{"taxonomy":"product_brand","embeddable":true,"href":"https:\/\/zooprekes24.lt\/et\/wp-json\/wp\/v2\/product_brand?post=22384"},{"taxonomy":"product_cat","embeddable":true,"href":"https:\/\/zooprekes24.lt\/et\/wp-json\/wp\/v2\/product_cat?post=22384"},{"taxonomy":"product_tag","embeddable":true,"href":"https:\/\/zooprekes24.lt\/et\/wp-json\/wp\/v2\/product_tag?post=22384"}],"curies":[{"name":"wp","href":"https:\/\/api.w.org\/{rel}","templated":true}]}}