{"id":22382,"date":"2024-04-18T21:21:50","date_gmt":"2024-04-18T18:21:50","guid":{"rendered":"https:\/\/zooprekes24.lt\/produktas\/wanpy-duck-sausages-skanestai-sunims\/"},"modified":"2024-09-09T15:14:40","modified_gmt":"2024-09-09T12:14:40","slug":"wanpy-pardivorstid-koertele","status":"publish","type":"product","link":"https:\/\/zooprekes24.lt\/et\/produktas\/wanpy-duck-sausages-skanestai-sunims\/","title":{"rendered":"Wanpy Duck Sausages koerte maiuspalad, kuivatatud pardivorstid, 100 g"},"content":{"rendered":"<h3>Wanpy Duck Sausages - t\u00e4iesti looduslikud, ahjuvorstid. Sobivad igas vanuses ja t\u00f5ugu koertele.<\/h3>\n<ul>\n<li>100% tervislik ja loomulik.<\/li>\n<li>Madal rasvasisaldus, kuid k\u00f5rge valgusisaldus.<\/li>\n<li>DHA aitab toetada ajufunktsiooni.<\/li>\n<li>H\u00f5rgutised igas vanuses ja t\u00f5ugu koertele.<\/li>\n<li>Tugevdab luid ja toetab tervislikku seedetrakti.<\/li>\n<li><a href=\"https:\/\/zooprekes24.lt\/et\/kategorija\/prekes-sunims\/koera-degusteerijad\/minksti-kramtalai-sunims\/\" target=\"_blank\" rel=\"noopener\">Ideaalne preemiate jaoks<\/a>maitsva vahepala jaoks v\u00f5i loomuliku n\u00e4rimisvajaduse rahuldamiseks.<\/li>\n<li>Pakitud kasutajas\u00f5bralikku ziplock-pakendisse, et toode s\u00e4iliks kauem v\u00e4rskena.<\/li>\n<li>Toote kvaliteet on tipptasemel! <a href=\"https:\/\/www.wanpy.eu\/assortiment\/wanpy\">Wanpy pardivorstid<\/a> Ravimid on heaks kiidetud ja neid m\u00fc\u00fcakse USAs, kus Toidu- ja Ravimiameti standardid on \u00fched maailma k\u00f5ige rangemad.<\/li>\n<\/ul>","protected":false},"excerpt":{"rendered":"<p>Wanpy Duck Sausages &#8211; nat\u016bral\u016bs vytint\u0173 antienos de\u0161reli\u0173 skan\u0117stai kepti orkait\u0117je. Tinka vis\u0173 am\u017eiaus grupi\u0173 ir veisli\u0173 \u0161unims. 100% sveiki ir nat\u016bral\u016bs. Sud\u0117tyje ma\u017eai riebal\u0173, bet daug baltym\u0173. DHR r\u016bg\u0161tis padeda palaikyti smegen\u0173 veikl\u0105. Skan\u0117stai pritaikyti vis\u0173 am\u017eiaus grupi\u0173 ir veisli\u0173 \u0161unims. Stiprina kaulus\u00a0ir palaiko sveik\u0105 vir\u0161kinamojo trakto veikl\u0105. Tobulai tinka atlygiui, skaniai u\u017ek\u0105sti ar&#8230;<\/p>","protected":false},"featured_media":19579,"comment_status":"closed","ping_status":"closed","template":"","meta":{"_acf_changed":false,"slim_seo":{"title":"Wanpy Duck Sausages skan\u0117stai \u0161unims, vytintos antienos de\u0161rel\u0117s, 100 g - Zooprekes24","description":"Wanpy Duck Sausages - t\u00e4iesti looduslikud, ahjuvorstid. Sobivad igas vanuses ja t\u00f5ugu koertele. 100% tervislik ja looduslik. Sisaldab"},"iawp_total_views":57},"product_brand":[],"product_cat":[9010,8999,31,30,9066],"product_tag":[604,7305,3776,5780,385,386],"class_list":{"0":"post-22382","1":"product","2":"type-product","3":"status-publish","4":"has-post-thumbnail","6":"product_cat-naturalus-skanestai","7":"product_cat-sunims","8":"product_cat-sunu-prekiu-gamintojai","9":"product_cat-sunu-skanestai","10":"product_cat-wanpy-sunims","11":"product_tag-antienos-skanestai-suniui","12":"product_tag-antienos-skanukai","13":"product_tag-dziovinta-antiena-suniui","14":"product_tag-dziovintos-antienos-skanestai-sunims","15":"product_tag-skanestas-suns-dresiravimui","16":"product_tag-skanukai-sunims","17":"pa_pasaro-sudetis-antiena","18":"pa_pasaro-sudetis-vistiena","19":"pa_prekiu-zenklai-wanpy","20":"pa_suns-amzius-jauniems","21":"pa_suns-amzius-senjorams","22":"pa_suns-amzius-suaugusiems","23":"pa_suns-amzius-visiems-amziams","24":"pa_veisles-dydis-didelems-veislems","25":"pa_veisles-dydis-mazoms-veislems","26":"pa_veisles-dydis-vidutinems-veislems","27":"pa_veisles-dydis-visu-dydziu-veislems","29":"first","30":"instock","31":"featured","32":"taxable","33":"shipping-taxable","34":"purchasable","35":"product-type-simple"},"acf":[],"_links":{"self":[{"href":"https:\/\/zooprekes24.lt\/et\/wp-json\/wp\/v2\/product\/22382","targetHints":{"allow":["GET"]}}],"collection":[{"href":"https:\/\/zooprekes24.lt\/et\/wp-json\/wp\/v2\/product"}],"about":[{"href":"https:\/\/zooprekes24.lt\/et\/wp-json\/wp\/v2\/types\/product"}],"replies":[{"embeddable":true,"href":"https:\/\/zooprekes24.lt\/et\/wp-json\/wp\/v2\/comments?post=22382"}],"wp:featuredmedia":[{"embeddable":true,"href":"https:\/\/zooprekes24.lt\/et\/wp-json\/wp\/v2\/media\/19579"}],"wp:attachment":[{"href":"https:\/\/zooprekes24.lt\/et\/wp-json\/wp\/v2\/media?parent=22382"}],"wp:term":[{"taxonomy":"product_brand","embeddable":true,"href":"https:\/\/zooprekes24.lt\/et\/wp-json\/wp\/v2\/product_brand?post=22382"},{"taxonomy":"product_cat","embeddable":true,"href":"https:\/\/zooprekes24.lt\/et\/wp-json\/wp\/v2\/product_cat?post=22382"},{"taxonomy":"product_tag","embeddable":true,"href":"https:\/\/zooprekes24.lt\/et\/wp-json\/wp\/v2\/product_tag?post=22382"}],"curies":[{"name":"wp","href":"https:\/\/api.w.org\/{rel}","templated":true}]}}