{"id":22379,"date":"2024-04-18T21:21:50","date_gmt":"2024-04-18T18:21:50","guid":{"rendered":"https:\/\/zooprekes24.lt\/produktas\/wanpy-chicken-jerky-chips-sunims\/"},"modified":"2024-09-09T14:57:48","modified_gmt":"2024-09-09T11:57:48","slug":"wanpy-chicken-jerky-chips-sunims","status":"publish","type":"product","link":"https:\/\/zooprekes24.lt\/et\/produktas\/wanpy-chicken-jerky-chips-sunims\/","title":{"rendered":"Wanpy Chicken Jerky Chips maiuspalad koertele, kuivatatud kanafilee, 100 g"},"content":{"rendered":"<h3>Wanpy Chicken Jerky Chips - ahjus k\u00fcpsetatud naturaalsed kuivatatud kanatooraine maiuspalad. Sobib igas vanuses ja t\u00f5ugu koertele.<\/h3>\n<ul>\n<li>100% tervislik ja loomulik.<\/li>\n<li>Madal rasvasisaldus, kuid k\u00f5rge valgusisaldus.<\/li>\n<li>Tugevdab luid ja lisab karvkattele l\u00e4iget.<\/li>\n<li>H\u00f5rgutised igas vanuses ja t\u00f5ugu koertele.<\/li>\n<li><a href=\"https:\/\/zooprekes24.lt\/et\/kategorija\/prekes-sunims\/koera-degusteerijad\/minksti-kramtalai-sunims\/\" target=\"_blank\" rel=\"noopener\">Ideaalne preemiate jaoks<\/a>maitsva vahepala jaoks v\u00f5i loomuliku n\u00e4rimisvajaduse rahuldamiseks.<\/li>\n<li>Pakitud kasutajas\u00f5bralikku ziplock-pakendisse, et toode s\u00e4iliks kauem v\u00e4rskena.<\/li>\n<li>Toote kvaliteet on tipptasemel! <a href=\"https:\/\/www.wanpy.eu\/assortiment\/wanpy\">Wanpy Chicken Jerky Chips Wanpy Chicken Jerky Chips<\/a> Ravimid on heaks kiidetud ja neid m\u00fc\u00fcakse USAs, kus Toidu- ja Ravimiameti standardid on \u00fched maailma k\u00f5ige rangemad.<\/li>\n<\/ul>","protected":false},"excerpt":{"rendered":"<p>Wanpy Chicken Jerky Chips &#8211; nat\u016bral\u016bs vytintos vi\u0161tienos tra\u0161ku\u010di\u0173 skan\u0117stai kepti orkait\u0117je. Tinka vis\u0173 am\u017eiaus grupi\u0173 ir veisli\u0173 \u0161unims. 100% sveiki ir nat\u016bral\u016bs. Sud\u0117tyje ma\u017eai riebal\u0173, bet daug baltym\u0173. Stiprina kaulus ir suteikia kailiui daugiau blizgesio. Skan\u0117stai pritaikyti vis\u0173 am\u017eiaus grupi\u0173 ir veisli\u0173 \u0161unims. Tobulai tinka atlygiui, skaniai u\u017ek\u0105sti ar nat\u016braliam poreikiui kramtyti patenkinti. Supakuota&#8230;<\/p>","protected":false},"featured_media":19573,"comment_status":"closed","ping_status":"closed","template":"","meta":{"_acf_changed":false,"slim_seo":{"title":"Wanpy Chicken Jerky Chips skan\u0117stai \u0161unims, vytintos vi\u0161tienos tra\u0161ku\u010diai, 100 g - Zooprekes24","description":"Wanpy Chicken Jerky Chips - ahjus k\u00fcpsetatud naturaalsed kuivatatud kanatooraine maiuspalad. Sobib igas vanuses ja t\u00f5ugu koertele. 100% tervislik ja lahke"},"iawp_total_views":16},"product_brand":[],"product_cat":[9010,8999,31,30,9066],"product_tag":[3786,5763,385,386],"class_list":{"0":"post-22379","1":"product","2":"type-product","3":"status-publish","4":"has-post-thumbnail","6":"product_cat-naturalus-skanestai","7":"product_cat-sunims","8":"product_cat-sunu-prekiu-gamintojai","9":"product_cat-sunu-skanestai","10":"product_cat-wanpy-sunims","11":"product_tag-dziovinta-vistiena-suniui","12":"product_tag-dziovintos-vistienos-skanestai-sunims","13":"product_tag-skanestas-suns-dresiravimui","14":"product_tag-skanukai-sunims","15":"pa_pasaro-sudetis-vistiena","16":"pa_prekiu-zenklai-wanpy","17":"pa_suns-amzius-jauniems","18":"pa_suns-amzius-senjorams","19":"pa_suns-amzius-suaugusiems","20":"pa_suns-amzius-visiems-amziams","21":"pa_veisles-dydis-didelems-veislems","22":"pa_veisles-dydis-mazoms-veislems","23":"pa_veisles-dydis-vidutinems-veislems","24":"pa_veisles-dydis-visu-dydziu-veislems","26":"first","27":"instock","28":"featured","29":"taxable","30":"shipping-taxable","31":"purchasable","32":"product-type-simple"},"acf":[],"_links":{"self":[{"href":"https:\/\/zooprekes24.lt\/et\/wp-json\/wp\/v2\/product\/22379","targetHints":{"allow":["GET"]}}],"collection":[{"href":"https:\/\/zooprekes24.lt\/et\/wp-json\/wp\/v2\/product"}],"about":[{"href":"https:\/\/zooprekes24.lt\/et\/wp-json\/wp\/v2\/types\/product"}],"replies":[{"embeddable":true,"href":"https:\/\/zooprekes24.lt\/et\/wp-json\/wp\/v2\/comments?post=22379"}],"wp:featuredmedia":[{"embeddable":true,"href":"https:\/\/zooprekes24.lt\/et\/wp-json\/wp\/v2\/media\/19573"}],"wp:attachment":[{"href":"https:\/\/zooprekes24.lt\/et\/wp-json\/wp\/v2\/media?parent=22379"}],"wp:term":[{"taxonomy":"product_brand","embeddable":true,"href":"https:\/\/zooprekes24.lt\/et\/wp-json\/wp\/v2\/product_brand?post=22379"},{"taxonomy":"product_cat","embeddable":true,"href":"https:\/\/zooprekes24.lt\/et\/wp-json\/wp\/v2\/product_cat?post=22379"},{"taxonomy":"product_tag","embeddable":true,"href":"https:\/\/zooprekes24.lt\/et\/wp-json\/wp\/v2\/product_tag?post=22379"}],"curies":[{"name":"wp","href":"https:\/\/api.w.org\/{rel}","templated":true}]}}