{"id":22361,"date":"2024-04-18T21:21:39","date_gmt":"2024-04-18T18:21:39","guid":{"rendered":"https:\/\/zooprekes24.lt\/produktas\/churu-twin-packs-chicken-vegetables\/"},"modified":"2025-09-15T13:26:16","modified_gmt":"2025-09-15T11:26:16","slug":"churu-kaksikpakend-kana-koogiviljad","status":"publish","type":"product","link":"https:\/\/zooprekes24.lt\/et\/produktas\/churu-twin-packs-chicken-vegetables\/","title":{"rendered":"Churu Twin Packs kana-k\u00f6\u00f6givilja maiuspala 80 g"},"content":{"rendered":"<h3>Churu Twin Packs Chicken Vegetables - teraviljavaba maiuspala koertele kana ja k\u00f6\u00f6giviljadega \u017eelatiinipuljongis. Sisaldab rohkelt niiskust, mis on koera hea tervise jaoks h\u00e4davajalik. Rikastatud rohelise tee ekstrakti ja E-vitamiiniga. Ei sisalda s\u00e4ilitusaineid ega kunstlikke v\u00e4rvaineid.<\/h3>\n<ul>\n<li><a href=\"https:\/\/zooprekes24.lt\/et\/kategorija\/prekes-sunims\/koeratoit\/begrudis-maistas-sunims\/\" target=\"_blank\" rel=\"noopener\">Ilma teraviljata<\/a>, s\u00e4ilitusained ja kunstlikud v\u00e4rvained.<\/li>\n<li>Naturaalsed kanat\u00fckid, mis on kaetud puljongimassiga.<\/li>\n<li>Iga 40 g portsjon sisaldab 91 % niiskust ja ainult 22 kalorit.<\/li>\n<li>Mugav \u00fcksikpakend, nii et saate alati pakkuda v\u00e4rsket ja tervislikku suupistet.<\/li>\n<li><a href=\"https:\/\/inabafoods.com\" target=\"_blank\" rel=\"noopener\">Churu<\/a> Twin Packs Chicken Vegetables on valmistatud maitsvatest kvaliteetsetest koostisosadest, sealhulgas talu kasvatatud kanast.<\/li>\n<li>Topeltpakendid on kaks \u00fcksikportsjonit t\u00fckeldatud kana ja k\u00f6\u00f6givilju soolases tarretises. Lihtsalt avage, koorige pealmine osa \u00e4ra ja kasutage seda m\u00e4rja v\u00f5i kuiva koeratoidu lisana v\u00f5i s\u00f6\u00f6gi k\u00f5rvale.<\/li>\n<\/ul>","protected":false},"excerpt":{"rendered":"<p>Churu Twin Packs Chicken Vegetables &#8211; begr\u016bdis skan\u0117stas \u0161unims su vi\u0161tiena ir dar\u017eov\u0117mis \u017eel\u0117 sultinyje. Sud\u0117tyje daug dr\u0117gm\u0117s, kuri yra b\u016btina gerai \u0161un\u0173 sveikatai. Praturtinta \u017ealiosios arbatos ekstraktu ir vitaminu E. Be konservant\u0173 ir dirbtini\u0173 da\u017eikli\u0173. Be gr\u016bd\u0173, konservant\u0173 ir dirbtini\u0173 da\u017eikli\u0173. Nat\u016bral\u016bs vi\u0161tienos gabaliukai padengti sultinio \u017eel\u0117. Kiekvienoje 40 g porcijoje yra 91 %&#8230;<\/p>","protected":false},"featured_media":19510,"comment_status":"closed","ping_status":"closed","template":"","meta":{"_acf_changed":false,"slim_seo":{"title":"Churu Twin Packs Chicken Vegetables skan\u0117stas \u0161unims 80 g - Zooprekes24","description":"Churu Twin Packs Chicken Vegetables - teraviljavaba maiuspala koertele kana ja k\u00f6\u00f6giviljadega \u017eelatiinipuljongis. K\u00f5rge niiskusesisaldusega, mis on oluline koerte hea tervise jaoks"},"iawp_total_views":7},"product_brand":[],"product_cat":[9240,9010,8999,31,30],"product_tag":[],"class_list":{"0":"post-22361","1":"product","2":"type-product","3":"status-publish","4":"has-post-thumbnail","6":"product_cat-churu-sunims","7":"product_cat-naturalus-skanestai","8":"product_cat-sunims","9":"product_cat-sunu-prekiu-gamintojai","10":"product_cat-sunu-skanestai","11":"pa_pasaro-sudetis-darzoves","12":"pa_pasaro-sudetis-vistiena","13":"pa_prekiu-zenklai-churu","14":"pa_suns-amzius-jauniems","15":"pa_suns-amzius-senjorams","16":"pa_suns-amzius-suaugusiems","17":"pa_suns-amzius-visiems-amziams","18":"pa_veisles-dydis-didelems-veislems","19":"pa_veisles-dydis-mazoms-veislems","20":"pa_veisles-dydis-vidutinems-veislems","21":"pa_veisles-dydis-visu-dydziu-veislems","23":"first","24":"instock","25":"taxable","26":"shipping-taxable","27":"purchasable","28":"product-type-simple"},"acf":[],"_links":{"self":[{"href":"https:\/\/zooprekes24.lt\/et\/wp-json\/wp\/v2\/product\/22361","targetHints":{"allow":["GET"]}}],"collection":[{"href":"https:\/\/zooprekes24.lt\/et\/wp-json\/wp\/v2\/product"}],"about":[{"href":"https:\/\/zooprekes24.lt\/et\/wp-json\/wp\/v2\/types\/product"}],"replies":[{"embeddable":true,"href":"https:\/\/zooprekes24.lt\/et\/wp-json\/wp\/v2\/comments?post=22361"}],"wp:featuredmedia":[{"embeddable":true,"href":"https:\/\/zooprekes24.lt\/et\/wp-json\/wp\/v2\/media\/19510"}],"wp:attachment":[{"href":"https:\/\/zooprekes24.lt\/et\/wp-json\/wp\/v2\/media?parent=22361"}],"wp:term":[{"taxonomy":"product_brand","embeddable":true,"href":"https:\/\/zooprekes24.lt\/et\/wp-json\/wp\/v2\/product_brand?post=22361"},{"taxonomy":"product_cat","embeddable":true,"href":"https:\/\/zooprekes24.lt\/et\/wp-json\/wp\/v2\/product_cat?post=22361"},{"taxonomy":"product_tag","embeddable":true,"href":"https:\/\/zooprekes24.lt\/et\/wp-json\/wp\/v2\/product_tag?post=22361"}],"curies":[{"name":"wp","href":"https:\/\/api.w.org\/{rel}","templated":true}]}}