{"id":22360,"date":"2024-04-18T21:21:39","date_gmt":"2024-04-18T18:21:39","guid":{"rendered":"https:\/\/zooprekes24.lt\/produktas\/acana-highest-protein-kitten\/"},"modified":"2024-11-15T14:42:03","modified_gmt":"2024-11-15T11:42:03","slug":"acana-korgeima-valgusisaldusega-kassipoeg","status":"publish","type":"product","link":"https:\/\/zooprekes24.lt\/et\/produktas\/acana-highest-protein-kitten\/","title":{"rendered":"Acana Highest Protein Kitten teraviljavaba kuivtoit kassipoegadele 1,8 kg"},"content":{"rendered":"<h3>Acana Highest Protein Kitten - selles teraviljavabas, esmaklassilises retseptis, mis sobib ideaalselt <a href=\"https:\/\/zooprekes24.lt\/et\/?s=kitten&amp;post_type=product&amp;product_cat=0\" target=\"_blank\" rel=\"noopener\">kassipoegade jaoks<\/a> kuni 12 kuu vanuseni, sisaldab 75 % loomset koostisosa, sealhulgas vabapidamisel kasvatatud kanaliha, kalkuniliha ja l\u00f5he. Toitvad koostisosad aitavad toetada teie kassipoegade optimaalset kasvu, sealhulgas s\u00fcdame ja silmade tervist ning seedetrakti tervist.<\/h3>\n<ul>\n<li>H\u00e4bitu.<\/li>\n<li>See sisaldab tauriini, EPA-d ja DHA-d, mis aitavad toetada kognitiivset arengut ja silmade tervist.<\/li>\n<li>Valgud, kiudained ja probiootikumide segu aitavad s\u00e4ilitada teie lemmiklooma positiivset seedimist.<\/li>\n<li>Esmaklassiline retsept sisaldab 75 loomset koostisosa koos %-valguga, et toetada lihaste ja luude kasvu ja arengut.<\/li>\n<li>Acana Highest Protein Kitten toit on valmistatud auhinnatud k\u00f6\u00f6gis parimatest ja v\u00e4rsketest koostisosadest. <a href=\"https:\/\/www.acanapetfoods.co.uk\/about-acana\/biologically-appropriate\/\" target=\"_blank\" rel=\"noopener noreferrer\">Bioloogiliselt sobiv\u2122<\/a> (Bioloogiliselt sobiv) koostis tagab, et teie kassipoeg kasvab tervena ja \u00f5nnelikuna \u00fcles.<\/li>\n<\/ul>","protected":false},"excerpt":{"rendered":"<p>Acana Highest Protein Kitten &#8211; \u0161iame begr\u016bdyje, auk\u0161\u010diausios kokyb\u0117s recepte, puikiai tinkan\u010diame ka\u010diukams iki 12 m\u0117nesi\u0173 am\u017eiaus, yra 75 % gyv\u016bnin\u0117s kilm\u0117s ingredient\u0173, \u012fskaitant laisvai laikom\u0173 vi\u0161t\u0173 m\u0117s\u0105, kalakutien\u0105 ir la\u0161i\u0161\u0105. Maistingi ingredientai pad\u0117s palaikyti optimal\u0173 ka\u010diuko augim\u0105, \u012fskaitant sveik\u0105 \u0161ird\u012f ir akis bei vir\u0161kinimo sistemos sveikat\u0105. Begr\u016bdis. Sud\u0117tyje yra taurino, EPA ir DHA, padedan\u010di\u0173&#8230;<\/p>","protected":false},"featured_media":19509,"comment_status":"closed","ping_status":"closed","template":"","meta":{"_acf_changed":false,"slim_seo":{"title":"Acana Highest Protein Kitten begr\u016bdis sausas maistas ka\u010diukams 1.8 kg - Zooprekes24","description":"Acana Highest Protein Kitten - See teraviljavaba, k\u00f5rgekvaliteediline retsept, mis sobib ideaalselt kuni 12 kuu vanustele kassipoegadele, sisaldab 75 % loomset p\u00e4ritolu in"},"iawp_total_views":124},"product_brand":[],"product_cat":[9015,9027,72,83,25,9016],"product_tag":[1671,1817,1675,1682,1696],"class_list":{"0":"post-22360","1":"product","2":"type-product","3":"status-publish","4":"has-post-thumbnail","6":"product_cat-acana-kaciu-prekiu-gamintojai","7":"product_cat-begrudis-maistas-kaciu-maistas","8":"product_cat-kaciu-maistas","9":"product_cat-kaciu-prekiu-gamintojai","10":"product_cat-katems","11":"product_cat-sausas-maistas-kaciu-maistas","12":"product_tag-begrudis-kaciu-maistas","13":"product_tag-edalas-katems","14":"product_tag-kaciu-edalas","15":"product_tag-kaciu-maistas-super-premium-klases","16":"product_tag-super-premium-maistas-katems","17":"pa_pasaro-sudetis-darzoves","18":"pa_pasaro-sudetis-kalakutiena","19":"pa_pasaro-sudetis-kepeneles","20":"pa_pasaro-sudetis-kiausiniai","21":"pa_pasaro-sudetis-lasisa","22":"pa_pasaro-sudetis-sirdys","23":"pa_pasaro-sudetis-uogos","24":"pa_pasaro-sudetis-vaisiai","25":"pa_pasaro-sudetis-vistiena","26":"pa_pasaro-sudetis-zuvis","27":"pa_prekiu-zenklai-acana","29":"first","30":"instock","31":"featured","32":"taxable","33":"shipping-taxable","34":"purchasable","35":"product-type-simple"},"acf":[],"_links":{"self":[{"href":"https:\/\/zooprekes24.lt\/et\/wp-json\/wp\/v2\/product\/22360","targetHints":{"allow":["GET"]}}],"collection":[{"href":"https:\/\/zooprekes24.lt\/et\/wp-json\/wp\/v2\/product"}],"about":[{"href":"https:\/\/zooprekes24.lt\/et\/wp-json\/wp\/v2\/types\/product"}],"replies":[{"embeddable":true,"href":"https:\/\/zooprekes24.lt\/et\/wp-json\/wp\/v2\/comments?post=22360"}],"wp:featuredmedia":[{"embeddable":true,"href":"https:\/\/zooprekes24.lt\/et\/wp-json\/wp\/v2\/media\/19509"}],"wp:attachment":[{"href":"https:\/\/zooprekes24.lt\/et\/wp-json\/wp\/v2\/media?parent=22360"}],"wp:term":[{"taxonomy":"product_brand","embeddable":true,"href":"https:\/\/zooprekes24.lt\/et\/wp-json\/wp\/v2\/product_brand?post=22360"},{"taxonomy":"product_cat","embeddable":true,"href":"https:\/\/zooprekes24.lt\/et\/wp-json\/wp\/v2\/product_cat?post=22360"},{"taxonomy":"product_tag","embeddable":true,"href":"https:\/\/zooprekes24.lt\/et\/wp-json\/wp\/v2\/product_tag?post=22360"}],"curies":[{"name":"wp","href":"https:\/\/api.w.org\/{rel}","templated":true}]}}