{"id":22359,"date":"2024-04-18T21:21:39","date_gmt":"2024-04-18T18:21:39","guid":{"rendered":"https:\/\/zooprekes24.lt\/produktas\/churu-multipack-tuna-varieties-katems\/"},"modified":"2026-03-02T14:07:07","modified_gmt":"2026-03-02T12:07:07","slug":"churu-multipack-tuna-varieties-skanestu-rinkinys-katems-50vnt","status":"publish","type":"product","link":"https:\/\/zooprekes24.lt\/et\/produktas\/churu-multipack-tuna-varieties-skanestu-rinkinys-katems-50vnt\/","title":{"rendered":"Churu Multipack Tuna Varieties skan\u0117st\u0173 rinkinys kat\u0117ms, 50 vnt"},"content":{"rendered":"<h3>Churu Multipack Tuna Varieties &#8211; skan\u0117st\u0173 rinkinys su tunu. Tyrel\u0117se yra daug dr\u0117gm\u0117s, kuri yra b\u016btina gerai ka\u010di\u0173 sveikatai. Sud\u0117tyje n\u0117ra gr\u016bd\u0173, konservant\u0173 ir dirbtini\u0173 da\u017eikli\u0173.<\/h3>\n<ul>\n<li>\u00d6konoomne pakend.<\/li>\n<li>Kreemjas tekstuur ja soolane maitse.<\/li>\n<li>Rinkinyje rasite 14 g \u00d7 50 pakeli\u0173 &#8211; 700 g.<\/li>\n<li><a href=\"https:\/\/zooprekes24.lt\/et\/kategorija\/prekes-katems\/kulatoit\/pruunita-toit\/\" target=\"_blank\" rel=\"noopener\">Ilma teraviljata<\/a>, s\u00e4ilitusained ja kunstlikud v\u00e4rvained.<\/li>\n<li>4 erinevat maitsekombinatsiooni tuunikalap\u00fcree ja tuunikala vahel.<\/li>\n<li>Interaktiivne viis oma lemmikloomaga aega veeta.<\/li>\n<li><a href=\"https:\/\/www.inabafoods.com\" target=\"_blank\" rel=\"noopener\">Churu Multipack Tuna Varieties maiuspalad on k\u00f5rge niiskusesisaldusega, mis on oluline kassi hea tervise ja heaolu jaoks.<\/a>.<\/li>\n<li>Hoidke oma kassi niisutatuna ilma kaloreid lisamata: iga tuubi maitsev, kreemjas Churu sisaldab 91 % niiskust ja ainult kuus kalorit (k\u00fcmnendik traditsiooniliste kuivade kassitoitude kaloritest).<\/li>\n<\/ul>","protected":false},"excerpt":{"rendered":"<p>Churu Multipack Tuna Varieties &#8211; skan\u0117st\u0173 rinkinys su tunu. Tyrel\u0117se yra daug dr\u0117gm\u0117s, kuri yra b\u016btina gerai ka\u010di\u0173 sveikatai. Sud\u0117tyje n\u0117ra gr\u016bd\u0173, konservant\u0173 ir dirbtini\u0173 da\u017eikli\u0173. Ekonomi\u0161ka pakuot\u0117. Kremin\u0117 tekst\u016bra ir pikanti\u0161kas skonis. Rinkinyje rasite 14 g \u00d7 50 pakeli\u0173 &#8211; 700 g. Be gr\u016bd\u0173, konservant\u0173 ir dirbtini\u0173 da\u017eikli\u0173. Pakuot\u0117je 4 skirtingi tyreli\u0173 skoni\u0173 deriniai&#8230;<\/p>","protected":false},"featured_media":19507,"comment_status":"closed","ping_status":"closed","template":"","meta":{"_acf_changed":false,"slim_seo":{"title":"Churu Multipack Tuna Varieties skan\u0117st\u0173 rinkinys kat\u0117ms, 50 vnt - Zooprekes24","description":"Churu Multipack Tuna Varieties - skan\u0117st\u0173 rinkinys su tunu. Tyrel\u0117se yra daug dr\u0117gm\u0117s, kuri yra b\u016btina gerai ka\u010di\u0173 sveikatai. Sud\u0117tyje n\u0117ra gr\u016bd\u0173, konservant\u0173 i"},"iawp_total_views":219},"product_brand":[],"product_cat":[9027,9239,72,83,25,9018],"product_tag":[7671,2032],"class_list":{"0":"post-22359","1":"product","2":"type-product","3":"status-publish","4":"has-post-thumbnail","6":"product_cat-begrudis-maistas-kaciu-maistas","7":"product_cat-churu-katems","8":"product_cat-kaciu-maistas","9":"product_cat-kaciu-prekiu-gamintojai","10":"product_cat-katems","11":"product_cat-skanestai","12":"product_tag-churu-rinkinys-katems","13":"product_tag-skystas-kaciu-skanestas","14":"pa_pasaro-sudetis-juros-gerybes","15":"pa_pasaro-sudetis-lasisa","16":"pa_pasaro-sudetis-tunas","17":"pa_pasaro-sudetis-vistiena","18":"pa_pasaro-sudetis-zuvis","19":"pa_prekiu-zenklai-churu","21":"first","22":"instock","23":"taxable","24":"shipping-taxable","25":"purchasable","26":"product-type-simple"},"acf":[],"_links":{"self":[{"href":"https:\/\/zooprekes24.lt\/et\/wp-json\/wp\/v2\/product\/22359","targetHints":{"allow":["GET"]}}],"collection":[{"href":"https:\/\/zooprekes24.lt\/et\/wp-json\/wp\/v2\/product"}],"about":[{"href":"https:\/\/zooprekes24.lt\/et\/wp-json\/wp\/v2\/types\/product"}],"replies":[{"embeddable":true,"href":"https:\/\/zooprekes24.lt\/et\/wp-json\/wp\/v2\/comments?post=22359"}],"wp:featuredmedia":[{"embeddable":true,"href":"https:\/\/zooprekes24.lt\/et\/wp-json\/wp\/v2\/media\/19507"}],"wp:attachment":[{"href":"https:\/\/zooprekes24.lt\/et\/wp-json\/wp\/v2\/media?parent=22359"}],"wp:term":[{"taxonomy":"product_brand","embeddable":true,"href":"https:\/\/zooprekes24.lt\/et\/wp-json\/wp\/v2\/product_brand?post=22359"},{"taxonomy":"product_cat","embeddable":true,"href":"https:\/\/zooprekes24.lt\/et\/wp-json\/wp\/v2\/product_cat?post=22359"},{"taxonomy":"product_tag","embeddable":true,"href":"https:\/\/zooprekes24.lt\/et\/wp-json\/wp\/v2\/product_tag?post=22359"}],"curies":[{"name":"wp","href":"https:\/\/api.w.org\/{rel}","templated":true}]}}