{"id":22358,"date":"2024-04-18T21:21:39","date_gmt":"2024-04-18T18:21:39","guid":{"rendered":"https:\/\/zooprekes24.lt\/produktas\/churu-bites-shrimp-seafood-skanestai\/"},"modified":"2026-03-02T14:37:27","modified_gmt":"2026-03-02T12:37:27","slug":"churu-juicy-bites-shrimp-seafood-skanestai-katems-34g","status":"publish","type":"product","link":"https:\/\/zooprekes24.lt\/et\/produktas\/churu-juicy-bites-shrimp-seafood-skanestai-katems-34g\/","title":{"rendered":"Churu Juicy Bites Shrimp Seafood skan\u0117stai kat\u0117ms 34 g"},"content":{"rendered":"<h3>Churu Juicy Bites Shrimp Seafood &#8211; mink\u0161ti kreve\u010di\u0173 ir j\u016bros g\u0117rybi\u0173 skonio skan\u0117stai kat\u0117ms. Praturtinti \u017ealiosios arbatos ekstraktu ir vitaminu E. Be gr\u016bd\u0173, konservant\u0173 ir dirbtini\u0173 da\u017eikli\u0173. Pakelyje yra trys atskiros pakuot\u0117s, kad b\u016bt\u0173 i\u0161laikytas maksimalus \u0161vie\u017eumas.<\/h3>\n<ul>\n<li>Mitte-kaloriline.<\/li>\n<li>Be gr\u016bd\u0173, konservant\u0173 ir dirbtini\u0173 da\u017eikli\u0173.<\/li>\n<li>Churu Juicy Bites Shrimp Seafood skan\u0117stai interaktyvus b\u016bdas praleisti laik\u0105 kartu su augintiniu.<\/li>\n<li>Need maitsvad, niisked maiuspalad sisaldavad 71 % niiskust ja ainult 15 kalorit pakendis - peaaegu 50 % v\u00e4hem kaloreid kui traditsiooniline kuiv maiuspala.<\/li>\n<li>Neid pehmeid, hammustussuuruses maiuspalasid saab k\u00e4est k\u00e4tte anda, et soodustada suhtlemist teie kassiga. Vajaduse korral saate ravimi peitmiseks h\u00f5lpsasti tablettide sisse panna.<\/li>\n<li>Valmistatud suurep\u00e4rastest koostisosadest, mida v\u00f5ite usaldada: iga Inaba toode on valmistatud suurep\u00e4rastest kvaliteetsetest koostisosadest, sealhulgas kasvatatud kanast ja\/v\u00f5i looduslikust looduslikust tuunikalast.<\/li>\n<\/ul>","protected":false},"excerpt":{"rendered":"<p>Churu Juicy Bites Shrimp Seafood &#8211; mink\u0161ti kreve\u010di\u0173 ir j\u016bros g\u0117rybi\u0173 skonio skan\u0117stai kat\u0117ms. Praturtinti \u017ealiosios arbatos ekstraktu ir vitaminu E. Be gr\u016bd\u0173, konservant\u0173 ir dirbtini\u0173 da\u017eikli\u0173. Pakelyje yra trys atskiros pakuot\u0117s, kad b\u016bt\u0173 i\u0161laikytas maksimalus \u0161vie\u017eumas. Nekaloringi. Be gr\u016bd\u0173, konservant\u0173 ir dirbtini\u0173 da\u017eikli\u0173. Churu Juicy Bites Shrimp Seafood skan\u0117stai interaktyvus b\u016bdas praleisti laik\u0105 kartu&#8230;<\/p>","protected":false},"featured_media":19506,"comment_status":"closed","ping_status":"closed","template":"","meta":{"_acf_changed":false,"slim_seo":{"title":"Churu Juicy Bites Shrimp Seafood skan\u0117stai kat\u0117ms 34 g - Zooprekes24","description":"Churu Juicy Bites Shrimp Seafood - mink\u0161ti kreve\u010di\u0173 ir j\u016bros g\u0117rybi\u0173 skonio skan\u0117stai kat\u0117ms. Praturtinti \u017ealiosios arbatos ekstraktu ir vitaminu E. Be gr\u016bd\u0173, k"},"iawp_total_views":107},"product_brand":[],"product_cat":[9027,9239,72,83,25,9018],"product_tag":[2008,2032],"class_list":{"0":"post-22358","1":"product","2":"type-product","3":"status-publish","4":"has-post-thumbnail","6":"product_cat-begrudis-maistas-kaciu-maistas","7":"product_cat-churu-katems","8":"product_cat-kaciu-maistas","9":"product_cat-kaciu-prekiu-gamintojai","10":"product_cat-katems","11":"product_cat-skanestai","12":"product_tag-kaciu-skanestai","13":"product_tag-skystas-kaciu-skanestas","14":"pa_pasaro-sudetis-juros-gerybes","15":"pa_pasaro-sudetis-tunas","16":"pa_pasaro-sudetis-vistiena","17":"pa_pasaro-sudetis-zuvis","18":"pa_prekiu-zenklai-churu","20":"first","21":"instock","22":"taxable","23":"shipping-taxable","24":"purchasable","25":"product-type-simple"},"acf":[],"_links":{"self":[{"href":"https:\/\/zooprekes24.lt\/et\/wp-json\/wp\/v2\/product\/22358","targetHints":{"allow":["GET"]}}],"collection":[{"href":"https:\/\/zooprekes24.lt\/et\/wp-json\/wp\/v2\/product"}],"about":[{"href":"https:\/\/zooprekes24.lt\/et\/wp-json\/wp\/v2\/types\/product"}],"replies":[{"embeddable":true,"href":"https:\/\/zooprekes24.lt\/et\/wp-json\/wp\/v2\/comments?post=22358"}],"wp:featuredmedia":[{"embeddable":true,"href":"https:\/\/zooprekes24.lt\/et\/wp-json\/wp\/v2\/media\/19506"}],"wp:attachment":[{"href":"https:\/\/zooprekes24.lt\/et\/wp-json\/wp\/v2\/media?parent=22358"}],"wp:term":[{"taxonomy":"product_brand","embeddable":true,"href":"https:\/\/zooprekes24.lt\/et\/wp-json\/wp\/v2\/product_brand?post=22358"},{"taxonomy":"product_cat","embeddable":true,"href":"https:\/\/zooprekes24.lt\/et\/wp-json\/wp\/v2\/product_cat?post=22358"},{"taxonomy":"product_tag","embeddable":true,"href":"https:\/\/zooprekes24.lt\/et\/wp-json\/wp\/v2\/product_tag?post=22358"}],"curies":[{"name":"wp","href":"https:\/\/api.w.org\/{rel}","templated":true}]}}