{"id":22357,"date":"2024-04-18T21:21:39","date_gmt":"2024-04-18T18:21:39","guid":{"rendered":"https:\/\/zooprekes24.lt\/produktas\/churu-chicken-kitten-skanestai\/"},"modified":"2026-04-13T12:36:28","modified_gmt":"2026-04-13T10:36:28","slug":"churu-kana-kassipoeg-skanestai","status":"publish","type":"product","link":"https:\/\/zooprekes24.lt\/et\/produktas\/churu-chicken-kitten-skanestai\/","title":{"rendered":"Churu Chicken Kitten maiuspalad kassipoegadele 56 g"},"content":{"rendered":"<h3>Churu Chicken Kitten maiuspalad sisaldavad palju niiskust, mis on kassipoegade hea tervise jaoks h\u00e4davajalik. Rikastatud Omega 3 ja 6 rasvhapetega, mis aitavad s\u00e4ilitada naha ja karvkatte tervist. P\u00fcreed ei sisalda teravilja, s\u00e4ilitusaineid ega kunstlikke v\u00e4rvaineid.<\/h3>\n<ul>\n<li>Kalorivaba.<\/li>\n<li>Kreemjas tekstuur ja soolane maitse.<\/li>\n<li><a href=\"https:\/\/zooprekes24.lt\/et\/kategorija\/prekes-katems\/kulatoit\/pruunita-toit\/\" target=\"_blank\" rel=\"noopener\">Ilma teraviljata<\/a>, s\u00e4ilitusained ja kunstlikud v\u00e4rvained.<\/li>\n<li>Valmistatud 100% farmi kanadest.<\/li>\n<li>Interaktiivne viis oma lemmikloomaga aega veeta.<\/li>\n<li><a href=\"https:\/\/www.inabafoods.com\" target=\"_blank\" rel=\"noopener\">Churu Chicken Kitten maiuspalad sisaldavad palju niiskust, mis on oluline kassi hea tervise ja heaolu jaoks.<\/a>.<\/li>\n<li>Toetab aju arengut: kala\u00f5lis sisalduv DHA toetab aju ja n\u00e4gemise arengut, samas kui EPA toetab tervislikku kasvu ja immuunsust.<\/li>\n<li>Tauriin ja E-vitamiin: Tauriin on oluline aminohape, mis aitab kassipoegadel s\u00e4ilitada normaalset n\u00e4gemist, s\u00fcdame- ja n\u00e4rvifunktsiooni. E-vitamiin toimib antioks\u00fcdandina.<\/li>\n<\/ul>","protected":false},"excerpt":{"rendered":"<p>Churu Chicken Kitten skan\u0117stuose yra daug dr\u0117gm\u0117s, kuri yra b\u016btina gerai ka\u010diuk\u0173 sveikatai. Praturtinta Omega 3 ir 6 riebal\u0173 r\u016bg\u0161timis, kurios padeda palaikyti sveik\u0105 od\u0105 ir kail\u012f. Tyreli\u0173 sud\u0117tyje n\u0117ra gr\u016bd\u0173, konservant\u0173 ir dirbtini\u0173 da\u017eikli\u0173. Nekaloringas. Kremin\u0117 tekst\u016bra ir pikanti\u0161kas skonis. Be gr\u016bd\u0173, konservant\u0173 ir dirbtini\u0173 da\u017eikli\u0173. Pagaminta i\u0161 100% \u016bkyje u\u017eaugintos vi\u0161tienos. Interaktyvus b\u016bdas&#8230;<\/p>","protected":false},"featured_media":19505,"comment_status":"closed","ping_status":"closed","template":"","meta":{"_acf_changed":false,"slim_seo":{"title":"Churu Chicken Kitten skan\u0117stai ka\u010diukams 56 g - Zooprekes24","description":"Churu Chicken Kitten maiuspalad sisaldavad palju niiskust, mis on kassipoegade hea tervise jaoks v\u00e4ga oluline. Rikastatud Omega 3 ja 6 rasvhapetega, mis aitavad s\u00e4ilitada"},"iawp_total_views":144},"product_brand":[],"product_cat":[9027,9239,72,83,25,9018],"product_tag":[2008,2032],"class_list":{"0":"post-22357","1":"product","2":"type-product","3":"status-publish","4":"has-post-thumbnail","6":"product_cat-begrudis-maistas-kaciu-maistas","7":"product_cat-churu-katems","8":"product_cat-kaciu-maistas","9":"product_cat-kaciu-prekiu-gamintojai","10":"product_cat-katems","11":"product_cat-skanestai","12":"product_tag-kaciu-skanestai","13":"product_tag-skystas-kaciu-skanestas","14":"pa_pasaro-sudetis-vistiena","15":"pa_prekiu-zenklai-churu","17":"first","18":"outofstock","19":"taxable","20":"shipping-taxable","21":"purchasable","22":"product-type-simple"},"acf":[],"_links":{"self":[{"href":"https:\/\/zooprekes24.lt\/et\/wp-json\/wp\/v2\/product\/22357","targetHints":{"allow":["GET"]}}],"collection":[{"href":"https:\/\/zooprekes24.lt\/et\/wp-json\/wp\/v2\/product"}],"about":[{"href":"https:\/\/zooprekes24.lt\/et\/wp-json\/wp\/v2\/types\/product"}],"replies":[{"embeddable":true,"href":"https:\/\/zooprekes24.lt\/et\/wp-json\/wp\/v2\/comments?post=22357"}],"wp:featuredmedia":[{"embeddable":true,"href":"https:\/\/zooprekes24.lt\/et\/wp-json\/wp\/v2\/media\/19505"}],"wp:attachment":[{"href":"https:\/\/zooprekes24.lt\/et\/wp-json\/wp\/v2\/media?parent=22357"}],"wp:term":[{"taxonomy":"product_brand","embeddable":true,"href":"https:\/\/zooprekes24.lt\/et\/wp-json\/wp\/v2\/product_brand?post=22357"},{"taxonomy":"product_cat","embeddable":true,"href":"https:\/\/zooprekes24.lt\/et\/wp-json\/wp\/v2\/product_cat?post=22357"},{"taxonomy":"product_tag","embeddable":true,"href":"https:\/\/zooprekes24.lt\/et\/wp-json\/wp\/v2\/product_tag?post=22357"}],"curies":[{"name":"wp","href":"https:\/\/api.w.org\/{rel}","templated":true}]}}